{"id":3184,"date":"2025-08-03T15:49:23","date_gmt":"2025-08-03T13:49:23","guid":{"rendered":"https:\/\/fts.you2.pl\/index.php\/produkt\/koszulka-pilkarska-niemcy-2008-10-home-l\/"},"modified":"2025-09-19T17:25:22","modified_gmt":"2025-09-19T15:25:22","slug":"koszulka-pilkarska-niemcy-2008-10-home-l","status":"publish","type":"product","link":"https:\/\/fts.you2.pl\/en\/koszulka-pilkarska-niemcy-2008-10-home-l\/","title":{"rendered":"Koszulka pi\u0142karska Niemcy 2008\/10 Home [L]"},"content":{"rendered":"<p><strong>Klub:<\/strong> Niemcy<\/p>\n<p><strong>Sezon:<\/strong> 2008\/10 Home<\/p>\n<p><strong>Rozmiar: <\/strong>L<\/p>\n<p><strong>Stan:<\/strong> Dobry &#8211; kilka mikro plamek.<\/p>\n<p><strong>Wymiary (szeroko\u015b\u0107 pod pachami\/d\u0142ugo\u015b\u0107) w cm: <\/strong>58\/80<\/p>","protected":false},"excerpt":{"rendered":"<p><strong data-start=\"0\" data-end=\"108\" data-is-only-node=\"\">Oryginalna koszulka pi\u0142karska reprezentacji Niemiec z lat 2008\u20132010 w wersji domowej \u2013 produkcji Adidas.<\/strong><\/p>\n<p><br data-start=\"108\" data-end=\"111\" \/>Ta <strong data-start=\"114\" data-end=\"166\">oryginalna domowa koszulka reprezentacji Niemiec<\/strong> z lat <strong data-start=\"173\" data-end=\"186\">2008\u20132010<\/strong> to oficjalny model wyprodukowany przez <strong data-start=\"226\" data-end=\"237\">Adidasa<\/strong>, noszony przez kadr\u0119 podczas <strong data-start=\"267\" data-end=\"280\">Euro 2008<\/strong> oraz eliminacji do <strong data-start=\"300\" data-end=\"326\">Mistrzostw \u015awiata 2010<\/strong>. Utrzymana w klasycznej <strong data-start=\"351\" data-end=\"373\">bia\u0142ej kolorystyce<\/strong> z czarnymi detalami, koszulka zawiera <strong data-start=\"412\" data-end=\"434\">haftowany herb DFB<\/strong>, trzy gwiazdki symbolizuj\u0105ce mistrzostwa \u015bwiata oraz logo Adidasa i charakterystyczne paski na ramionach. Model \u0142\u0105czy <strong data-start=\"553\" data-end=\"572\">nowoczesny kr\u00f3j<\/strong> z nawi\u0105zaniem do niemieckiej tradycji pi\u0142karskiej i \u015bwietnie sprawdza si\u0119 zar\u00f3wno jako element kolekcji, jak i codzienna odzie\u017c dla fan\u00f3w <strong data-start=\"711\" data-end=\"729\">Die Mannschaft<\/strong>.<\/p>","protected":false},"featured_media":15116,"template":"","meta":{"_kad_blocks_custom_css":"","_kad_blocks_head_custom_js":"","_kad_blocks_body_custom_js":"","_kad_blocks_footer_custom_js":"","_kad_post_transparent":"","_kad_post_title":"","_kad_post_layout":"","_kad_post_sidebar_id":"","_kad_post_content_style":"","_kad_post_vertical_padding":"","_kad_post_feature":"","_kad_post_feature_position":"","_kad_post_header":false,"_kad_post_footer":false},"product_brand":[45],"product_cat":[23,143,22],"product_tag":[],"class_list":{"0":"post-3184","1":"product","2":"type-product","3":"status-publish","4":"has-post-thumbnail","6":"product_brand-adidas","7":"product_cat-europa","8":"product_cat-niemcy","9":"product_cat-reprezentacje","10":"pa_rozmiar-l","12":"first","13":"instock","14":"taxable","15":"shipping-taxable","16":"purchasable","17":"product-type-simple","18":"entry","19":"content-bg","20":"loop-entry"},"taxonomy_info":{"product_brand":[{"value":45,"label":"Adidas"}],"product_cat":[{"value":23,"label":"Europa"},{"value":143,"label":"Niemcy"},{"value":22,"label":"REPREZENTACJE"}],"pa_rozmiar":[{"value":39,"label":"L"}]},"featured_image_src_large":["https:\/\/fts.you2.pl\/wp-content\/uploads\/2025\/09\/Photoroom_004_20250801_191221-1024x1024.png",1024,1024,true],"author_info":[],"comment_info":"","_links":{"self":[{"href":"https:\/\/fts.you2.pl\/en\/wp-json\/wp\/v2\/product\/3184","targetHints":{"allow":["GET"]}}],"collection":[{"href":"https:\/\/fts.you2.pl\/en\/wp-json\/wp\/v2\/product"}],"about":[{"href":"https:\/\/fts.you2.pl\/en\/wp-json\/wp\/v2\/types\/product"}],"wp:featuredmedia":[{"embeddable":true,"href":"https:\/\/fts.you2.pl\/en\/wp-json\/wp\/v2\/media\/15116"}],"wp:attachment":[{"href":"https:\/\/fts.you2.pl\/en\/wp-json\/wp\/v2\/media?parent=3184"}],"wp:term":[{"taxonomy":"product_brand","embeddable":true,"href":"https:\/\/fts.you2.pl\/en\/wp-json\/wp\/v2\/product_brand?post=3184"},{"taxonomy":"product_cat","embeddable":true,"href":"https:\/\/fts.you2.pl\/en\/wp-json\/wp\/v2\/product_cat?post=3184"},{"taxonomy":"product_tag","embeddable":true,"href":"https:\/\/fts.you2.pl\/en\/wp-json\/wp\/v2\/product_tag?post=3184"}],"curies":[{"name":"wp","href":"https:\/\/api.w.org\/{rel}","templated":true}]}}