{"id":3189,"date":"2025-08-10T15:56:36","date_gmt":"2025-08-10T13:56:36","guid":{"rendered":"https:\/\/fts.you2.pl\/index.php\/produkt\/kurtka-treningowa-manchester-united-2022-23-m\/"},"modified":"2025-09-19T17:27:46","modified_gmt":"2025-09-19T15:27:46","slug":"kurtka-treningowa-manchester-united-2022-23-m","status":"publish","type":"product","link":"https:\/\/fts.you2.pl\/en\/kurtka-treningowa-manchester-united-2022-23-m\/","title":{"rendered":"Kurtka treningowa Manchester United 2022\/23 [M]"},"content":{"rendered":"<p><strong>Klub:<\/strong> Manchester United<\/p>\n<p><strong>Sezon:<\/strong> 2022\/23<\/p>\n<p><strong>Rozmiar: <\/strong>M<\/p>\n<p><strong>Stan:<\/strong> Doskona\u0142y<\/p>\n<p><strong>Wymiary (szeroko\u015b\u0107 pod pachami\/d\u0142ugo\u015b\u0107) w cm: <\/strong>57\/73<\/p>","protected":false},"excerpt":{"rendered":"<article class=\"text-token-text-primary w-full focus:outline-none scroll-mt-[calc(var(--header-height)+min(200px,max(70px,20svh)))]\" dir=\"auto\" tabindex=\"-1\" data-turn-id=\"request-6889f6f2-4b18-832f-a18d-67852bf3e672-8\" data-testid=\"conversation-turn-150\" data-scroll-anchor=\"true\" data-turn=\"assistant\">\n<div class=\"text-base my-auto mx-auto pb-10 [--thread-content-margin:--spacing(4)] @[37rem]:[--thread-content-margin:--spacing(6)] @[72rem]:[--thread-content-margin:--spacing(16)] px-(--thread-content-margin)\">\n<div class=\"[--thread-content-max-width:32rem] @[34rem]:[--thread-content-max-width:40rem] @[64rem]:[--thread-content-max-width:48rem] mx-auto max-w-(--thread-content-max-width) flex-1 group\/turn-messages focus-visible:outline-hidden relative flex w-full min-w-0 flex-col agent-turn\" tabindex=\"-1\">\n<div class=\"flex max-w-full flex-col grow\">\n<div class=\"min-h-8 text-message relative flex w-full flex-col items-end gap-2 text-start break-words whitespace-normal [.text-message+&amp;]:mt-5\" dir=\"auto\" data-message-author-role=\"assistant\" data-message-id=\"3ee01c27-50a7-4c7c-b321-bebbc499208f\" data-message-model-slug=\"gpt-4o\">\n<div class=\"flex w-full flex-col gap-1 empty:hidden first:pt-[3px]\">\n<div class=\"markdown prose dark:prose-invert w-full break-words light markdown-new-styling\">\n<p data-start=\"0\" data-end=\"91\"><strong data-start=\"0\" data-end=\"89\">Oryginalna kurtka treningowa Manchesteru United z sezonu 2022\/23 \u2013 produkcji Adidasa.<\/strong><\/p>\n<p data-start=\"93\" data-end=\"524\">Ta <strong data-start=\"96\" data-end=\"164\">oryginalna kurtka treningowa Manchesteru United z sezonu 2022\/23<\/strong>, wyprodukowana przez <strong data-start=\"186\" data-end=\"197\">Adidasa<\/strong>, to oficjalny element kolekcji treningowej \u201eCzerwonych Diab\u0142\u00f3w\u201d, \u0142\u0105cz\u0105cy nowoczesny design z funkcjonalno\u015bci\u0105 i klubow\u0105 to\u017csamo\u015bci\u0105. Utrzymana w <strong data-start=\"343\" data-end=\"373\">eleganckim czarnym kolorze<\/strong>, zosta\u0142a wzbogacona o <strong data-start=\"396\" data-end=\"416\">czerwone akcenty<\/strong> w postaci <strong data-start=\"427\" data-end=\"454\">haftowanego herbu klubu<\/strong> oraz <strong data-start=\"460\" data-end=\"497\">ikonicznych trzech pask\u00f3w Adidasa<\/strong> biegn\u0105cych wzd\u0142u\u017c r\u0119kaw\u00f3w.<\/p>\n<p data-start=\"526\" data-end=\"869\">Model posiada <strong data-start=\"540\" data-end=\"568\">pe\u0142ny zamek b\u0142yskawiczny<\/strong>, a tak\u017ce <strong data-start=\"606\" data-end=\"626\">boczne kieszenie<\/strong>, co czyni go praktycznym zar\u00f3wno podczas trening\u00f3w, jak i na co dzie\u0144. Wykonana z lekkiego i oddychaj\u0105cego materia\u0142u, kurtka zapewnia <strong data-start=\"789\" data-end=\"833\">odprowadzanie wilgoci i komfort noszenia<\/strong> niezale\u017cnie od warunk\u00f3w pogodowych.<\/p>\n<p data-start=\"871\" data-end=\"1208\">W sezonie 2022\/23 Manchester United \u2013 prowadzony przez <strong data-start=\"926\" data-end=\"944\">Erika ten Haga<\/strong> \u2013 notowa\u0142 solidne wyniki w krajowych i europejskich rozgrywkach, prezentuj\u0105c ofensywny styl gry. Zawodnicy tacy jak <strong data-start=\"1061\" data-end=\"1129\">Bruno Fernandes, Marcus Rashford, Casemiro czy Lisandro Mart\u00ednez<\/strong> regularnie korzystali z tej odzie\u017cy treningowej podczas przygotowa\u0144 do mecz\u00f3w.<\/p>\n<p data-start=\"1210\" data-end=\"1456\" data-is-last-node=\"\" data-is-only-node=\"\">Kurtka ta to idealny wyb\u00f3r dla fan\u00f3w Manchesteru United, kt\u00f3rzy ceni\u0105 sobie <strong data-start=\"1286\" data-end=\"1341\">wysok\u0105 jako\u015b\u0107 wykonania, wygod\u0119 i nowoczesny wygl\u0105d<\/strong> z wyra\u017anym klubowym akcentem. Doskonale sprawdzi si\u0119 zar\u00f3wno na boisku, trybunach, jak i w codziennym u\u017cytkowaniu.<\/p>\n<\/div>\n<\/div>\n<\/div>\n<\/div>\n<\/div>\n<\/div>\n<\/article>\n<div class=\"pointer-events-none h-px w-px\" aria-hidden=\"true\" data-edge=\"true\"><\/div>","protected":false},"featured_media":15159,"template":"","meta":{"_kad_blocks_custom_css":"","_kad_blocks_head_custom_js":"","_kad_blocks_body_custom_js":"","_kad_blocks_footer_custom_js":"","_kad_post_transparent":"","_kad_post_title":"","_kad_post_layout":"","_kad_post_sidebar_id":"","_kad_post_content_style":"","_kad_post_vertical_padding":"","_kad_post_feature":"","_kad_post_feature_position":"","_kad_post_header":false,"_kad_post_footer":false},"product_brand":[45],"product_cat":[25,32,31,26,133],"product_tag":[],"class_list":{"0":"post-3189","1":"product","2":"type-product","3":"status-publish","4":"has-post-thumbnail","6":"product_brand-adidas","7":"product_cat-inne","8":"product_cat-kluby-angielskie","9":"product_cat-kluby-europejskie","10":"product_cat-kurtki-bluzy-trening","11":"product_cat-manchester-united","12":"pa_rozmiar-m","14":"first","15":"instock","16":"taxable","17":"shipping-taxable","18":"purchasable","19":"product-type-simple","20":"entry","21":"content-bg","22":"loop-entry"},"taxonomy_info":{"product_brand":[{"value":45,"label":"Adidas"}],"product_cat":[{"value":25,"label":"Inne"},{"value":32,"label":"Kluby Angielskie"},{"value":31,"label":"Kluby Europejskie"},{"value":26,"label":"Kurtki\/bluzy\/trening"},{"value":133,"label":"Manchester United"}],"pa_rozmiar":[{"value":28,"label":"M"}]},"featured_image_src_large":["https:\/\/fts.you2.pl\/wp-content\/uploads\/2025\/09\/Photoroom_051_20250806_092728-1024x1024.png",1024,1024,true],"author_info":[],"comment_info":"","_links":{"self":[{"href":"https:\/\/fts.you2.pl\/en\/wp-json\/wp\/v2\/product\/3189","targetHints":{"allow":["GET"]}}],"collection":[{"href":"https:\/\/fts.you2.pl\/en\/wp-json\/wp\/v2\/product"}],"about":[{"href":"https:\/\/fts.you2.pl\/en\/wp-json\/wp\/v2\/types\/product"}],"wp:featuredmedia":[{"embeddable":true,"href":"https:\/\/fts.you2.pl\/en\/wp-json\/wp\/v2\/media\/15159"}],"wp:attachment":[{"href":"https:\/\/fts.you2.pl\/en\/wp-json\/wp\/v2\/media?parent=3189"}],"wp:term":[{"taxonomy":"product_brand","embeddable":true,"href":"https:\/\/fts.you2.pl\/en\/wp-json\/wp\/v2\/product_brand?post=3189"},{"taxonomy":"product_cat","embeddable":true,"href":"https:\/\/fts.you2.pl\/en\/wp-json\/wp\/v2\/product_cat?post=3189"},{"taxonomy":"product_tag","embeddable":true,"href":"https:\/\/fts.you2.pl\/en\/wp-json\/wp\/v2\/product_tag?post=3189"}],"curies":[{"name":"wp","href":"https:\/\/api.w.org\/{rel}","templated":true}]}}