{"id":3191,"date":"2025-08-10T15:56:35","date_gmt":"2025-08-10T13:56:35","guid":{"rendered":"https:\/\/fts.you2.pl\/index.php\/produkt\/bluza-rozpinana-manchester-united-2016-17-m\/"},"modified":"2025-09-19T17:28:47","modified_gmt":"2025-09-19T15:28:47","slug":"bluza-rozpinana-manchester-united-2016-17-m","status":"publish","type":"product","link":"https:\/\/fts.you2.pl\/en\/bluza-rozpinana-manchester-united-2016-17-m\/","title":{"rendered":"Bluza rozpinana Manchester United 2016\/17 [M]"},"content":{"rendered":"<p><strong>Klub:<\/strong> Manchester United<\/p>\n<p><strong>Sezon:<\/strong> 2016\/17<\/p>\n<p><strong>Rozmiar: <\/strong>M<\/p>\n<p><strong>Stan:<\/strong> Doskona\u0142y<\/p>\n<p><strong>Wymiary (szeroko\u015b\u0107 pod pachami\/d\u0142ugo\u015b\u0107) w cm: <\/strong>54\/70<\/p>","protected":false},"excerpt":{"rendered":"<p data-start=\"0\" data-end=\"100\"><strong data-start=\"0\" data-end=\"98\">Oryginalna bawe\u0142niana bluza rozpinana Manchesteru United z sezonu 2016\/17 \u2013 produkcji Adidasa.<\/strong><\/p>\n<p data-start=\"102\" data-end=\"539\">Ta <strong data-start=\"105\" data-end=\"171\">bawe\u0142niana bluza rozpinana Manchesteru United z sezonu 2016\/17<\/strong>, wyprodukowana przez <strong data-start=\"193\" data-end=\"204\">Adidasa<\/strong>, to oficjalny element klubowej kolekcji lifestyle\u2019owej, kt\u00f3ry \u0142\u0105czy w sobie <strong data-start=\"281\" data-end=\"326\">sportowy styl, wygod\u0119 i klubow\u0105 to\u017csamo\u015b\u0107<\/strong>. Utrzymana w charakterystycznych dla klubu barwach \u2013 <strong data-start=\"380\" data-end=\"414\">intensywnej czerwieni i czerni<\/strong>, zosta\u0142a dodatkowo ozdobiona <strong data-start=\"444\" data-end=\"482\">bia\u0142ymi trzema paskami na r\u0119kawach<\/strong>, b\u0119d\u0105cymi znakiem rozpoznawczym niemieckiego producenta.<\/p>\n<p data-start=\"541\" data-end=\"1022\">Model posiada <strong data-start=\"555\" data-end=\"583\">pe\u0142ny zamek b\u0142yskawiczny<\/strong>, oraz <strong data-start=\"610\" data-end=\"651\">\u015bci\u0105gacze w mankietach i u do\u0142u bluzy<\/strong>, co zapewnia dobre dopasowanie i ochron\u0119 przed ch\u0142odem. Na piersi umieszczono <strong data-start=\"730\" data-end=\"767\">haftowany herb Manchesteru United<\/strong> oraz logo <strong data-start=\"778\" data-end=\"789\">Adidasa<\/strong>, dzi\u0119ki czemu ca\u0142o\u015b\u0107 prezentuje si\u0119 nowocze\u015bnie, ale jednocze\u015bnie klasycznie. Bluza wykonana jest z mi\u0119kkiej, przyjemnej w dotyku <strong data-start=\"920\" data-end=\"931\">bawe\u0142ny<\/strong>, kt\u00f3ra gwarantuje komfort zar\u00f3wno podczas noszenia na co dzie\u0144, jak i w drodze na stadion.<\/p>\n<p data-start=\"1024\" data-end=\"1301\">W sezonie 2016\/17, pod wodz\u0105 <strong data-start=\"1053\" data-end=\"1070\">Jos\u00e9 Mourinho<\/strong>, Manchester United si\u0119gn\u0105\u0142 po <strong data-start=\"1101\" data-end=\"1163\">Puchar Ligi Angielskiej, Tarcz\u0119 Wsp\u00f3lnoty oraz Lig\u0119 Europy<\/strong>, a barwy klubu reprezentowali tacy pi\u0142karze jak <strong data-start=\"1212\" data-end=\"1275\">Zlatan Ibrahimovi\u0107, Paul Pogba, Ander Herrera, David De Gea<\/strong> i <strong data-start=\"1278\" data-end=\"1300\">Henrikh Mkhitaryan<\/strong>.<\/p>\n<p data-start=\"1303\" data-end=\"1572\" data-is-last-node=\"\" data-is-only-node=\"\">Ta bluza to doskona\u0142y wyb\u00f3r dla kibic\u00f3w, kt\u00f3rzy szukaj\u0105 <strong data-start=\"1359\" data-end=\"1417\">stylowego, wygodnego i praktycznego elementu garderoby<\/strong>, b\u0119d\u0105cego jednocze\u015bnie <strong data-start=\"1441\" data-end=\"1487\">wyrazem przywi\u0105zania do Manchesteru United<\/strong>. Idealna na co dzie\u0144, do noszenia przez ca\u0142y rok \u2013 klasyk z sezonu pe\u0142nego sukces\u00f3w.<\/p>","protected":false},"featured_media":15176,"template":"","meta":{"_kad_blocks_custom_css":"","_kad_blocks_head_custom_js":"","_kad_blocks_body_custom_js":"","_kad_blocks_footer_custom_js":"","_kad_post_transparent":"","_kad_post_title":"","_kad_post_layout":"","_kad_post_sidebar_id":"","_kad_post_content_style":"","_kad_post_vertical_padding":"","_kad_post_feature":"","_kad_post_feature_position":"","_kad_post_header":false,"_kad_post_footer":false},"product_brand":[45],"product_cat":[25,32,31,26,133],"product_tag":[],"class_list":{"0":"post-3191","1":"product","2":"type-product","3":"status-publish","4":"has-post-thumbnail","6":"product_brand-adidas","7":"product_cat-inne","8":"product_cat-kluby-angielskie","9":"product_cat-kluby-europejskie","10":"product_cat-kurtki-bluzy-trening","11":"product_cat-manchester-united","12":"pa_rozmiar-m","14":"first","15":"instock","16":"taxable","17":"shipping-taxable","18":"purchasable","19":"product-type-simple","20":"entry","21":"content-bg","22":"loop-entry"},"taxonomy_info":{"product_brand":[{"value":45,"label":"Adidas"}],"product_cat":[{"value":25,"label":"Inne"},{"value":32,"label":"Kluby Angielskie"},{"value":31,"label":"Kluby Europejskie"},{"value":26,"label":"Kurtki\/bluzy\/trening"},{"value":133,"label":"Manchester United"}],"pa_rozmiar":[{"value":28,"label":"M"}]},"featured_image_src_large":["https:\/\/fts.you2.pl\/wp-content\/uploads\/2025\/09\/Photoroom_047_20250806_092728-1024x1024.png",1024,1024,true],"author_info":[],"comment_info":"","_links":{"self":[{"href":"https:\/\/fts.you2.pl\/en\/wp-json\/wp\/v2\/product\/3191","targetHints":{"allow":["GET"]}}],"collection":[{"href":"https:\/\/fts.you2.pl\/en\/wp-json\/wp\/v2\/product"}],"about":[{"href":"https:\/\/fts.you2.pl\/en\/wp-json\/wp\/v2\/types\/product"}],"wp:featuredmedia":[{"embeddable":true,"href":"https:\/\/fts.you2.pl\/en\/wp-json\/wp\/v2\/media\/15176"}],"wp:attachment":[{"href":"https:\/\/fts.you2.pl\/en\/wp-json\/wp\/v2\/media?parent=3191"}],"wp:term":[{"taxonomy":"product_brand","embeddable":true,"href":"https:\/\/fts.you2.pl\/en\/wp-json\/wp\/v2\/product_brand?post=3191"},{"taxonomy":"product_cat","embeddable":true,"href":"https:\/\/fts.you2.pl\/en\/wp-json\/wp\/v2\/product_cat?post=3191"},{"taxonomy":"product_tag","embeddable":true,"href":"https:\/\/fts.you2.pl\/en\/wp-json\/wp\/v2\/product_tag?post=3191"}],"curies":[{"name":"wp","href":"https:\/\/api.w.org\/{rel}","templated":true}]}}