{"id":3197,"date":"2025-08-10T15:56:28","date_gmt":"2025-08-10T13:56:28","guid":{"rendered":"https:\/\/fts.you2.pl\/index.php\/produkt\/koszulka-pilkarska-manchester-united-1992-94-home-xl\/"},"modified":"2025-09-19T17:31:18","modified_gmt":"2025-09-19T15:31:18","slug":"koszulka-pilkarska-manchester-united-1992-94-home-xl","status":"publish","type":"product","link":"https:\/\/fts.you2.pl\/en\/koszulka-pilkarska-manchester-united-1992-94-home-xl\/","title":{"rendered":"Koszulka pi\u0142karska Manchester United 1992\/94 Home [XL]"},"content":{"rendered":"<p><strong>Klub:<\/strong> Manchester United<\/p>\n<p><strong>Sezon:<\/strong> 1992\/94 Home<\/p>\n<p><strong>Rozmiar: <\/strong>XL<\/p>\n<p><strong>Stan:<\/strong> S\u0142aby &#8211; kilka wyra\u017anych plamek na froncie oraz wyst\u0119puj\u0105ce gdzieniegdzie niewielkie zaci\u0105gni\u0119cia.<\/p>\n<p><strong>Wymiary (szeroko\u015b\u0107 pod pachami\/d\u0142ugo\u015b\u0107) w cm: <\/strong>59\/75<\/p>","protected":false},"excerpt":{"rendered":"<p data-start=\"0\" data-end=\"121\"><strong data-start=\"0\" data-end=\"119\">Oryginalna domowa koszulka Manchesteru United z lat 1992\u20131994 \u2013 produkcji Umbro, z ko\u0142nierzykiem i sponsorem Sharp.<\/strong><\/p>\n<p data-start=\"123\" data-end=\"459\">Ta <strong data-start=\"126\" data-end=\"184\">oryginalna koszulka Manchesteru United z lat 1992\u20131994<\/strong>, wyprodukowana przez <strong data-start=\"206\" data-end=\"215\">Umbro<\/strong>, to jeden z najbardziej rozpoznawalnych i kultowych modeli w historii klubu. Noszona na pocz\u0105tku ery Premier League, sta\u0142a si\u0119 ikon\u0105 nie tylko dla fan\u00f3w \u201eCzerwonych Diab\u0142\u00f3w\u201d, ale r\u00f3wnie\u017c dla kolekcjoner\u00f3w koszulek pi\u0142karskich na ca\u0142ym \u015bwiecie.<\/p>\n<p data-start=\"461\" data-end=\"905\">Utrzymana w klasycznej <strong data-start=\"484\" data-end=\"497\">czerwieni<\/strong>, koszulka wyr\u00f3\u017cnia si\u0119 eleganckim <strong data-start=\"532\" data-end=\"556\">bia\u0142ym ko\u0142nierzykiem,<\/strong> z miejscem na <strong data-start=\"594\" data-end=\"608\">sznureczek<\/strong> \u2013 detalem typowym dla wczesnych lat 90. Ca\u0142o\u015b\u0107 dope\u0142nia <strong data-start=\"665\" data-end=\"693\">legendarny sponsor Sharp<\/strong> na froncie oraz<strong data-start=\"710\" data-end=\"743\">\u00a0herb Manchesteru United<\/strong> osadzony w tarczy z napisem \u201eUmbro\u201d. Tkanina posiada charakterystyczny, t\u0142oczony wz\u00f3r z herbami klubowymi i nazw\u0105 producenta, co podkre\u015bla estetyk\u0119 tamtej epoki.<\/p>\n<p data-start=\"907\" data-end=\"1259\">To w\u0142a\u015bnie w tej koszulce podopieczni <strong data-start=\"945\" data-end=\"968\">sir Alexa Fergusona<\/strong> si\u0119gn\u0119li po <strong data-start=\"981\" data-end=\"1038\">pierwsze mistrzostwo Premier League w sezonie 1992\/93<\/strong> oraz obronili tytu\u0142 w <strong data-start=\"1061\" data-end=\"1080\">sezonie 1993\/94<\/strong>, tworz\u0105c fundamenty pod z\u0142ot\u0105 er\u0119 klubu. Na boisku b\u0142yszczeli wtedy tacy zawodnicy jak <strong data-start=\"1168\" data-end=\"1233\">Eric Cantona, Ryan Giggs, Mark Hughes, Paul Ince, Steve Bruce<\/strong> i m\u0142ody <strong data-start=\"1242\" data-end=\"1258\">Gary Neville<\/strong>.<\/p>\n<p data-start=\"1261\" data-end=\"1618\" data-is-last-node=\"\" data-is-only-node=\"\">Dzi\u0119ki po\u0142\u0105czeniu <strong data-start=\"1279\" data-end=\"1352\">retro designu, historycznego znaczenia i doskona\u0142ej jako\u015bci wykonania<\/strong>, ten model jest dzi\u015b jedn\u0105 z najbardziej po\u017c\u0105danych klasycznych koszulek Manchesteru United. To <strong data-start=\"1449\" data-end=\"1509\">autentyczny symbol narodzin wsp\u00f3\u0142czesnej dominacji klubu<\/strong>, kt\u00f3ry wci\u0105\u017c zachwyca swoj\u0105 estetyk\u0105 i klimatem lat 90. \u2013 idealna pozycja dla ka\u017cdego fana lub kolekcjonera.<\/p>","protected":false},"featured_media":15218,"template":"","meta":{"_kad_blocks_custom_css":"","_kad_blocks_head_custom_js":"","_kad_blocks_body_custom_js":"","_kad_blocks_footer_custom_js":"","_kad_post_transparent":"","_kad_post_title":"","_kad_post_layout":"","_kad_post_sidebar_id":"","_kad_post_content_style":"","_kad_post_vertical_padding":"","_kad_post_feature":"","_kad_post_feature_position":"","_kad_post_header":false,"_kad_post_footer":false},"product_brand":[21],"product_cat":[32,31,133],"product_tag":[],"class_list":{"0":"post-3197","1":"product","2":"type-product","3":"status-publish","4":"has-post-thumbnail","6":"product_brand-umbro","7":"product_cat-kluby-angielskie","8":"product_cat-kluby-europejskie","9":"product_cat-manchester-united","10":"pa_rozmiar-xl","12":"first","13":"instock","14":"taxable","15":"shipping-taxable","16":"purchasable","17":"product-type-simple","18":"entry","19":"content-bg","20":"loop-entry"},"taxonomy_info":{"product_brand":[{"value":21,"label":"Umbro"}],"product_cat":[{"value":32,"label":"Kluby Angielskie"},{"value":31,"label":"Kluby Europejskie"},{"value":133,"label":"Manchester United"}],"pa_rozmiar":[{"value":57,"label":"XL"}]},"featured_image_src_large":["https:\/\/fts.you2.pl\/wp-content\/uploads\/2025\/09\/Photoroom_057_20250806_092728-1024x1024.png",1024,1024,true],"author_info":[],"comment_info":"","_links":{"self":[{"href":"https:\/\/fts.you2.pl\/en\/wp-json\/wp\/v2\/product\/3197","targetHints":{"allow":["GET"]}}],"collection":[{"href":"https:\/\/fts.you2.pl\/en\/wp-json\/wp\/v2\/product"}],"about":[{"href":"https:\/\/fts.you2.pl\/en\/wp-json\/wp\/v2\/types\/product"}],"wp:featuredmedia":[{"embeddable":true,"href":"https:\/\/fts.you2.pl\/en\/wp-json\/wp\/v2\/media\/15218"}],"wp:attachment":[{"href":"https:\/\/fts.you2.pl\/en\/wp-json\/wp\/v2\/media?parent=3197"}],"wp:term":[{"taxonomy":"product_brand","embeddable":true,"href":"https:\/\/fts.you2.pl\/en\/wp-json\/wp\/v2\/product_brand?post=3197"},{"taxonomy":"product_cat","embeddable":true,"href":"https:\/\/fts.you2.pl\/en\/wp-json\/wp\/v2\/product_cat?post=3197"},{"taxonomy":"product_tag","embeddable":true,"href":"https:\/\/fts.you2.pl\/en\/wp-json\/wp\/v2\/product_tag?post=3197"}],"curies":[{"name":"wp","href":"https:\/\/api.w.org\/{rel}","templated":true}]}}