{"id":3202,"date":"2025-08-10T15:56:24","date_gmt":"2025-08-10T13:56:24","guid":{"rendered":"https:\/\/fts.you2.pl\/index.php\/produkt\/koszulka-pilkarska-manchester-united-2018-19-third-s\/"},"modified":"2025-09-19T17:33:52","modified_gmt":"2025-09-19T15:33:52","slug":"koszulka-pilkarska-manchester-united-2018-19-third-s","status":"publish","type":"product","link":"https:\/\/fts.you2.pl\/en\/koszulka-pilkarska-manchester-united-2018-19-third-s\/","title":{"rendered":"Koszulka pi\u0142karska Manchester United 2018\/19 Third [S]"},"content":{"rendered":"<p><strong>Klub:<\/strong> Manchester United<\/p>\n<p><strong>Sezon:<\/strong> 2018\/19 Third<\/p>\n<p><strong>Rozmiar: <\/strong>S<\/p>\n<p><strong>Stan:<\/strong> Bardzo dobry &#8211; nadruk 'Chevrolet&#8217; jest klej\u0105cy, nie przeszkadza to w codziennym u\u017cytkowaniu.<\/p>\n<p><strong>Wymiary (szeroko\u015b\u0107 pod pachami\/d\u0142ugo\u015b\u0107) w cm: <\/strong>46\/69<\/p>","protected":false},"excerpt":{"rendered":"<p data-start=\"0\" data-end=\"121\"><strong data-start=\"0\" data-end=\"119\">Oryginalna trzecia koszulka Manchesteru United z sezonu 2018\/19 \u2013 produkcji Adidasa, z serii Parley for the Oceans.<\/strong><\/p>\n<p data-start=\"123\" data-end=\"525\">Ta <strong data-start=\"126\" data-end=\"193\">oryginalna trzecia koszulka Manchesteru United z sezonu 2018\/19<\/strong>, wyprodukowana przez <strong data-start=\"215\" data-end=\"226\">Adidasa<\/strong>, to wyj\u0105tkowy model z innowacyjnej serii <strong data-start=\"268\" data-end=\"293\">Parley for the Oceans<\/strong>, stworzonej z my\u015bl\u0105 o ochronie \u015brodowiska. Koszulka zosta\u0142a wykonana z przetworzonych odpad\u00f3w plastikowych zebranych z wybrze\u017cy, co czyni j\u0105 nie tylko symbolem nowoczesnego futbolu, ale r\u00f3wnie\u017c <strong data-start=\"488\" data-end=\"524\">\u015bwiadomego podej\u015bcia do ekologii<\/strong>.<\/p>\n<p data-start=\"527\" data-end=\"899\">Utrzymana w <strong data-start=\"539\" data-end=\"570\">g\u0142\u0119bokim granatowym kolorze<\/strong>, koszulka wyr\u00f3\u017cnia si\u0119 <strong data-start=\"594\" data-end=\"636\">delikatnym wzorem na ca\u0142ej powierzchni<\/strong>, kt\u00f3ry nadaje jej eleganckiego i nowoczesnego wygl\u0105du. Kontrastowe <strong data-start=\"704\" data-end=\"720\">z\u0142ote detale<\/strong> \u2013 logo <strong data-start=\"728\" data-end=\"739\">Adidasa<\/strong>, herb <strong data-start=\"746\" data-end=\"768\">Manchesteru United<\/strong> oraz logotyp sponsora <strong data-start=\"791\" data-end=\"804\">Chevrolet<\/strong> \u2013 podkre\u015blaj\u0105 jej presti\u017cowy charakter i wyj\u0105tkowo\u015b\u0107 na tle innych komplet\u00f3w z tamtego sezonu.<\/p>\n<p data-start=\"901\" data-end=\"1198\">Koszulka zosta\u0142a stworzona w technologii <strong data-start=\"942\" data-end=\"955\">climalite<\/strong>, co zapewnia <strong data-start=\"969\" data-end=\"1042\">wysoki komfort noszenia, oddychalno\u015b\u0107 i szybkie odprowadzanie wilgoci<\/strong>, zar\u00f3wno podczas gry, jak i w codziennym u\u017cytkowaniu. Dzi\u0119ki lekkiemu materia\u0142owi i dopracowanemu krojowi, model ten \u0142\u0105czy <strong data-start=\"1166\" data-end=\"1197\">estetyk\u0119 z funkcjonalno\u015bci\u0105<\/strong>.<\/p>\n<p data-start=\"1200\" data-end=\"1451\">W sezonie 2018\/19 Manchester United przechodzi\u0142 przez okres zmian \u2013 dru\u017cyn\u0119 prowadzi\u0142 najpierw <strong data-start=\"1295\" data-end=\"1312\">Jos\u00e9 Mourinho<\/strong>, a nast\u0119pnie <strong data-start=\"1326\" data-end=\"1349\">Ole Gunnar Solskj\u00e6r<\/strong>, a na boisku wyst\u0119powali m.in. <strong data-start=\"1381\" data-end=\"1426\">Paul Pogba, Marcus Rashford, David De Gea<\/strong> czy <strong data-start=\"1431\" data-end=\"1450\">Anthony Martial<\/strong>.<\/p>\n<p data-start=\"1453\" data-end=\"1742\" data-is-last-node=\"\" data-is-only-node=\"\">To koszulka, kt\u00f3ra zachwyca nie tylko wygl\u0105dem i jako\u015bci\u0105 wykonania, ale r\u00f3wnie\u017c <strong data-start=\"1534\" data-end=\"1601\">\u015bwiadomo\u015bci\u0105 ekologiczn\u0105 i innowacyjnym podej\u015bciem do produkcji<\/strong>. Idealna dla fan\u00f3w Manchesteru United, kt\u00f3rzy szukaj\u0105 <strong data-start=\"1656\" data-end=\"1706\">niebanalnego, stylowego i warto\u015bciowego modelu<\/strong> z kolekcji o wyj\u0105tkowym przes\u0142aniu.<\/p>","protected":false},"featured_media":15258,"template":"","meta":{"_kad_blocks_custom_css":"","_kad_blocks_head_custom_js":"","_kad_blocks_body_custom_js":"","_kad_blocks_footer_custom_js":"","_kad_post_transparent":"","_kad_post_title":"","_kad_post_layout":"","_kad_post_sidebar_id":"","_kad_post_content_style":"","_kad_post_vertical_padding":"","_kad_post_feature":"","_kad_post_feature_position":"","_kad_post_header":false,"_kad_post_footer":false},"product_brand":[45],"product_cat":[32,31,133],"product_tag":[],"class_list":{"0":"post-3202","1":"product","2":"type-product","3":"status-publish","4":"has-post-thumbnail","6":"product_brand-adidas","7":"product_cat-kluby-angielskie","8":"product_cat-kluby-europejskie","9":"product_cat-manchester-united","10":"pa_rozmiar-s","12":"first","13":"instock","14":"taxable","15":"shipping-taxable","16":"purchasable","17":"product-type-simple","18":"entry","19":"content-bg","20":"loop-entry"},"taxonomy_info":{"product_brand":[{"value":45,"label":"Adidas"}],"product_cat":[{"value":32,"label":"Kluby Angielskie"},{"value":31,"label":"Kluby Europejskie"},{"value":133,"label":"Manchester United"}],"pa_rozmiar":[{"value":19,"label":"S"}]},"featured_image_src_large":["https:\/\/fts.you2.pl\/wp-content\/uploads\/2025\/09\/Photoroom_053_20250806_092728-1024x1024.png",1024,1024,true],"author_info":[],"comment_info":"","_links":{"self":[{"href":"https:\/\/fts.you2.pl\/en\/wp-json\/wp\/v2\/product\/3202","targetHints":{"allow":["GET"]}}],"collection":[{"href":"https:\/\/fts.you2.pl\/en\/wp-json\/wp\/v2\/product"}],"about":[{"href":"https:\/\/fts.you2.pl\/en\/wp-json\/wp\/v2\/types\/product"}],"wp:featuredmedia":[{"embeddable":true,"href":"https:\/\/fts.you2.pl\/en\/wp-json\/wp\/v2\/media\/15258"}],"wp:attachment":[{"href":"https:\/\/fts.you2.pl\/en\/wp-json\/wp\/v2\/media?parent=3202"}],"wp:term":[{"taxonomy":"product_brand","embeddable":true,"href":"https:\/\/fts.you2.pl\/en\/wp-json\/wp\/v2\/product_brand?post=3202"},{"taxonomy":"product_cat","embeddable":true,"href":"https:\/\/fts.you2.pl\/en\/wp-json\/wp\/v2\/product_cat?post=3202"},{"taxonomy":"product_tag","embeddable":true,"href":"https:\/\/fts.you2.pl\/en\/wp-json\/wp\/v2\/product_tag?post=3202"}],"curies":[{"name":"wp","href":"https:\/\/api.w.org\/{rel}","templated":true}]}}