{"id":3203,"date":"2025-08-10T15:56:23","date_gmt":"2025-08-10T13:56:23","guid":{"rendered":"https:\/\/fts.you2.pl\/index.php\/produkt\/koszulka-pilkarska-manchester-united-2015-16-away-xl\/"},"modified":"2025-09-19T17:34:20","modified_gmt":"2025-09-19T15:34:20","slug":"koszulka-pilkarska-manchester-united-2015-16-away-xl","status":"publish","type":"product","link":"https:\/\/fts.you2.pl\/en\/koszulka-pilkarska-manchester-united-2015-16-away-xl\/","title":{"rendered":"Koszulka pi\u0142karska Manchester United 2015\/16 Away [XL]"},"content":{"rendered":"<p><strong>Klub:<\/strong> Manchester United<\/p>\n<p><strong>Sezon:<\/strong> 2015\/16 Away<\/p>\n<p><strong>Rozmiar: <\/strong>XL<\/p>\n<p><strong>Stan:<\/strong> Doskona\u0142y<\/p>\n<p><strong>Wymiary (szeroko\u015b\u0107 pod pachami\/d\u0142ugo\u015b\u0107) w cm: <\/strong>59\/76<\/p>","protected":false},"excerpt":{"rendered":"<p data-start=\"0\" data-end=\"92\"><strong data-start=\"0\" data-end=\"90\">Oryginalna wyjazdowa koszulka Manchesteru United z sezonu 2015\/16 \u2013 produkcji Adidasa.<\/strong><\/p>\n<p data-start=\"94\" data-end=\"439\">Ta <strong data-start=\"97\" data-end=\"166\">oryginalna wyjazdowa koszulka Manchesteru United z sezonu 2015\/16<\/strong>, wyprodukowana przez <strong data-start=\"188\" data-end=\"199\">Adidasa<\/strong>, to elegancki i minimalistyczny model, kt\u00f3ry odwo\u0142uje si\u0119 do klasyki klubowej stylistyki. By\u0142 to <strong data-start=\"297\" data-end=\"370\">pierwszy sezon po wznowieniu wsp\u00f3\u0142pracy Adidasa z Manchesterem United<\/strong>, co sprawia, \u017ce koszulka ta ma szczeg\u00f3lne znaczenie kolekcjonerskie.<\/p>\n<p data-start=\"441\" data-end=\"783\">Koszulka zosta\u0142a utrzymana w <strong data-start=\"470\" data-end=\"487\">czystej bieli<\/strong>, z wyrazistymi <strong data-start=\"503\" data-end=\"527\">czerwonymi akcentami<\/strong> \u2013 w tym z logo Adidasa, herbem Manchesteru United oraz sponsorem g\u0142\u00f3wnym <strong data-start=\"601\" data-end=\"614\">Chevrolet<\/strong> na froncie. Charakterystyczne <strong data-start=\"645\" data-end=\"668\">trzy czerwone paski<\/strong> biegn\u0105ce po ramionach dodaj\u0105 sportowego charakteru, a subtelne detale w dolnej cz\u0119\u015bci koszulki uzupe\u0142niaj\u0105 ca\u0142o\u015b\u0107.<\/p>\n<p data-start=\"785\" data-end=\"1051\">Wykonana w technologii <strong data-start=\"808\" data-end=\"821\">climacool<\/strong>, koszulka zapewnia <strong data-start=\"841\" data-end=\"890\">oddychalno\u015b\u0107, odprowadzanie wilgoci i lekko\u015b\u0107<\/strong>, co sprawia, \u017ce jest doskona\u0142a zar\u00f3wno do gry, jak i do codziennego noszenia. Jej design nawi\u0105zuje do stylu lat 80., nadaj\u0105c jej <strong data-start=\"1020\" data-end=\"1050\">retro-nowoczesny charakter<\/strong>.<\/p>\n<p data-start=\"1053\" data-end=\"1382\">W sezonie 2015\/16 w barwach Manchesteru United wyst\u0119powali m.in. <strong data-start=\"1118\" data-end=\"1192\">Wayne Rooney, Anthony Martial, Juan Mata, David De Gea i Memphis Depay<\/strong>, a zesp\u00f3\u0142 prowadzony by\u0142 przez <strong data-start=\"1224\" data-end=\"1244\">Louisa van Gaala<\/strong>. Koszulka by\u0142a \u015bwiadkiem rywalizacji na wielu frontach i jest symbolem pocz\u0105tku nowego rozdzia\u0142u w historii klubu pod skrzyd\u0142ami Adidasa.<\/p>\n<p data-start=\"1384\" data-end=\"1602\" data-is-last-node=\"\" data-is-only-node=\"\">To model, kt\u00f3ry \u0142\u0105czy <strong data-start=\"1406\" data-end=\"1430\">prostot\u0119 z elegancj\u0105<\/strong>, a jednocze\u015bnie nawi\u0105zuje do dziedzictwa Manchesteru United. Idealna propozycja dla fan\u00f3w, kt\u00f3rzy ceni\u0105 <strong data-start=\"1535\" data-end=\"1601\">czysty design, jako\u015b\u0107 wykonania i autentyczno\u015b\u0107 klubowych barw<\/strong>.<\/p>","protected":false},"featured_media":15268,"template":"","meta":{"_kad_blocks_custom_css":"","_kad_blocks_head_custom_js":"","_kad_blocks_body_custom_js":"","_kad_blocks_footer_custom_js":"","_kad_post_transparent":"","_kad_post_title":"","_kad_post_layout":"","_kad_post_sidebar_id":"","_kad_post_content_style":"","_kad_post_vertical_padding":"","_kad_post_feature":"","_kad_post_feature_position":"","_kad_post_header":false,"_kad_post_footer":false},"product_brand":[45],"product_cat":[32,31,133],"product_tag":[],"class_list":{"0":"post-3203","1":"product","2":"type-product","3":"status-publish","4":"has-post-thumbnail","6":"product_brand-adidas","7":"product_cat-kluby-angielskie","8":"product_cat-kluby-europejskie","9":"product_cat-manchester-united","10":"pa_rozmiar-xl","12":"first","13":"instock","14":"taxable","15":"shipping-taxable","16":"purchasable","17":"product-type-simple","18":"entry","19":"content-bg","20":"loop-entry"},"taxonomy_info":{"product_brand":[{"value":45,"label":"Adidas"}],"product_cat":[{"value":32,"label":"Kluby Angielskie"},{"value":31,"label":"Kluby Europejskie"},{"value":133,"label":"Manchester United"}],"pa_rozmiar":[{"value":57,"label":"XL"}]},"featured_image_src_large":["https:\/\/fts.you2.pl\/wp-content\/uploads\/2025\/09\/Photoroom_015_20250806_092728-1024x1024.png",1024,1024,true],"author_info":[],"comment_info":"","_links":{"self":[{"href":"https:\/\/fts.you2.pl\/en\/wp-json\/wp\/v2\/product\/3203","targetHints":{"allow":["GET"]}}],"collection":[{"href":"https:\/\/fts.you2.pl\/en\/wp-json\/wp\/v2\/product"}],"about":[{"href":"https:\/\/fts.you2.pl\/en\/wp-json\/wp\/v2\/types\/product"}],"wp:featuredmedia":[{"embeddable":true,"href":"https:\/\/fts.you2.pl\/en\/wp-json\/wp\/v2\/media\/15268"}],"wp:attachment":[{"href":"https:\/\/fts.you2.pl\/en\/wp-json\/wp\/v2\/media?parent=3203"}],"wp:term":[{"taxonomy":"product_brand","embeddable":true,"href":"https:\/\/fts.you2.pl\/en\/wp-json\/wp\/v2\/product_brand?post=3203"},{"taxonomy":"product_cat","embeddable":true,"href":"https:\/\/fts.you2.pl\/en\/wp-json\/wp\/v2\/product_cat?post=3203"},{"taxonomy":"product_tag","embeddable":true,"href":"https:\/\/fts.you2.pl\/en\/wp-json\/wp\/v2\/product_tag?post=3203"}],"curies":[{"name":"wp","href":"https:\/\/api.w.org\/{rel}","templated":true}]}}