{"id":3204,"date":"2025-08-10T15:56:45","date_gmt":"2025-08-10T13:56:45","guid":{"rendered":"https:\/\/fts.you2.pl\/index.php\/produkt\/koszulka-bawelniana-manchester-united-1999-l\/"},"modified":"2025-09-19T17:34:45","modified_gmt":"2025-09-19T15:34:45","slug":"koszulka-bawelniana-manchester-united-1999-l","status":"publish","type":"product","link":"https:\/\/fts.you2.pl\/en\/koszulka-bawelniana-manchester-united-1999-l\/","title":{"rendered":"Koszulka bawe\u0142niana Manchester United 1999 [L]"},"content":{"rendered":"<p><strong>Klub:<\/strong> Manchester United<\/p>\n<p><strong>Sezon:<\/strong> 1999<\/p>\n<p><strong>Rozmiar: <\/strong>L<\/p>\n<p><strong>Stan:<\/strong> Dobry &#8211; jedna wyra\u017ana plamka u do\u0142u koszulki na froncie.<\/p>\n<p><strong>Wymiary (szeroko\u015b\u0107 pod pachami\/d\u0142ugo\u015b\u0107) w cm: <\/strong>52\/73<\/p>","protected":false},"excerpt":{"rendered":"<p data-start=\"0\" data-end=\"108\"><strong data-start=\"0\" data-end=\"106\">Oryginalna bawe\u0142niana koszulka Manchesteru United upami\u0119tniaj\u0105ca sukces z 1999 roku \u2013 produkcji Umbro.<\/strong><\/p>\n<p data-start=\"110\" data-end=\"408\">Ta <strong data-start=\"113\" data-end=\"155\">oryginalna koszulka Manchesteru United<\/strong> wykonana z wysokiej jako\u015bci <strong data-start=\"184\" data-end=\"195\">bawe\u0142ny<\/strong> zosta\u0142a stworzona przez mark\u0119 <strong data-start=\"226\" data-end=\"235\">Umbro<\/strong> jako ho\u0142d dla legendarnego sezonu <strong data-start=\"270\" data-end=\"281\">1998\/99<\/strong>, w kt\u00f3rym \u201eCzerwone Diab\u0142y\u201d zdoby\u0142y <strong data-start=\"318\" data-end=\"337\">potr\u00f3jn\u0105 koron\u0119<\/strong> \u2013 wygrywaj\u0105c <strong data-start=\"351\" data-end=\"405\">Premier League, Puchar Anglii i Lig\u0119 Mistrz\u00f3w UEFA<\/strong>.<\/p>\n<p data-start=\"410\" data-end=\"745\">Na froncie koszulki znajduje si\u0119 <strong data-start=\"443\" data-end=\"470\">du\u017ca, efektowna grafika<\/strong> przedstawiaj\u0105ca symbolik\u0119 historycznego sukcesu \u2013 z herbem klubu, datami i odniesieniami do zdobytych trofe\u00f3w. Ty\u0142 koszulki ozdobiono <strong data-start=\"605\" data-end=\"631\">pe\u0142nym sk\u0142adem dru\u017cyny<\/strong>, zawieraj\u0105cym nazwiska pi\u0142karzy i cz\u0142onk\u00f3w sztabu, kt\u00f3rzy przyczynili si\u0119 do tego niepowtarzalnego osi\u0105gni\u0119cia.<\/p>\n<p data-start=\"747\" data-end=\"1145\" data-is-last-node=\"\" data-is-only-node=\"\">To wyj\u0105tkowy model pami\u0105tkowy, kt\u00f3ry nie by\u0142 przeznaczony do gry, ale do celebracji jednego z <strong data-start=\"841\" data-end=\"903\">najwi\u0119kszych moment\u00f3w w historii europejskiej pi\u0142ki no\u017cnej<\/strong>. Doskona\u0142y dla fan\u00f3w <strong data-start=\"925\" data-end=\"947\">Manchesteru United<\/strong>, kolekcjoner\u00f3w oraz ka\u017cdego, kto chce nosi\u0107 fragment historii legendarnej dru\u017cyny sir <strong data-start=\"1034\" data-end=\"1053\">Alexa Fergusona<\/strong>. Koszulka \u0142\u0105czy <strong data-start=\"1070\" data-end=\"1110\">retro styl, sentyment i klubow\u0105 dum\u0119<\/strong> w jednym symbolicznym egzemplarzu.<\/p>","protected":false},"featured_media":15275,"template":"","meta":{"_kad_blocks_custom_css":"","_kad_blocks_head_custom_js":"","_kad_blocks_body_custom_js":"","_kad_blocks_footer_custom_js":"","_kad_post_transparent":"","_kad_post_title":"","_kad_post_layout":"","_kad_post_sidebar_id":"","_kad_post_content_style":"","_kad_post_vertical_padding":"","_kad_post_feature":"","_kad_post_feature_position":"","_kad_post_header":false,"_kad_post_footer":false},"product_brand":[21],"product_cat":[25,32,31,26,133],"product_tag":[],"class_list":{"0":"post-3204","1":"product","2":"type-product","3":"status-publish","4":"has-post-thumbnail","6":"product_brand-umbro","7":"product_cat-inne","8":"product_cat-kluby-angielskie","9":"product_cat-kluby-europejskie","10":"product_cat-kurtki-bluzy-trening","11":"product_cat-manchester-united","12":"pa_rozmiar-l","14":"first","15":"instock","16":"taxable","17":"shipping-taxable","18":"purchasable","19":"product-type-simple","20":"entry","21":"content-bg","22":"loop-entry"},"taxonomy_info":{"product_brand":[{"value":21,"label":"Umbro"}],"product_cat":[{"value":25,"label":"Inne"},{"value":32,"label":"Kluby Angielskie"},{"value":31,"label":"Kluby Europejskie"},{"value":26,"label":"Kurtki\/bluzy\/trening"},{"value":133,"label":"Manchester United"}],"pa_rozmiar":[{"value":39,"label":"L"}]},"featured_image_src_large":["https:\/\/fts.you2.pl\/wp-content\/uploads\/2025\/09\/Photoroom_055_20250806_092728-1024x1024.png",1024,1024,true],"author_info":[],"comment_info":"","_links":{"self":[{"href":"https:\/\/fts.you2.pl\/en\/wp-json\/wp\/v2\/product\/3204","targetHints":{"allow":["GET"]}}],"collection":[{"href":"https:\/\/fts.you2.pl\/en\/wp-json\/wp\/v2\/product"}],"about":[{"href":"https:\/\/fts.you2.pl\/en\/wp-json\/wp\/v2\/types\/product"}],"wp:featuredmedia":[{"embeddable":true,"href":"https:\/\/fts.you2.pl\/en\/wp-json\/wp\/v2\/media\/15275"}],"wp:attachment":[{"href":"https:\/\/fts.you2.pl\/en\/wp-json\/wp\/v2\/media?parent=3204"}],"wp:term":[{"taxonomy":"product_brand","embeddable":true,"href":"https:\/\/fts.you2.pl\/en\/wp-json\/wp\/v2\/product_brand?post=3204"},{"taxonomy":"product_cat","embeddable":true,"href":"https:\/\/fts.you2.pl\/en\/wp-json\/wp\/v2\/product_cat?post=3204"},{"taxonomy":"product_tag","embeddable":true,"href":"https:\/\/fts.you2.pl\/en\/wp-json\/wp\/v2\/product_tag?post=3204"}],"curies":[{"name":"wp","href":"https:\/\/api.w.org\/{rel}","templated":true}]}}