{"id":3206,"date":"2025-08-10T15:56:41","date_gmt":"2025-08-10T13:56:41","guid":{"rendered":"https:\/\/fts.you2.pl\/index.php\/produkt\/koszulka-pilkarska-manchester-united-2023-24-home-m\/"},"modified":"2025-09-19T17:35:41","modified_gmt":"2025-09-19T15:35:41","slug":"koszulka-pilkarska-manchester-united-2023-24-home-m","status":"publish","type":"product","link":"https:\/\/fts.you2.pl\/en\/koszulka-pilkarska-manchester-united-2023-24-home-m\/","title":{"rendered":"Koszulka pi\u0142karska Manchester United 2023\/24 Home [M]"},"content":{"rendered":"<p><strong>Klub:<\/strong> Manchester United<\/p>\n<p><strong>Sezon:<\/strong> 2023\/24 Home<\/p>\n<p><strong>Rozmiar: <\/strong>M<\/p>\n<p><strong>Stan:<\/strong> Doskona\u0142y<\/p>\n<p><strong>Wymiary (szeroko\u015b\u0107 pod pachami\/d\u0142ugo\u015b\u0107) w cm: <\/strong>53\/73<\/p>","protected":false},"excerpt":{"rendered":"<article class=\"text-token-text-primary w-full focus:outline-none scroll-mt-[calc(var(--header-height)+min(200px,max(70px,20svh)))]\" dir=\"auto\" tabindex=\"-1\" data-turn-id=\"request-6889f6f2-4b18-832f-a18d-67852bf3e672-1\" data-testid=\"conversation-turn-142\" data-scroll-anchor=\"true\" data-turn=\"assistant\">\n<div class=\"text-base my-auto mx-auto pb-10 [--thread-content-margin:--spacing(4)] @[37rem]:[--thread-content-margin:--spacing(6)] @[72rem]:[--thread-content-margin:--spacing(16)] px-(--thread-content-margin)\">\n<div class=\"[--thread-content-max-width:32rem] @[34rem]:[--thread-content-max-width:40rem] @[64rem]:[--thread-content-max-width:48rem] mx-auto max-w-(--thread-content-max-width) flex-1 group\/turn-messages focus-visible:outline-hidden relative flex w-full min-w-0 flex-col agent-turn\" tabindex=\"-1\">\n<div class=\"flex max-w-full flex-col grow\">\n<div class=\"min-h-8 text-message relative flex w-full flex-col items-end gap-2 text-start break-words whitespace-normal [.text-message+&amp;]:mt-5\" dir=\"auto\" data-message-author-role=\"assistant\" data-message-id=\"69750419-45c2-4aff-a47e-141871df04c9\" data-message-model-slug=\"gpt-4o\">\n<div class=\"flex w-full flex-col gap-1 empty:hidden first:pt-[3px]\">\n<div class=\"markdown prose dark:prose-invert w-full break-words light markdown-new-styling\">\n<p data-start=\"0\" data-end=\"89\"><strong data-start=\"0\" data-end=\"87\">Oryginalna domowa koszulka Manchesteru United z sezonu 2023\/24 \u2013 produkcji Adidasa.<\/strong><\/p>\n<p data-start=\"91\" data-end=\"541\">Ta <strong data-start=\"94\" data-end=\"153\">oryginalna koszulka Manchesteru United z sezonu 2023\/24<\/strong> w wersji domowej to oficjalny model meczowy wyprodukowany przez <strong data-start=\"218\" data-end=\"229\">Adidasa<\/strong>, kt\u00f3ry na nowo interpretuje klasyczne klubowe barwy i symbole, \u0142\u0105cz\u0105c <strong data-start=\"300\" data-end=\"325\">tradycj\u0119 Old Trafford<\/strong> z nowoczesnym designem. Koszulka stanowi ho\u0142d dla <strong data-start=\"376\" data-end=\"414\">industrialnych korzeni Manchesteru<\/strong>, a jej projekt inspirowany jest <strong data-start=\"447\" data-end=\"486\">czerwon\u0105 ceg\u0142\u0105 i mostami kolejowymi<\/strong> w rejonie Castlefield \u2013 historycznej dzielnicy miasta.<\/p>\n<p data-start=\"543\" data-end=\"973\">Utrzymana w <strong data-start=\"555\" data-end=\"580\">intensywnej czerwieni<\/strong> z <strong data-start=\"583\" data-end=\"622\">czarnym ko\u0142nierzykiem w stylu retro<\/strong> i delikatnymi <strong data-start=\"637\" data-end=\"677\">detalami w odcieniach czerni i bieli<\/strong>, koszulka przyci\u0105ga wzrok eleganckim, a jednocze\u015bnie dynamicznym wygl\u0105dem. Na froncie znajduje si\u0119 <strong data-start=\"777\" data-end=\"814\">haftowany herb Manchesteru United<\/strong>, logo <strong data-start=\"821\" data-end=\"832\">Adidasa<\/strong> oraz sponsor g\u0142\u00f3wny <strong data-start=\"853\" data-end=\"867\">TeamViewer<\/strong> \u2013 ca\u0142o\u015b\u0107 idealnie wpasowuje si\u0119 w estetyk\u0119 nowoczesnego futbolu, nie trac\u0105c przy tym klubowej to\u017csamo\u015bci.<\/p>\n<p data-start=\"975\" data-end=\"1280\">Koszulka zosta\u0142a wykonana z wysokiej jako\u015bci materia\u0142u w technologii <strong data-start=\"1044\" data-end=\"1057\">AEROREADY<\/strong>, kt\u00f3ry zapewnia <strong data-start=\"1074\" data-end=\"1131\">wentylacj\u0119, lekko\u015b\u0107 i efektywne odprowadzanie wilgoci<\/strong> \u2013 zar\u00f3wno podczas aktywno\u015bci sportowej, jak i codziennego noszenia. Boczne panele oraz elastyczne wyko\u0144czenia podkre\u015blaj\u0105 dopasowany, sportowy kr\u00f3j.<\/p>\n<p data-start=\"1282\" data-end=\"1646\">W sezonie 2023\/24 Manchester United wyst\u0119powa\u0142 w tej koszulce w rozgrywkach <strong data-start=\"1358\" data-end=\"1428\">Premier League, Pucharze Anglii, Lidze Mistrz\u00f3w oraz Pucharze Ligi<\/strong>, a dru\u017cyn\u0119 prowadzi\u0142 <strong data-start=\"1450\" data-end=\"1466\">Erik ten Hag<\/strong>. W sk\u0142adzie zespo\u0142u znale\u017ali si\u0119 m.in. <strong data-start=\"1506\" data-end=\"1568\">Bruno Fernandes, Marcus Rashford, Rasmus H\u00f8jlund, Casemiro<\/strong> czy <strong data-start=\"1573\" data-end=\"1588\">Andr\u00e9 Onana<\/strong>, reprezentuj\u0105c mieszank\u0119 do\u015bwiadczenia i m\u0142odego talentu.<\/p>\n<p data-start=\"1648\" data-end=\"1998\" data-is-last-node=\"\" data-is-only-node=\"\">Ten model to doskona\u0142y wyb\u00f3r dla kibic\u00f3w i kolekcjoner\u00f3w, kt\u00f3rzy szukaj\u0105 <strong data-start=\"1721\" data-end=\"1766\">oryginalnej koszulki z ostatnich sezon\u00f3w<\/strong>, kt\u00f3ra \u0142\u0105czy <strong data-start=\"1780\" data-end=\"1855\">miejski charakter, klubow\u0105 histori\u0119 i zaawansowan\u0105 technologi\u0119 sportow\u0105<\/strong>. Idealna zar\u00f3wno na stadion, jak i na co dzie\u0144 \u2013 stanowi nowoczesne oblicze jednej z najbardziej utytu\u0142owanych dru\u017cyn w historii pi\u0142ki no\u017cnej.<\/p>\n<\/div>\n<\/div>\n<\/div>\n<\/div>\n<\/div>\n<\/div>\n<\/article>\n<div class=\"pointer-events-none h-px w-px\" aria-hidden=\"true\" data-edge=\"true\"><\/div>","protected":false},"featured_media":15291,"template":"","meta":{"_kad_blocks_custom_css":"","_kad_blocks_head_custom_js":"","_kad_blocks_body_custom_js":"","_kad_blocks_footer_custom_js":"","_kad_post_transparent":"","_kad_post_title":"","_kad_post_layout":"","_kad_post_sidebar_id":"","_kad_post_content_style":"","_kad_post_vertical_padding":"","_kad_post_feature":"","_kad_post_feature_position":"","_kad_post_header":false,"_kad_post_footer":false},"product_brand":[45],"product_cat":[32,31,133],"product_tag":[],"class_list":{"0":"post-3206","1":"product","2":"type-product","3":"status-publish","4":"has-post-thumbnail","6":"product_brand-adidas","7":"product_cat-kluby-angielskie","8":"product_cat-kluby-europejskie","9":"product_cat-manchester-united","10":"pa_rozmiar-m","12":"first","13":"instock","14":"taxable","15":"shipping-taxable","16":"purchasable","17":"product-type-simple","18":"entry","19":"content-bg","20":"loop-entry"},"taxonomy_info":{"product_brand":[{"value":45,"label":"Adidas"}],"product_cat":[{"value":32,"label":"Kluby Angielskie"},{"value":31,"label":"Kluby Europejskie"},{"value":133,"label":"Manchester United"}],"pa_rozmiar":[{"value":28,"label":"M"}]},"featured_image_src_large":["https:\/\/fts.you2.pl\/wp-content\/uploads\/2025\/09\/Photoroom_004_20250806_092728-1024x1024.png",1024,1024,true],"author_info":[],"comment_info":"","_links":{"self":[{"href":"https:\/\/fts.you2.pl\/en\/wp-json\/wp\/v2\/product\/3206","targetHints":{"allow":["GET"]}}],"collection":[{"href":"https:\/\/fts.you2.pl\/en\/wp-json\/wp\/v2\/product"}],"about":[{"href":"https:\/\/fts.you2.pl\/en\/wp-json\/wp\/v2\/types\/product"}],"wp:featuredmedia":[{"embeddable":true,"href":"https:\/\/fts.you2.pl\/en\/wp-json\/wp\/v2\/media\/15291"}],"wp:attachment":[{"href":"https:\/\/fts.you2.pl\/en\/wp-json\/wp\/v2\/media?parent=3206"}],"wp:term":[{"taxonomy":"product_brand","embeddable":true,"href":"https:\/\/fts.you2.pl\/en\/wp-json\/wp\/v2\/product_brand?post=3206"},{"taxonomy":"product_cat","embeddable":true,"href":"https:\/\/fts.you2.pl\/en\/wp-json\/wp\/v2\/product_cat?post=3206"},{"taxonomy":"product_tag","embeddable":true,"href":"https:\/\/fts.you2.pl\/en\/wp-json\/wp\/v2\/product_tag?post=3206"}],"curies":[{"name":"wp","href":"https:\/\/api.w.org\/{rel}","templated":true}]}}