{"id":3207,"date":"2025-08-10T15:56:40","date_gmt":"2025-08-10T13:56:40","guid":{"rendered":"https:\/\/fts.you2.pl\/index.php\/produkt\/koszulka-pilkarska-manchester-united-2022-23-away-xl\/"},"modified":"2025-09-19T17:36:06","modified_gmt":"2025-09-19T15:36:06","slug":"koszulka-pilkarska-manchester-united-2022-23-away-xl","status":"publish","type":"product","link":"https:\/\/fts.you2.pl\/en\/koszulka-pilkarska-manchester-united-2022-23-away-xl\/","title":{"rendered":"Koszulka pi\u0142karska Manchester United 2022\/23 Away [XL]"},"content":{"rendered":"<p><strong>Klub:<\/strong> Manchester United<\/p>\n<p><strong>Sezon:<\/strong> 2022\/23 Away<\/p>\n<p><strong>Rozmiar: <\/strong>XL<\/p>\n<p><strong>Stan:<\/strong> Doskona\u0142y<\/p>\n<p><strong>Wymiary (szeroko\u015b\u0107 pod pachami\/d\u0142ugo\u015b\u0107) w cm: <\/strong>64\/80<\/p>","protected":false},"excerpt":{"rendered":"<article class=\"text-token-text-primary w-full focus:outline-none scroll-mt-[calc(var(--header-height)+min(200px,max(70px,20svh)))]\" dir=\"auto\" tabindex=\"-1\" data-turn-id=\"request-6889f6f2-4b18-832f-a18d-67852bf3e672-2\" data-testid=\"conversation-turn-144\" data-scroll-anchor=\"true\" data-turn=\"assistant\">\n<div class=\"text-base my-auto mx-auto pb-10 [--thread-content-margin:--spacing(4)] @[37rem]:[--thread-content-margin:--spacing(6)] @[72rem]:[--thread-content-margin:--spacing(16)] px-(--thread-content-margin)\">\n<div class=\"[--thread-content-max-width:32rem] @[34rem]:[--thread-content-max-width:40rem] @[64rem]:[--thread-content-max-width:48rem] mx-auto max-w-(--thread-content-max-width) flex-1 group\/turn-messages focus-visible:outline-hidden relative flex w-full min-w-0 flex-col agent-turn\" tabindex=\"-1\">\n<div class=\"flex max-w-full flex-col grow\">\n<div class=\"min-h-8 text-message relative flex w-full flex-col items-end gap-2 text-start break-words whitespace-normal [.text-message+&amp;]:mt-5\" dir=\"auto\" data-message-author-role=\"assistant\" data-message-id=\"a52e21cb-1e49-4e51-a3b9-5cd7d20b4d0f\" data-message-model-slug=\"gpt-4o\">\n<div class=\"flex w-full flex-col gap-1 empty:hidden first:pt-[3px]\">\n<div class=\"markdown prose dark:prose-invert w-full break-words light markdown-new-styling\">\n<p data-start=\"0\" data-end=\"92\"><strong data-start=\"0\" data-end=\"90\">Oryginalna wyjazdowa koszulka Manchesteru United z sezonu 2022\/23 \u2013 produkcji Adidasa.<\/strong><\/p>\n<p data-start=\"94\" data-end=\"479\">Ta <strong data-start=\"97\" data-end=\"166\">oryginalna wyjazdowa koszulka Manchesteru United z sezonu 2022\/23<\/strong> to oficjalny model meczowy wyprodukowany przez <strong data-start=\"214\" data-end=\"225\">Adidasa<\/strong>, wyr\u00f3\u017cniaj\u0105cy si\u0119 <strong data-start=\"244\" data-end=\"281\">nowoczesnym podej\u015bciem do klasyki<\/strong> i subtelnym nawi\u0105zaniem do historii klubu. To jeden z najbardziej stylowych projekt\u00f3w Adidasa w ostatnich latach \u2013 koszulka, kt\u00f3ra przyci\u0105ga uwag\u0119 zar\u00f3wno fan\u00f3w pi\u0142ki no\u017cnej, jak i kolekcjoner\u00f3w.<\/p>\n<p data-start=\"481\" data-end=\"1014\">Koszulka zosta\u0142a utrzymana w <strong data-start=\"510\" data-end=\"567\">bia\u0142ej kolorystyce z delikatnym, teksturowanym wzorem<\/strong> na ca\u0142ej powierzchni materia\u0142u, kt\u00f3ry nadaje jej g\u0142\u0119bi i wyj\u0105tkowego charakteru. Kontrastowe <strong data-start=\"661\" data-end=\"687\">czarno-czerwone detale<\/strong> na ko\u0142nierzyku w stylu retro, r\u0119kawkach oraz logotypach przywo\u0142uj\u0105 estetyk\u0119 stroj\u00f3w z lat 90., jednocze\u015bnie zachowuj\u0105c nowoczesny wygl\u0105d. Na piersi znajduje si\u0119 <strong data-start=\"849\" data-end=\"886\">haftowany herb Manchesteru United<\/strong>, logo <strong data-start=\"893\" data-end=\"904\">Adidasa<\/strong> oraz <strong data-start=\"910\" data-end=\"939\">sponsor g\u0142\u00f3wny TeamViewer<\/strong> \u2013 wszystko w ciemnej kolorystyce, co doskonale kontrastuje z jasn\u0105 baz\u0105.<\/p>\n<p data-start=\"1016\" data-end=\"1355\">Koszulka wykonana zosta\u0142a z materia\u0142u w technologii <strong data-start=\"1068\" data-end=\"1081\">AEROREADY<\/strong>, kt\u00f3ry odpowiada za <strong data-start=\"1102\" data-end=\"1147\">odprowadzanie wilgoci i komfort termiczny<\/strong>, niezale\u017cnie od warunk\u00f3w. Lekka konstrukcja, boczne panele z siateczki i dopasowany kr\u00f3j sprawiaj\u0105, \u017ce model ten doskonale sprawdza si\u0119 zar\u00f3wno podczas aktywno\u015bci fizycznej, jak i w codziennym u\u017cytkowaniu.<\/p>\n<p data-start=\"1357\" data-end=\"1743\">W sezonie 2022\/23 dru\u017cyna pod wodz\u0105 <strong data-start=\"1393\" data-end=\"1411\">Erika ten Haga<\/strong> zanotowa\u0142a wyra\u017any progres \u2013 zdobywaj\u0105c <strong data-start=\"1452\" data-end=\"1479\">Puchar Ligi Angielskiej<\/strong>, awansuj\u0105c do Ligi Mistrz\u00f3w i prezentuj\u0105c solidn\u0105 gr\u0119 w Premier League. W sk\u0142adzie znale\u017ali si\u0119 tacy zawodnicy jak <strong data-start=\"1595\" data-end=\"1660\">Bruno Fernandes, Marcus Rashford, Casemiro, Lisandro Mart\u00ednez<\/strong> i <strong data-start=\"1663\" data-end=\"1681\">Rapha\u00ebl Varane<\/strong>, kt\u00f3rzy reprezentowali barwy klubu z determinacj\u0105 i stylem.<\/p>\n<p data-start=\"1745\" data-end=\"2110\" data-is-last-node=\"\" data-is-only-node=\"\">Koszulka ta to doskona\u0142y wyb\u00f3r dla ka\u017cdego fana Manchesteru United, kt\u00f3ry ceni <strong data-start=\"1824\" data-end=\"1868\">elegancki design, wygod\u0119 i autentyczno\u015b\u0107<\/strong>, a tak\u017ce dla kolekcjoner\u00f3w poszukuj\u0105cych nowoczesnych modeli z wyra\u017anym odniesieniem do klubowej tradycji. <strong data-start=\"1976\" data-end=\"2033\">Czysta forma, subtelna estetyka i pi\u0142karska to\u017csamo\u015b\u0107<\/strong> \u2013 wszystko to \u0142\u0105czy si\u0119 w tym wyj\u0105tkowym wyjazdowym stroju z sezonu 2022\/23.<\/p>\n<\/div>\n<\/div>\n<\/div>\n<\/div>\n<\/div>\n<\/div>\n<\/article>\n<div class=\"pointer-events-none h-px w-px\" aria-hidden=\"true\" data-edge=\"true\"><\/div>","protected":false},"featured_media":15299,"template":"","meta":{"_kad_blocks_custom_css":"","_kad_blocks_head_custom_js":"","_kad_blocks_body_custom_js":"","_kad_blocks_footer_custom_js":"","_kad_post_transparent":"","_kad_post_title":"","_kad_post_layout":"","_kad_post_sidebar_id":"","_kad_post_content_style":"","_kad_post_vertical_padding":"","_kad_post_feature":"","_kad_post_feature_position":"","_kad_post_header":false,"_kad_post_footer":false},"product_brand":[45],"product_cat":[32,31,133],"product_tag":[],"class_list":{"0":"post-3207","1":"product","2":"type-product","3":"status-publish","4":"has-post-thumbnail","6":"product_brand-adidas","7":"product_cat-kluby-angielskie","8":"product_cat-kluby-europejskie","9":"product_cat-manchester-united","10":"pa_rozmiar-xl","12":"first","13":"instock","14":"taxable","15":"shipping-taxable","16":"purchasable","17":"product-type-simple","18":"entry","19":"content-bg","20":"loop-entry"},"taxonomy_info":{"product_brand":[{"value":45,"label":"Adidas"}],"product_cat":[{"value":32,"label":"Kluby Angielskie"},{"value":31,"label":"Kluby Europejskie"},{"value":133,"label":"Manchester United"}],"pa_rozmiar":[{"value":57,"label":"XL"}]},"featured_image_src_large":["https:\/\/fts.you2.pl\/wp-content\/uploads\/2025\/09\/Photoroom_008_20250806_092728-1024x1024.png",1024,1024,true],"author_info":[],"comment_info":"","_links":{"self":[{"href":"https:\/\/fts.you2.pl\/en\/wp-json\/wp\/v2\/product\/3207","targetHints":{"allow":["GET"]}}],"collection":[{"href":"https:\/\/fts.you2.pl\/en\/wp-json\/wp\/v2\/product"}],"about":[{"href":"https:\/\/fts.you2.pl\/en\/wp-json\/wp\/v2\/types\/product"}],"wp:featuredmedia":[{"embeddable":true,"href":"https:\/\/fts.you2.pl\/en\/wp-json\/wp\/v2\/media\/15299"}],"wp:attachment":[{"href":"https:\/\/fts.you2.pl\/en\/wp-json\/wp\/v2\/media?parent=3207"}],"wp:term":[{"taxonomy":"product_brand","embeddable":true,"href":"https:\/\/fts.you2.pl\/en\/wp-json\/wp\/v2\/product_brand?post=3207"},{"taxonomy":"product_cat","embeddable":true,"href":"https:\/\/fts.you2.pl\/en\/wp-json\/wp\/v2\/product_cat?post=3207"},{"taxonomy":"product_tag","embeddable":true,"href":"https:\/\/fts.you2.pl\/en\/wp-json\/wp\/v2\/product_tag?post=3207"}],"curies":[{"name":"wp","href":"https:\/\/api.w.org\/{rel}","templated":true}]}}