{"id":3211,"date":"2025-08-17T15:56:26","date_gmt":"2025-08-17T13:56:26","guid":{"rendered":"https:\/\/fts.you2.pl\/index.php\/produkt\/koszulka-pilkarska-arsenal-fc-2011-12-home-26-dench-xxl\/"},"modified":"2025-09-19T17:38:35","modified_gmt":"2025-09-19T15:38:35","slug":"koszulka-pilkarska-arsenal-fc-2011-12-home-26-dench-xxl","status":"publish","type":"product","link":"https:\/\/fts.you2.pl\/en\/koszulka-pilkarska-arsenal-fc-2011-12-home-26-dench-xxl\/","title":{"rendered":"Koszulka pi\u0142karska Arsenal FC 2011\/12 Home 26 Dench [XXL]"},"content":{"rendered":"<p><strong>Klub:<\/strong> Arsenal FC<\/p>\n<p><strong>Sezon:<\/strong> 2011\/12 Home<\/p>\n<p><strong>Rozmiar: <\/strong>XXL<\/p>\n<p><strong>Stan:<\/strong> Doskona\u0142y<\/p>\n<p><strong>Wymiary (szeroko\u015b\u0107 pod pachami\/d\u0142ugo\u015b\u0107) w cm: <\/strong>63\/79<\/p>","protected":false},"excerpt":{"rendered":"<p data-start=\"0\" data-end=\"81\"><strong data-start=\"0\" data-end=\"79\">Oryginalna koszulka pi\u0142karska Arsenal FC z sezonu 2011\/12 \u2013 produkcji Nike.<\/strong><\/p>\n<p data-start=\"83\" data-end=\"521\">Ta <strong data-start=\"86\" data-end=\"144\">oryginalna domowa koszulka Arsenal FC z sezonu 2011\/12<\/strong>, wyprodukowana przez <strong data-start=\"166\" data-end=\"174\">Nike<\/strong>, to wyj\u0105tkowy egzemplarz z <strong data-start=\"202\" data-end=\"242\">patchami Premier League na r\u0119kawkach<\/strong> oraz oficjalnym nadrukiem <strong data-start=\"269\" data-end=\"292\">Emmanuela Frimponga<\/strong>, zapisanego charakterystycznie jako <strong data-start=\"329\" data-end=\"340\">\u201eDench\u201d<\/strong>. Utrzymana w tradycyjnych <strong data-start=\"367\" data-end=\"406\">czerwono-bia\u0142ych barwach Kanonier\u00f3w<\/strong>, odznacza si\u0119 nowoczesnym designem Nike i solidnym wykonaniem, kt\u00f3re zapewnia wygod\u0119 i trwa\u0142o\u015b\u0107 nawet po latach.<\/p>\n<p data-start=\"523\" data-end=\"830\">Sezon <strong data-start=\"529\" data-end=\"540\">2011\/12<\/strong> by\u0142 dla <strong data-start=\"549\" data-end=\"561\">Arsenalu<\/strong> czasem odbudowy po odej\u015bciu kilku kluczowych zawodnik\u00f3w. Dru\u017cyna Ars\u00e8ne\u2019a Wengera rozpocz\u0119\u0142a trudny start w lidze, ale dzi\u0119ki formie takich pi\u0142karzy jak Robin van Persie zdo\u0142a\u0142a zako\u0144czy\u0107 rozgrywki Premier League na <strong data-start=\"778\" data-end=\"792\">3. miejscu<\/strong>, kwalifikuj\u0105c si\u0119 do Ligi Mistrz\u00f3w.<\/p>\n<p data-start=\"832\" data-end=\"1188\"><strong data-start=\"832\" data-end=\"853\">Emmanuel Frimpong<\/strong>, wychowanek Arsenalu i ulubieniec kibic\u00f3w ze wzgl\u0119du na sw\u00f3j charyzmatyczny styl bycia. W sezonie 2011\/12 zanotowa\u0142 <strong data-start=\"1004\" data-end=\"1039\">6 wyst\u0119p\u00f3w w pierwszej dru\u017cynie<\/strong>. Cho\u0107 jego karier\u0119 w klubie zahamowa\u0142y kontuzje, pozosta\u0142 w pami\u0119ci kibic\u00f3w jako pi\u0142karz z ogromnym potencja\u0142em i energi\u0105, kt\u00f3r\u0105 wnosi\u0142 na boisko.<\/p>\n<p data-start=\"1190\" data-end=\"1410\">Ta koszulka to unikalny przedmiot dla <strong data-start=\"1228\" data-end=\"1266\">kolekcjoner\u00f3w koszulek pi\u0142karskich<\/strong> i <strong data-start=\"1269\" data-end=\"1287\">fan\u00f3w Arsenalu<\/strong>, kt\u00f3rzy ceni\u0105 sobie oryginalne pami\u0105tki zwi\u0105zane z histori\u0105 klubu oraz jego mniej oczywistymi, ale kultowymi postaciami.<\/p>","protected":false},"featured_media":15326,"template":"","meta":{"_kad_blocks_custom_css":"","_kad_blocks_head_custom_js":"","_kad_blocks_body_custom_js":"","_kad_blocks_footer_custom_js":"","_kad_post_transparent":"","_kad_post_title":"","_kad_post_layout":"","_kad_post_sidebar_id":"","_kad_post_content_style":"","_kad_post_vertical_padding":"","_kad_post_feature":"","_kad_post_feature_position":"","_kad_post_header":false,"_kad_post_footer":false},"product_brand":[55],"product_cat":[337,32,31],"product_tag":[],"class_list":{"0":"post-3211","1":"product","2":"type-product","3":"status-publish","4":"has-post-thumbnail","6":"product_brand-nike","7":"product_cat-arsenal-fc","8":"product_cat-kluby-angielskie","9":"product_cat-kluby-europejskie","10":"pa_rozmiar-xxl","12":"first","13":"instock","14":"taxable","15":"shipping-taxable","16":"purchasable","17":"product-type-simple","18":"entry","19":"content-bg","20":"loop-entry"},"taxonomy_info":{"product_brand":[{"value":55,"label":"Nike"}],"product_cat":[{"value":337,"label":"Arsenal FC"},{"value":32,"label":"Kluby Angielskie"},{"value":31,"label":"Kluby Europejskie"}],"pa_rozmiar":[{"value":71,"label":"XXL"}]},"featured_image_src_large":["https:\/\/fts.you2.pl\/wp-content\/uploads\/2025\/09\/Photoroom_051_20250815_123937-1024x1024.png",1024,1024,true],"author_info":[],"comment_info":"","_links":{"self":[{"href":"https:\/\/fts.you2.pl\/en\/wp-json\/wp\/v2\/product\/3211","targetHints":{"allow":["GET"]}}],"collection":[{"href":"https:\/\/fts.you2.pl\/en\/wp-json\/wp\/v2\/product"}],"about":[{"href":"https:\/\/fts.you2.pl\/en\/wp-json\/wp\/v2\/types\/product"}],"wp:featuredmedia":[{"embeddable":true,"href":"https:\/\/fts.you2.pl\/en\/wp-json\/wp\/v2\/media\/15326"}],"wp:attachment":[{"href":"https:\/\/fts.you2.pl\/en\/wp-json\/wp\/v2\/media?parent=3211"}],"wp:term":[{"taxonomy":"product_brand","embeddable":true,"href":"https:\/\/fts.you2.pl\/en\/wp-json\/wp\/v2\/product_brand?post=3211"},{"taxonomy":"product_cat","embeddable":true,"href":"https:\/\/fts.you2.pl\/en\/wp-json\/wp\/v2\/product_cat?post=3211"},{"taxonomy":"product_tag","embeddable":true,"href":"https:\/\/fts.you2.pl\/en\/wp-json\/wp\/v2\/product_tag?post=3211"}],"curies":[{"name":"wp","href":"https:\/\/api.w.org\/{rel}","templated":true}]}}