{"id":3212,"date":"2025-08-17T15:56:25","date_gmt":"2025-08-17T13:56:25","guid":{"rendered":"https:\/\/fts.you2.pl\/index.php\/produkt\/koszulka-pilkarska-arsenal-fc-2018-19-away-s\/"},"modified":"2025-09-19T17:38:58","modified_gmt":"2025-09-19T15:38:58","slug":"koszulka-pilkarska-arsenal-fc-2018-19-away-s","status":"publish","type":"product","link":"https:\/\/fts.you2.pl\/en\/koszulka-pilkarska-arsenal-fc-2018-19-away-s\/","title":{"rendered":"Koszulka pi\u0142karska Arsenal FC 2018\/19 Away [S]"},"content":{"rendered":"<p><strong>Klub:<\/strong> Arsenal FC<\/p>\n<p><strong>Sezon:<\/strong> 2018\/19 Away<\/p>\n<p><strong>Rozmiar: <\/strong>S<\/p>\n<p><strong>Stan:<\/strong> Bardzo dobry &#8211; uszkodzona nalepka na froncie u do\u0142u koszulki.<\/p>\n<p><strong>Wymiary (szeroko\u015b\u0107 pod pachami\/d\u0142ugo\u015b\u0107) w cm: <\/strong>47\/68<\/p>","protected":false},"excerpt":{"rendered":"<p data-start=\"0\" data-end=\"81\"><strong data-start=\"0\" data-end=\"79\">Oryginalna koszulka pi\u0142karska Arsenal FC z sezonu 2018\/19 \u2013 produkcji Pumy.<\/strong><\/p>\n<p data-start=\"83\" data-end=\"453\">Ta <strong data-start=\"86\" data-end=\"147\">oryginalna wyjazdowa koszulka Arsenal FC z sezonu 2018\/19<\/strong>, wyprodukowana przez <strong data-start=\"169\" data-end=\"177\">Pum\u0119<\/strong>, to wyj\u0105tkowy model w charakterystycznym <strong data-start=\"219\" data-end=\"263\">granatowym kolorze z bordowymi akcentami<\/strong>. Dynamiczny design uzupe\u0142niaj\u0105 subtelne pasy na r\u0119kawach, kt\u00f3re nadaj\u0105 jej nowoczesnego i stylowego wygl\u0105du, typowego dla ko\u0144cowych projekt\u00f3w Pumy przed przej\u0119ciem Arsenalu przez Adidasa.<\/p>\n<p data-start=\"455\" data-end=\"749\">Na froncie koszulki umieszczono <strong data-start=\"487\" data-end=\"501\">herb klubu<\/strong>, logo <strong data-start=\"508\" data-end=\"516\">Pumy<\/strong> oraz znak sponsora <strong data-start=\"536\" data-end=\"552\">Fly Emirates<\/strong>, co tworzy klasyczne zestawienie element\u00f3w, kt\u00f3re doskonale oddaje klimat tamtego sezonu. Wykonana z materia\u0142\u00f3w o w\u0142a\u015bciwo\u015bciach oddychaj\u0105cych, zapewnia <strong data-start=\"706\" data-end=\"726\">komfort i wygod\u0119<\/strong> podczas u\u017cytkowania.<\/p>\n<p data-start=\"751\" data-end=\"1063\">Sezon <strong data-start=\"757\" data-end=\"768\">2018\/19<\/strong> by\u0142 dla Arsenalu pierwszym pod wodz\u0105 <strong data-start=\"806\" data-end=\"825\">Unaia Emery\u2019ego<\/strong>. \u201eKanonierzy\u201d dotarli a\u017c do fina\u0142u Ligi Europy, gdzie zmierzyli si\u0119 z Chelsea, a w Premier League zako\u0144czyli rozgrywki tu\u017c za czo\u0142ow\u0105 czw\u00f3rk\u0105, na <strong data-start=\"972\" data-end=\"986\">5. miejscu<\/strong>. Koszulka ta sta\u0142a si\u0119 symbolem ko\u0144cowego etapu ery Pumy w historii klubu.<\/p>\n<p data-start=\"1065\" data-end=\"1222\">To doskona\u0142a propozycja dla <strong data-start=\"1093\" data-end=\"1131\">kolekcjoner\u00f3w koszulek pi\u0142karskich<\/strong> oraz <strong data-start=\"1137\" data-end=\"1155\">fan\u00f3w Arsenalu<\/strong>, kt\u00f3rzy ceni\u0105 sobie <strong data-start=\"1176\" data-end=\"1219\">oryginalne i unikatowe pami\u0105tki klubowe<\/strong>.<\/p>","protected":false},"featured_media":15333,"template":"","meta":{"_kad_blocks_custom_css":"","_kad_blocks_head_custom_js":"","_kad_blocks_body_custom_js":"","_kad_blocks_footer_custom_js":"","_kad_post_transparent":"","_kad_post_title":"","_kad_post_layout":"","_kad_post_sidebar_id":"","_kad_post_content_style":"","_kad_post_vertical_padding":"","_kad_post_feature":"","_kad_post_feature_position":"","_kad_post_header":false,"_kad_post_footer":false},"product_brand":[86],"product_cat":[337,32,31],"product_tag":[],"class_list":{"0":"post-3212","1":"product","2":"type-product","3":"status-publish","4":"has-post-thumbnail","6":"product_brand-puma","7":"product_cat-arsenal-fc","8":"product_cat-kluby-angielskie","9":"product_cat-kluby-europejskie","10":"pa_rozmiar-s","12":"first","13":"instock","14":"taxable","15":"shipping-taxable","16":"purchasable","17":"product-type-simple","18":"entry","19":"content-bg","20":"loop-entry"},"taxonomy_info":{"product_brand":[{"value":86,"label":"Puma"}],"product_cat":[{"value":337,"label":"Arsenal FC"},{"value":32,"label":"Kluby Angielskie"},{"value":31,"label":"Kluby Europejskie"}],"pa_rozmiar":[{"value":19,"label":"S"}]},"featured_image_src_large":["https:\/\/fts.you2.pl\/wp-content\/uploads\/2025\/09\/Photoroom_048_20250815_123937-1024x1024.png",1024,1024,true],"author_info":[],"comment_info":"","_links":{"self":[{"href":"https:\/\/fts.you2.pl\/en\/wp-json\/wp\/v2\/product\/3212","targetHints":{"allow":["GET"]}}],"collection":[{"href":"https:\/\/fts.you2.pl\/en\/wp-json\/wp\/v2\/product"}],"about":[{"href":"https:\/\/fts.you2.pl\/en\/wp-json\/wp\/v2\/types\/product"}],"wp:featuredmedia":[{"embeddable":true,"href":"https:\/\/fts.you2.pl\/en\/wp-json\/wp\/v2\/media\/15333"}],"wp:attachment":[{"href":"https:\/\/fts.you2.pl\/en\/wp-json\/wp\/v2\/media?parent=3212"}],"wp:term":[{"taxonomy":"product_brand","embeddable":true,"href":"https:\/\/fts.you2.pl\/en\/wp-json\/wp\/v2\/product_brand?post=3212"},{"taxonomy":"product_cat","embeddable":true,"href":"https:\/\/fts.you2.pl\/en\/wp-json\/wp\/v2\/product_cat?post=3212"},{"taxonomy":"product_tag","embeddable":true,"href":"https:\/\/fts.you2.pl\/en\/wp-json\/wp\/v2\/product_tag?post=3212"}],"curies":[{"name":"wp","href":"https:\/\/api.w.org\/{rel}","templated":true}]}}