{"id":3213,"date":"2025-08-17T15:56:24","date_gmt":"2025-08-17T13:56:24","guid":{"rendered":"https:\/\/fts.you2.pl\/index.php\/produkt\/koszulka-pilkarska-arsenal-fc-2003-04-away-m\/"},"modified":"2025-09-19T17:39:25","modified_gmt":"2025-09-19T15:39:25","slug":"koszulka-pilkarska-arsenal-fc-2003-04-away-m","status":"publish","type":"product","link":"https:\/\/fts.you2.pl\/en\/koszulka-pilkarska-arsenal-fc-2003-04-away-m\/","title":{"rendered":"Koszulka pi\u0142karska Arsenal FC 2003\/04 Away [M]"},"content":{"rendered":"<p><strong>Klub:<\/strong> Arsenal FC<\/p>\n<p><strong>Sezon:<\/strong> 2003\/04 Away<\/p>\n<p><strong>Rozmiar: <\/strong>M<\/p>\n<p><strong>Stan:<\/strong> Zadowalaj\u0105cy &#8211; uszkodzone logo sponsora na froncie, drobne zabrudzenia obok znaczka producenta oraz kilka mikro zaci\u0105gni\u0119\u0107.<\/p>\n<p><strong>Wymiary (szeroko\u015b\u0107 pod pachami\/d\u0142ugo\u015b\u0107) w cm: <\/strong>53\/68(prz\u00f3d), 73(ty\u0142)<\/p>","protected":false},"excerpt":{"rendered":"<p data-start=\"0\" data-end=\"81\"><strong data-start=\"0\" data-end=\"79\">Oryginalna koszulka pi\u0142karska Arsenal FC z sezonu 2003\/04 \u2013 produkcji Nike.<\/strong><\/p>\n<p data-start=\"83\" data-end=\"474\">Ta <strong data-start=\"86\" data-end=\"147\">oryginalna wyjazdowa koszulka Arsenal FC z sezonu 2003\/04<\/strong>, wyprodukowana przez <strong data-start=\"169\" data-end=\"177\">Nike<\/strong>, to absolutna pere\u0142ka kolekcjonerska zwi\u0105zana z jednym z najwa\u017cniejszych moment\u00f3w w historii klubu. Utrzymana w <strong data-start=\"290\" data-end=\"335\">\u017c\u00f3\u0142tym kolorze z niebieskim ko\u0142nierzykiem<\/strong> oraz wyrazistym logo sponsora <strong data-start=\"366\" data-end=\"383\">O2 na froncie<\/strong>, prezentuje klasyczny i elegancki design, kt\u00f3ry na zawsze zapisa\u0142 si\u0119 w pami\u0119ci kibic\u00f3w.<\/p>\n<p data-start=\"476\" data-end=\"636\">Na koszulce znajduje si\u0119 <strong data-start=\"501\" data-end=\"518\">herb Arsenalu<\/strong> oraz <strong data-start=\"524\" data-end=\"537\">logo Nike<\/strong>, a ca\u0142o\u015b\u0107 wykonana zosta\u0142a z wysokiej jako\u015bci materia\u0142\u00f3w, zapewniaj\u0105cych <strong data-start=\"611\" data-end=\"633\">komfort i trwa\u0142o\u015b\u0107<\/strong>.<\/p>\n<p data-start=\"638\" data-end=\"981\">Sezon <strong data-start=\"644\" data-end=\"655\">2003\/04<\/strong> przeszed\u0142 do legendy \u2013 Arsenal pod wodz\u0105 Ars\u00e8ne\u2019a Wengera zdoby\u0142 mistrzostwo Anglii, pozostaj\u0105c <strong data-start=\"752\" data-end=\"800\">niepokonanym przez ca\u0142y sezon Premier League<\/strong>. Dru\u017cyna znana jako <strong data-start=\"821\" data-end=\"842\">\u201eThe Invincibles\u201d<\/strong> zako\u0144czy\u0142a rozgrywki z bilansem 26 zwyci\u0119stw i 12 remis\u00f3w, co do dzi\u015b pozostaje wyj\u0105tkowym osi\u0105gni\u0119ciem w historii angielskiego futbolu.<\/p>\n<p data-start=\"983\" data-end=\"1196\">Ta koszulka to nie tylko <strong data-start=\"1008\" data-end=\"1042\">pami\u0105tka mistrzowskiego sezonu<\/strong>, ale tak\u017ce symbol jednej z <strong data-start=\"1070\" data-end=\"1117\">najwi\u0119kszych dru\u017cyn w historii pi\u0142ki no\u017cnej<\/strong>. Niezast\u0105piony element w kolekcji ka\u017cdego fana Arsenalu i mi\u0142o\u015bnika futbolu.<\/p>","protected":false},"featured_media":15341,"template":"","meta":{"_kad_blocks_custom_css":"","_kad_blocks_head_custom_js":"","_kad_blocks_body_custom_js":"","_kad_blocks_footer_custom_js":"","_kad_post_transparent":"","_kad_post_title":"","_kad_post_layout":"","_kad_post_sidebar_id":"","_kad_post_content_style":"","_kad_post_vertical_padding":"","_kad_post_feature":"","_kad_post_feature_position":"","_kad_post_header":false,"_kad_post_footer":false},"product_brand":[55],"product_cat":[337,32,31],"product_tag":[],"class_list":{"0":"post-3213","1":"product","2":"type-product","3":"status-publish","4":"has-post-thumbnail","6":"product_brand-nike","7":"product_cat-arsenal-fc","8":"product_cat-kluby-angielskie","9":"product_cat-kluby-europejskie","10":"pa_rozmiar-m","12":"first","13":"instock","14":"taxable","15":"shipping-taxable","16":"purchasable","17":"product-type-simple","18":"entry","19":"content-bg","20":"loop-entry"},"taxonomy_info":{"product_brand":[{"value":55,"label":"Nike"}],"product_cat":[{"value":337,"label":"Arsenal FC"},{"value":32,"label":"Kluby Angielskie"},{"value":31,"label":"Kluby Europejskie"}],"pa_rozmiar":[{"value":28,"label":"M"}]},"featured_image_src_large":["https:\/\/fts.you2.pl\/wp-content\/uploads\/2025\/09\/Photoroom_024_20250815_123937-1024x1024.png",1024,1024,true],"author_info":[],"comment_info":"","_links":{"self":[{"href":"https:\/\/fts.you2.pl\/en\/wp-json\/wp\/v2\/product\/3213","targetHints":{"allow":["GET"]}}],"collection":[{"href":"https:\/\/fts.you2.pl\/en\/wp-json\/wp\/v2\/product"}],"about":[{"href":"https:\/\/fts.you2.pl\/en\/wp-json\/wp\/v2\/types\/product"}],"wp:featuredmedia":[{"embeddable":true,"href":"https:\/\/fts.you2.pl\/en\/wp-json\/wp\/v2\/media\/15341"}],"wp:attachment":[{"href":"https:\/\/fts.you2.pl\/en\/wp-json\/wp\/v2\/media?parent=3213"}],"wp:term":[{"taxonomy":"product_brand","embeddable":true,"href":"https:\/\/fts.you2.pl\/en\/wp-json\/wp\/v2\/product_brand?post=3213"},{"taxonomy":"product_cat","embeddable":true,"href":"https:\/\/fts.you2.pl\/en\/wp-json\/wp\/v2\/product_cat?post=3213"},{"taxonomy":"product_tag","embeddable":true,"href":"https:\/\/fts.you2.pl\/en\/wp-json\/wp\/v2\/product_tag?post=3213"}],"curies":[{"name":"wp","href":"https:\/\/api.w.org\/{rel}","templated":true}]}}