{"id":3214,"date":"2025-08-17T15:56:24","date_gmt":"2025-08-17T13:56:24","guid":{"rendered":"https:\/\/fts.you2.pl\/index.php\/produkt\/koszulka-pilkarska-arsenal-fc-1999-00-home-25-kanu-xl\/"},"modified":"2025-09-19T17:39:59","modified_gmt":"2025-09-19T15:39:59","slug":"koszulka-pilkarska-arsenal-fc-1999-00-home-25-kanu-xl","status":"publish","type":"product","link":"https:\/\/fts.you2.pl\/en\/koszulka-pilkarska-arsenal-fc-1999-00-home-25-kanu-xl\/","title":{"rendered":"Koszulka pi\u0142karska Arsenal FC 1999\/00 Home 25 Kanu [XL]"},"content":{"rendered":"<p><strong>Klub:<\/strong> Arsenal FC<\/p>\n<p><strong>Sezon:<\/strong> 1999\/00 Home<\/p>\n<p><strong>Rozmiar: <\/strong>XL<\/p>\n<p><strong>Stan:<\/strong> S\u0142aby &#8211; wyra\u017ane zabrudzenie materia\u0142u u do\u0142u koszulki na froncie oraz na plecach.<\/p>\n<p><strong>Wymiary (szeroko\u015b\u0107 pod pachami\/d\u0142ugo\u015b\u0107) w cm: <\/strong>54\/74(prz\u00f3d), 79(ty\u0142)<\/p>","protected":false},"excerpt":{"rendered":"<p data-start=\"0\" data-end=\"81\"><strong data-start=\"0\" data-end=\"79\">Oryginalna koszulka pi\u0142karska Arsenal FC z sezonu 1999\/00 \u2013 produkcji Nike.<\/strong><\/p>\n<p data-start=\"83\" data-end=\"567\">Ta <strong data-start=\"86\" data-end=\"144\">oryginalna domowa koszulka Arsenal FC z sezonu 1999\/00<\/strong>, wyprodukowana przez <strong data-start=\"166\" data-end=\"174\">Nike<\/strong>, to klasyczny model z prze\u0142omu lat 90. i 2000., utrzymany w tradycyjnych <strong data-start=\"248\" data-end=\"287\">czerwono-bia\u0142ych barwach Kanonier\u00f3w<\/strong>. Na froncie widnieje kultowe logo sponsora <strong data-start=\"331\" data-end=\"344\">Dreamcast<\/strong>, kt\u00f3re na sta\u0142e zapisa\u0142o si\u0119 w historii klubu. Ca\u0142o\u015b\u0107 uzupe\u0142niaj\u0105 <strong data-start=\"411\" data-end=\"460\">oryginalne patche Premier League na r\u0119kawkach<\/strong> oraz oficjalny nadruk <strong data-start=\"483\" data-end=\"499\">Nwankwo Kanu<\/strong> \u2013 jednego z najbardziej charyzmatycznych pi\u0142karzy tamtej dru\u017cyny.<\/p>\n<p data-start=\"569\" data-end=\"1030\">Sezon <strong data-start=\"575\" data-end=\"586\">1999\/00<\/strong> przyni\u00f3s\u0142 Arsenalowi kolejne starcia o mistrzostwo Anglii z Manchesterem United. Zesp\u00f3\u0142 Ars\u00e8ne\u2019a Wengera zako\u0144czy\u0142 rozgrywki Premier League na <strong data-start=\"730\" data-end=\"744\">2. miejscu<\/strong>, a Kanu odegra\u0142 wa\u017cn\u0105 rol\u0119 w ataku. Nigeryjski napastnik, kt\u00f3ry do\u0142\u0105czy\u0142 do Arsenalu w 1999 roku, zas\u0142yn\u0105\u0142 nie tylko techniczn\u0105 finezj\u0105, ale te\u017c niezapomnianymi wyst\u0119pami \u2013 jak <strong data-start=\"922\" data-end=\"953\">hat-trick przeciwko Chelsea<\/strong> na Stamford Bridge, daj\u0105cy Kanonierom zwyci\u0119stwo 3:2 po heroicznej pogoni.<\/p>\n<p data-start=\"1032\" data-end=\"1316\"><strong data-start=\"1032\" data-end=\"1048\">Nwankwo Kanu<\/strong> w barwach Arsenalu rozegra\u0142 <strong data-start=\"1077\" data-end=\"1101\">119 spotka\u0144 ligowych<\/strong>, zdobywaj\u0105c <strong data-start=\"1114\" data-end=\"1127\">30 bramek<\/strong> i zostaj\u0105c jednym z ulubie\u0144c\u00f3w kibic\u00f3w. Jego niepowtarzalny styl gry, \u0142\u0105cz\u0105cy spryt, technik\u0119 i nieszablonowe zagrania, uczyni\u0142 go pi\u0142karzem, kt\u00f3rego wspomina si\u0119 z ogromnym sentymentem.<\/p>\n<p data-start=\"1318\" data-end=\"1561\">Ta koszulka to nie tylko element klubowej historii, ale tak\u017ce <strong data-start=\"1380\" data-end=\"1438\">unikatowa pami\u0105tka zwi\u0105zana z legendarnym napastnikiem<\/strong>, kt\u00f3rego wyst\u0119py na zawsze pozostan\u0105 cz\u0119\u015bci\u0105 dziedzictwa Arsenalu. Idealna dla kolekcjoner\u00f3w i pasjonat\u00f3w futbolu retro.<\/p>","protected":false},"featured_media":15352,"template":"","meta":{"_kad_blocks_custom_css":"","_kad_blocks_head_custom_js":"","_kad_blocks_body_custom_js":"","_kad_blocks_footer_custom_js":"","_kad_post_transparent":"","_kad_post_title":"","_kad_post_layout":"","_kad_post_sidebar_id":"","_kad_post_content_style":"","_kad_post_vertical_padding":"","_kad_post_feature":"","_kad_post_feature_position":"","_kad_post_header":false,"_kad_post_footer":false},"product_brand":[55],"product_cat":[337,32,31],"product_tag":[],"class_list":{"0":"post-3214","1":"product","2":"type-product","3":"status-publish","4":"has-post-thumbnail","6":"product_brand-nike","7":"product_cat-arsenal-fc","8":"product_cat-kluby-angielskie","9":"product_cat-kluby-europejskie","10":"pa_rozmiar-xl","12":"first","13":"instock","14":"taxable","15":"shipping-taxable","16":"purchasable","17":"product-type-simple","18":"entry","19":"content-bg","20":"loop-entry"},"taxonomy_info":{"product_brand":[{"value":55,"label":"Nike"}],"product_cat":[{"value":337,"label":"Arsenal FC"},{"value":32,"label":"Kluby Angielskie"},{"value":31,"label":"Kluby Europejskie"}],"pa_rozmiar":[{"value":57,"label":"XL"}]},"featured_image_src_large":["https:\/\/fts.you2.pl\/wp-content\/uploads\/2025\/09\/Photoroom_023_20250815_123937-1024x1024.png",1024,1024,true],"author_info":[],"comment_info":"","_links":{"self":[{"href":"https:\/\/fts.you2.pl\/en\/wp-json\/wp\/v2\/product\/3214","targetHints":{"allow":["GET"]}}],"collection":[{"href":"https:\/\/fts.you2.pl\/en\/wp-json\/wp\/v2\/product"}],"about":[{"href":"https:\/\/fts.you2.pl\/en\/wp-json\/wp\/v2\/types\/product"}],"wp:featuredmedia":[{"embeddable":true,"href":"https:\/\/fts.you2.pl\/en\/wp-json\/wp\/v2\/media\/15352"}],"wp:attachment":[{"href":"https:\/\/fts.you2.pl\/en\/wp-json\/wp\/v2\/media?parent=3214"}],"wp:term":[{"taxonomy":"product_brand","embeddable":true,"href":"https:\/\/fts.you2.pl\/en\/wp-json\/wp\/v2\/product_brand?post=3214"},{"taxonomy":"product_cat","embeddable":true,"href":"https:\/\/fts.you2.pl\/en\/wp-json\/wp\/v2\/product_cat?post=3214"},{"taxonomy":"product_tag","embeddable":true,"href":"https:\/\/fts.you2.pl\/en\/wp-json\/wp\/v2\/product_tag?post=3214"}],"curies":[{"name":"wp","href":"https:\/\/api.w.org\/{rel}","templated":true}]}}