{"id":3215,"date":"2025-08-17T15:56:23","date_gmt":"2025-08-17T13:56:23","guid":{"rendered":"https:\/\/fts.you2.pl\/index.php\/produkt\/koszulka-pilkarska-bristol-rovers-fc-2003-05-home-xxl\/"},"modified":"2025-09-19T17:40:28","modified_gmt":"2025-09-19T15:40:28","slug":"koszulka-pilkarska-bristol-rovers-fc-2003-05-home-xxl","status":"publish","type":"product","link":"https:\/\/fts.you2.pl\/en\/koszulka-pilkarska-bristol-rovers-fc-2003-05-home-xxl\/","title":{"rendered":"Koszulka pi\u0142karska Bristol Rovers FC 2003\/05 Home [XXL]"},"content":{"rendered":"<p><strong>Klub:<\/strong> Bristol Rovers FC<\/p>\n<p><strong>Sezon:<\/strong> 2003\/05 Home<\/p>\n<p><strong>Rozmiar: <\/strong>XXL<\/p>\n<p><strong>Stan:<\/strong> Zadowalaj\u0105cy &#8211; wyra\u017ane zabrudzenia w kilku miejscach koszulki.<\/p>\n<p><strong>Wymiary (szeroko\u015b\u0107 pod pachami\/d\u0142ugo\u015b\u0107) w cm: <\/strong>65\/77(prz\u00f3d), 83(ty\u0142)<\/p>","protected":false},"excerpt":{"rendered":"<p data-start=\"0\" data-end=\"95\"><strong data-start=\"0\" data-end=\"93\">Oryginalna koszulka pi\u0142karska Bristol Rovers z sezon\u00f3w 2003\u20132005 \u2013 produkcji Strikeforce.<\/strong><\/p>\n<p data-start=\"97\" data-end=\"436\">Ta <strong data-start=\"100\" data-end=\"165\">oryginalna domowa koszulka Bristol Rovers z sezon\u00f3w 2003\u20132005<\/strong>, wyprodukowana przez mark\u0119 <strong data-start=\"193\" data-end=\"208\">Strikeforce<\/strong>, to klasyczny model w charakterystycznych <strong data-start=\"251\" data-end=\"280\">bia\u0142o-niebieskich barwach<\/strong> klubu. Wersja z <strong data-start=\"297\" data-end=\"315\">d\u0142ugim r\u0119kawem<\/strong> podkre\u015bla jej unikatowy charakter i sprawia, \u017ce stanowi jeszcze ciekawsz\u0105 pozycj\u0119 w kolekcji mi\u0142o\u015bnik\u00f3w futbolu retro.<\/p>\n<p data-start=\"438\" data-end=\"755\">Koszulka utrzymana jest w tradycyjnym <strong data-start=\"476\" data-end=\"498\">\u0107wiartkowym wzorze<\/strong> \u2013 symbolu to\u017csamo\u015bci \u201eThe Gas\u201d, kt\u00f3ry od lat wyr\u00f3\u017cnia dru\u017cyn\u0119 na tle innych angielskich klub\u00f3w. Na froncie umieszczono <strong data-start=\"618\" data-end=\"641\">herb Bristol Rovers<\/strong>, logo marki <strong data-start=\"654\" data-end=\"669\">Strikeforce<\/strong> oraz znak sponsora z tamtego okresu, tworz\u0105c autentyczny klimat pocz\u0105tku XXI wieku.<\/p>\n<p data-start=\"757\" data-end=\"1108\">Sezony <strong data-start=\"764\" data-end=\"788\">2003\/04 oraz 2004\/05<\/strong> by\u0142y dla Bristol Rovers czasem gry na poziomie <strong data-start=\"836\" data-end=\"850\">League Two<\/strong> (czwarty szczebel angielskich rozgrywek). Klub walczy\u0142 o popraw\u0119 swojej pozycji w lidze i odbudow\u0119 si\u0142y po trudniejszym okresie w historii. Dla kibic\u00f3w by\u0142a to epoka wiernego wspierania dru\u017cyny i podtrzymywania tradycji, z kt\u00f3rych Rovers s\u0142yn\u0105 od pokole\u0144.<\/p>\n<p data-start=\"1110\" data-end=\"1405\">Ta koszulka to doskona\u0142a propozycja dla <strong data-start=\"1150\" data-end=\"1200\">kolekcjoner\u00f3w oryginalnych stroj\u00f3w pi\u0142karskich<\/strong> oraz <strong data-start=\"1206\" data-end=\"1230\">fan\u00f3w Bristol Rovers<\/strong>, kt\u00f3rzy poszukuj\u0105 rzadkich egzemplarzy zwi\u0105zanych z histori\u0105 klubu. Jej <strong data-start=\"1303\" data-end=\"1322\">retro charakter<\/strong> i klasyczny design sprawiaj\u0105, \u017ce to prawdziwy unikat w\u015br\u00f3d pi\u0142karskich pami\u0105tek.<\/p>","protected":false},"featured_media":15362,"template":"","meta":{"_kad_blocks_custom_css":"","_kad_blocks_head_custom_js":"","_kad_blocks_body_custom_js":"","_kad_blocks_footer_custom_js":"","_kad_post_transparent":"","_kad_post_title":"","_kad_post_layout":"","_kad_post_sidebar_id":"","_kad_post_content_style":"","_kad_post_vertical_padding":"","_kad_post_feature":"","_kad_post_feature_position":"","_kad_post_header":false,"_kad_post_footer":false},"product_brand":[435],"product_cat":[32,31,33],"product_tag":[],"class_list":{"0":"post-3215","1":"product","2":"type-product","3":"status-publish","4":"has-post-thumbnail","6":"product_brand-strikeforce","7":"product_cat-kluby-angielskie","8":"product_cat-kluby-europejskie","9":"product_cat-pozostale-kluby-angielskie","10":"pa_rozmiar-xxl","12":"first","13":"instock","14":"taxable","15":"shipping-taxable","16":"purchasable","17":"product-type-simple","18":"entry","19":"content-bg","20":"loop-entry"},"taxonomy_info":{"product_brand":[{"value":435,"label":"Strikeforce"}],"product_cat":[{"value":32,"label":"Kluby Angielskie"},{"value":31,"label":"Kluby Europejskie"},{"value":33,"label":"Pozosta\u0142e kluby angielskie"}],"pa_rozmiar":[{"value":71,"label":"XXL"}]},"featured_image_src_large":["https:\/\/fts.you2.pl\/wp-content\/uploads\/2025\/09\/Photoroom_052_20250815_123937-1024x1024.png",1024,1024,true],"author_info":[],"comment_info":"","_links":{"self":[{"href":"https:\/\/fts.you2.pl\/en\/wp-json\/wp\/v2\/product\/3215","targetHints":{"allow":["GET"]}}],"collection":[{"href":"https:\/\/fts.you2.pl\/en\/wp-json\/wp\/v2\/product"}],"about":[{"href":"https:\/\/fts.you2.pl\/en\/wp-json\/wp\/v2\/types\/product"}],"wp:featuredmedia":[{"embeddable":true,"href":"https:\/\/fts.you2.pl\/en\/wp-json\/wp\/v2\/media\/15362"}],"wp:attachment":[{"href":"https:\/\/fts.you2.pl\/en\/wp-json\/wp\/v2\/media?parent=3215"}],"wp:term":[{"taxonomy":"product_brand","embeddable":true,"href":"https:\/\/fts.you2.pl\/en\/wp-json\/wp\/v2\/product_brand?post=3215"},{"taxonomy":"product_cat","embeddable":true,"href":"https:\/\/fts.you2.pl\/en\/wp-json\/wp\/v2\/product_cat?post=3215"},{"taxonomy":"product_tag","embeddable":true,"href":"https:\/\/fts.you2.pl\/en\/wp-json\/wp\/v2\/product_tag?post=3215"}],"curies":[{"name":"wp","href":"https:\/\/api.w.org\/{rel}","templated":true}]}}