{"id":3218,"date":"2025-08-17T15:56:21","date_gmt":"2025-08-17T13:56:21","guid":{"rendered":"https:\/\/fts.you2.pl\/index.php\/produkt\/polo-treningowe-burnley-fc-2019-20-m\/"},"modified":"2025-09-19T17:41:44","modified_gmt":"2025-09-19T15:41:44","slug":"polo-treningowe-burnley-fc-2019-20-m","status":"publish","type":"product","link":"https:\/\/fts.you2.pl\/en\/polo-treningowe-burnley-fc-2019-20-m\/","title":{"rendered":"Polo treningowe Burnley FC 2019\/20 [M]"},"content":{"rendered":"<p><strong>Klub:<\/strong> Burnley FC<\/p>\n<p><strong>Sezon:<\/strong> 2019\/20<\/p>\n<p><strong>Rozmiar: <\/strong>M<\/p>\n<p><strong>Stan:<\/strong> Doskona\u0142y<\/p>\n<p><strong>Wymiary (szeroko\u015b\u0107 pod pachami\/d\u0142ugo\u015b\u0107) w cm: <\/strong>51\/68<\/p>","protected":false},"excerpt":{"rendered":"<p data-start=\"0\" data-end=\"83\"><strong data-start=\"0\" data-end=\"81\">Oryginalna koszulka treningowa Burnley FC z sezonu 2019\/20 \u2013 produkcji Umbro.<\/strong><\/p>\n<p data-start=\"85\" data-end=\"443\">Ta <strong data-start=\"88\" data-end=\"160\">oryginalna koszulka treningowa typu polo Burnley FC z sezonu 2019\/20<\/strong>, wyprodukowana przez <strong data-start=\"182\" data-end=\"191\">Umbro<\/strong>, to stylowy i praktyczny element klubowej odzie\u017cy. Utrzymana w eleganckim <strong data-start=\"266\" data-end=\"288\">granatowym kolorze<\/strong>, \u0142\u0105czy sportowy charakter z klasycznym krojem polo, dzi\u0119ki czemu \u015bwietnie sprawdza si\u0119 nie tylko podczas treningu, ale r\u00f3wnie\u017c w codziennym u\u017cytkowaniu.<\/p>\n<p data-start=\"445\" data-end=\"757\">Na piersi umieszczono <strong data-start=\"467\" data-end=\"486\">herb Burnley FC<\/strong> oraz logo <strong data-start=\"497\" data-end=\"506\">Umbro<\/strong>, co nadaje koszulce autentycznego klubowego charakteru. Wysokiej jako\u015bci materia\u0142 o w\u0142a\u015bciwo\u015bciach oddychaj\u0105cych zapewnia <strong data-start=\"629\" data-end=\"659\">komfort, wygod\u0119 i trwa\u0142o\u015b\u0107<\/strong>, a detale wyko\u0144czenia podkre\u015blaj\u0105 profesjonalny wygl\u0105d odzie\u017cy noszonej przez pi\u0142karzy i sztab.<\/p>\n<p data-start=\"759\" data-end=\"1011\">Sezon <strong data-start=\"765\" data-end=\"776\">2019\/20<\/strong> by\u0142 dla Burnley czasem stabilizacji w <strong>Premier League<\/strong>. Dru\u017cyna prowadzona przez <strong data-start=\"856\" data-end=\"873\">Seana Dyche\u2019a<\/strong> zako\u0144czy\u0142a rozgrywki na <strong data-start=\"898\" data-end=\"913\">10. miejscu<\/strong>, prezentuj\u0105c solidny futbol i utrzymuj\u0105c mocn\u0105 pozycj\u0119 w najwy\u017cszej klasie rozgrywkowej Anglii.<\/p>\n<p data-start=\"1013\" data-end=\"1204\">Ta koszulka polo to doskona\u0142a propozycja dla <strong data-start=\"1058\" data-end=\"1092\">kolekcjoner\u00f3w odzie\u017cy klubowej<\/strong> oraz <strong data-start=\"1098\" data-end=\"1118\">fan\u00f3w Burnley FC<\/strong>, kt\u00f3rzy ceni\u0105 sobie oryginalne i funkcjonalne elementy zwi\u0105zane z ulubion\u0105 dru\u017cyn\u0105.<\/p>","protected":false},"featured_media":15387,"template":"","meta":{"_kad_blocks_custom_css":"","_kad_blocks_head_custom_js":"","_kad_blocks_body_custom_js":"","_kad_blocks_footer_custom_js":"","_kad_post_transparent":"","_kad_post_title":"","_kad_post_layout":"","_kad_post_sidebar_id":"","_kad_post_content_style":"","_kad_post_vertical_padding":"","_kad_post_feature":"","_kad_post_feature_position":"","_kad_post_header":false,"_kad_post_footer":false},"product_brand":[21],"product_cat":[25,32,31,26,33],"product_tag":[],"class_list":{"0":"post-3218","1":"product","2":"type-product","3":"status-publish","4":"has-post-thumbnail","6":"product_brand-umbro","7":"product_cat-inne","8":"product_cat-kluby-angielskie","9":"product_cat-kluby-europejskie","10":"product_cat-kurtki-bluzy-trening","11":"product_cat-pozostale-kluby-angielskie","12":"pa_rozmiar-m","14":"first","15":"instock","16":"taxable","17":"shipping-taxable","18":"purchasable","19":"product-type-simple","20":"entry","21":"content-bg","22":"loop-entry"},"taxonomy_info":{"product_brand":[{"value":21,"label":"Umbro"}],"product_cat":[{"value":25,"label":"Inne"},{"value":32,"label":"Kluby Angielskie"},{"value":31,"label":"Kluby Europejskie"},{"value":26,"label":"Kurtki\/bluzy\/trening"},{"value":33,"label":"Pozosta\u0142e kluby angielskie"}],"pa_rozmiar":[{"value":28,"label":"M"}]},"featured_image_src_large":["https:\/\/fts.you2.pl\/wp-content\/uploads\/2025\/09\/Photoroom_056_20250815_123937-1024x1024.png",1024,1024,true],"author_info":[],"comment_info":"","_links":{"self":[{"href":"https:\/\/fts.you2.pl\/en\/wp-json\/wp\/v2\/product\/3218","targetHints":{"allow":["GET"]}}],"collection":[{"href":"https:\/\/fts.you2.pl\/en\/wp-json\/wp\/v2\/product"}],"about":[{"href":"https:\/\/fts.you2.pl\/en\/wp-json\/wp\/v2\/types\/product"}],"wp:featuredmedia":[{"embeddable":true,"href":"https:\/\/fts.you2.pl\/en\/wp-json\/wp\/v2\/media\/15387"}],"wp:attachment":[{"href":"https:\/\/fts.you2.pl\/en\/wp-json\/wp\/v2\/media?parent=3218"}],"wp:term":[{"taxonomy":"product_brand","embeddable":true,"href":"https:\/\/fts.you2.pl\/en\/wp-json\/wp\/v2\/product_brand?post=3218"},{"taxonomy":"product_cat","embeddable":true,"href":"https:\/\/fts.you2.pl\/en\/wp-json\/wp\/v2\/product_cat?post=3218"},{"taxonomy":"product_tag","embeddable":true,"href":"https:\/\/fts.you2.pl\/en\/wp-json\/wp\/v2\/product_tag?post=3218"}],"curies":[{"name":"wp","href":"https:\/\/api.w.org\/{rel}","templated":true}]}}