{"id":3220,"date":"2025-08-17T15:56:19","date_gmt":"2025-08-17T13:56:19","guid":{"rendered":"https:\/\/fts.you2.pl\/index.php\/produkt\/koszulka-pilkarska-burnley-fc-2017-18-home-xl\/"},"modified":"2025-09-19T17:42:30","modified_gmt":"2025-09-19T15:42:30","slug":"koszulka-pilkarska-burnley-fc-2017-18-home-xl","status":"publish","type":"product","link":"https:\/\/fts.you2.pl\/en\/koszulka-pilkarska-burnley-fc-2017-18-home-xl\/","title":{"rendered":"Koszulka pi\u0142karska Burnley FC 2017\/18 Home [XL]"},"content":{"rendered":"<p><strong>Klub:<\/strong> Burnley FC<\/p>\n<p><strong>Sezon:<\/strong> 2017\/18 Home<\/p>\n<p><strong>Rozmiar: <\/strong>XL<\/p>\n<p><strong>Stan:<\/strong> Bardzo dobry &#8211; mikro plamka na r\u0119kawku oraz urwany szew z ty\u0142u koszulki.<\/p>\n<p><strong>Wymiary (szeroko\u015b\u0107 pod pachami\/d\u0142ugo\u015b\u0107) w cm: <\/strong>54\/76<\/p>","protected":false},"excerpt":{"rendered":"<p data-start=\"0\" data-end=\"81\"><strong data-start=\"0\" data-end=\"79\">Oryginalna koszulka pi\u0142karska Burnley FC z sezonu 2017\/18 \u2013 produkcji Pumy.<\/strong><\/p>\n<p data-start=\"83\" data-end=\"386\">Ta <strong data-start=\"86\" data-end=\"144\">oryginalna domowa koszulka Burnley FC z sezonu 2017\/18<\/strong>, wyprodukowana przez <strong data-start=\"166\" data-end=\"174\">Pum\u0119<\/strong>, to klasyczny model utrzymany w tradycyjnych <strong data-start=\"220\" data-end=\"241\">bordowych barwach<\/strong> z charakterystycznymi <strong data-start=\"264\" data-end=\"294\">jasnoniebieskimi r\u0119kawkami<\/strong>. Projekt wyr\u00f3\u017cnia si\u0119 prostot\u0105 i elegancj\u0105, podkre\u015blaj\u0105c klubow\u0105 to\u017csamo\u015b\u0107 \u201eThe Clarets\u201d.<\/p>\n<p data-start=\"388\" data-end=\"718\">Na froncie koszulki umieszczono <strong data-start=\"420\" data-end=\"439\">herb Burnley FC<\/strong>, logo <strong data-start=\"446\" data-end=\"454\">Pumy<\/strong> oraz znak sponsora <strong data-start=\"474\" data-end=\"485\">Dafabet<\/strong>, kt\u00f3re tworz\u0105 charakterystyczny zestaw identyfikuj\u0105cy dru\u017cyn\u0119 w tamtym sezonie. Wysokiej jako\u015bci materia\u0142 o w\u0142a\u015bciwo\u015bciach oddychaj\u0105cych zapewnia\u0142 zawodnikom <strong data-start=\"644\" data-end=\"664\">komfort i wygod\u0119<\/strong>, a dopasowany kr\u00f3j dodawa\u0142 nowoczesnego charakteru.<\/p>\n<p data-start=\"720\" data-end=\"957\">Sezon <strong data-start=\"726\" data-end=\"737\">2017\/18<\/strong> przeszed\u0142 do historii klubu \u2013 Burnley prowadzone przez <strong data-start=\"793\" data-end=\"810\">Seana Dyche\u2019a<\/strong> zaj\u0119\u0142o <strong data-start=\"818\" data-end=\"849\">7. miejsce w Premier League<\/strong>, co da\u0142o dru\u017cynie awans do eliminacji Ligi Europy i by\u0142o najwi\u0119kszym sukcesem zespo\u0142u w nowoczesnej erze.<\/p>\n<p data-start=\"959\" data-end=\"1162\">Ta koszulka to doskona\u0142a propozycja dla <strong data-start=\"999\" data-end=\"1037\">kolekcjoner\u00f3w koszulek pi\u0142karskich<\/strong> oraz <strong data-start=\"1043\" data-end=\"1063\">fan\u00f3w Burnley FC<\/strong>, kt\u00f3rzy chc\u0105 posiada\u0107 pami\u0105tk\u0119 z jednego z najbardziej udanych sezon\u00f3w w historii \u201eThe Clarets\u201d.<\/p>","protected":false},"featured_media":15401,"template":"","meta":{"_kad_blocks_custom_css":"","_kad_blocks_head_custom_js":"","_kad_blocks_body_custom_js":"","_kad_blocks_footer_custom_js":"","_kad_post_transparent":"","_kad_post_title":"","_kad_post_layout":"","_kad_post_sidebar_id":"","_kad_post_content_style":"","_kad_post_vertical_padding":"","_kad_post_feature":"","_kad_post_feature_position":"","_kad_post_header":false,"_kad_post_footer":false},"product_brand":[86],"product_cat":[32,31,33],"product_tag":[],"class_list":{"0":"post-3220","1":"product","2":"type-product","3":"status-publish","4":"has-post-thumbnail","6":"product_brand-puma","7":"product_cat-kluby-angielskie","8":"product_cat-kluby-europejskie","9":"product_cat-pozostale-kluby-angielskie","10":"pa_rozmiar-xl","12":"first","13":"instock","14":"taxable","15":"shipping-taxable","16":"purchasable","17":"product-type-simple","18":"entry","19":"content-bg","20":"loop-entry"},"taxonomy_info":{"product_brand":[{"value":86,"label":"Puma"}],"product_cat":[{"value":32,"label":"Kluby Angielskie"},{"value":31,"label":"Kluby Europejskie"},{"value":33,"label":"Pozosta\u0142e kluby angielskie"}],"pa_rozmiar":[{"value":57,"label":"XL"}]},"featured_image_src_large":["https:\/\/fts.you2.pl\/wp-content\/uploads\/2025\/09\/Photoroom_006_20250815_123937-1024x1024.png",1024,1024,true],"author_info":[],"comment_info":"","_links":{"self":[{"href":"https:\/\/fts.you2.pl\/en\/wp-json\/wp\/v2\/product\/3220","targetHints":{"allow":["GET"]}}],"collection":[{"href":"https:\/\/fts.you2.pl\/en\/wp-json\/wp\/v2\/product"}],"about":[{"href":"https:\/\/fts.you2.pl\/en\/wp-json\/wp\/v2\/types\/product"}],"wp:featuredmedia":[{"embeddable":true,"href":"https:\/\/fts.you2.pl\/en\/wp-json\/wp\/v2\/media\/15401"}],"wp:attachment":[{"href":"https:\/\/fts.you2.pl\/en\/wp-json\/wp\/v2\/media?parent=3220"}],"wp:term":[{"taxonomy":"product_brand","embeddable":true,"href":"https:\/\/fts.you2.pl\/en\/wp-json\/wp\/v2\/product_brand?post=3220"},{"taxonomy":"product_cat","embeddable":true,"href":"https:\/\/fts.you2.pl\/en\/wp-json\/wp\/v2\/product_cat?post=3220"},{"taxonomy":"product_tag","embeddable":true,"href":"https:\/\/fts.you2.pl\/en\/wp-json\/wp\/v2\/product_tag?post=3220"}],"curies":[{"name":"wp","href":"https:\/\/api.w.org\/{rel}","templated":true}]}}