{"id":3225,"date":"2025-08-17T15:56:16","date_gmt":"2025-08-17T13:56:16","guid":{"rendered":"https:\/\/fts.you2.pl\/index.php\/produkt\/koszulka-pilkarska-chelsea-fc-2017-18-home-xl\/"},"modified":"2025-09-19T17:45:00","modified_gmt":"2025-09-19T15:45:00","slug":"koszulka-pilkarska-chelsea-fc-2017-18-home-xl","status":"publish","type":"product","link":"https:\/\/fts.you2.pl\/en\/koszulka-pilkarska-chelsea-fc-2017-18-home-xl\/","title":{"rendered":"Koszulka pi\u0142karska Chelsea FC 2017\/18 Home [XL]"},"content":{"rendered":"<p><strong>Klub:<\/strong> Chelsea FC<\/p>\n<p><strong>Sezon:<\/strong> 2017\/18 Home<\/p>\n<p><strong>Rozmiar: <\/strong>XL<\/p>\n<p><strong>Stan:<\/strong> Doskona\u0142y<\/p>\n<p><strong>Wymiary (szeroko\u015b\u0107 pod pachami\/d\u0142ugo\u015b\u0107) w cm: <\/strong>57\/75<\/p>","protected":false},"excerpt":{"rendered":"<p data-start=\"0\" data-end=\"81\"><strong data-start=\"0\" data-end=\"79\">Oryginalna koszulka pi\u0142karska Chelsea FC z sezonu 2017\/18 \u2013 produkcji Nike.<\/strong><\/p>\n<p data-start=\"83\" data-end=\"391\">Ta <strong data-start=\"86\" data-end=\"144\">oryginalna domowa koszulka Chelsea FC z sezonu 2017\/18<\/strong>, wyprodukowana przez <strong data-start=\"166\" data-end=\"174\">Nike<\/strong>, to pierwszy model przygotowany przez tego producenta po przej\u0119ciu wsp\u00f3\u0142pracy od Adidasa. Utrzymana w klasycznym <strong data-start=\"288\" data-end=\"310\">niebieskim kolorze<\/strong>, wyr\u00f3\u017cnia si\u0119 minimalistycznym designem, kt\u00f3ry podkre\u015bla tradycj\u0119 \u201eThe Blues\u201d.<\/p>\n<p data-start=\"393\" data-end=\"710\">Na froncie koszulki umieszczono <strong data-start=\"425\" data-end=\"444\">herb Chelsea FC<\/strong>, logo <strong data-start=\"451\" data-end=\"459\">Nike<\/strong> oraz znak sponsora <strong data-start=\"479\" data-end=\"497\">Yokohama Tyres<\/strong>, tworz\u0105c charakterystyczny zestaw element\u00f3w klubowej to\u017csamo\u015bci. Wykonana z materia\u0142\u00f3w o w\u0142a\u015bciwo\u015bciach oddychaj\u0105cych <strong data-start=\"616\" data-end=\"632\">Nike Breathe<\/strong>, zapewnia\u0142a zawodnikom <strong data-start=\"656\" data-end=\"684\">komfort i swobod\u0119 ruch\u00f3w<\/strong> na najwy\u017cszym poziomie.<\/p>\n<p data-start=\"712\" data-end=\"980\">Sezon <strong data-start=\"718\" data-end=\"729\">2017\/18<\/strong> by\u0142 czasem rywalizacji Chelsea pod wodz\u0105 <strong data-start=\"771\" data-end=\"788\">Antonio Conte<\/strong>. Dru\u017cyna zako\u0144czy\u0142a rozgrywki Premier League na <strong data-start=\"837\" data-end=\"851\">5. miejscu<\/strong>, ale si\u0119gn\u0119\u0142a po presti\u017cowe trofeum, zwyci\u0119\u017caj\u0105c w <strong data-start=\"903\" data-end=\"937\">finale Pucharu Anglii (FA Cup)<\/strong> po triumfie 1:0 nad Manchesterem United.<\/p>\n<p data-start=\"982\" data-end=\"1200\">Ta koszulka to doskona\u0142y wyb\u00f3r dla <strong data-start=\"1017\" data-end=\"1067\">kolekcjoner\u00f3w oryginalnych stroj\u00f3w pi\u0142karskich<\/strong> oraz <strong data-start=\"1073\" data-end=\"1093\">fan\u00f3w Chelsea FC<\/strong>, kt\u00f3rzy chc\u0105 posiada\u0107 pami\u0105tk\u0119 z pierwszego sezonu wsp\u00f3\u0142pracy klubu z Nike i zdobycia krajowego trofeum.<\/p>","protected":false},"featured_media":15448,"template":"","meta":{"_kad_blocks_custom_css":"","_kad_blocks_head_custom_js":"","_kad_blocks_body_custom_js":"","_kad_blocks_footer_custom_js":"","_kad_post_transparent":"","_kad_post_title":"","_kad_post_layout":"","_kad_post_sidebar_id":"","_kad_post_content_style":"","_kad_post_vertical_padding":"","_kad_post_feature":"","_kad_post_feature_position":"","_kad_post_header":false,"_kad_post_footer":false},"product_brand":[55],"product_cat":[397,32,31],"product_tag":[],"class_list":{"0":"post-3225","1":"product","2":"type-product","3":"status-publish","4":"has-post-thumbnail","6":"product_brand-nike","7":"product_cat-chelsea-fc","8":"product_cat-kluby-angielskie","9":"product_cat-kluby-europejskie","10":"pa_rozmiar-xl","12":"first","13":"instock","14":"taxable","15":"shipping-taxable","16":"purchasable","17":"product-type-simple","18":"entry","19":"content-bg","20":"loop-entry"},"taxonomy_info":{"product_brand":[{"value":55,"label":"Nike"}],"product_cat":[{"value":397,"label":"Chelsea FC"},{"value":32,"label":"Kluby Angielskie"},{"value":31,"label":"Kluby Europejskie"}],"pa_rozmiar":[{"value":57,"label":"XL"}]},"featured_image_src_large":["https:\/\/fts.you2.pl\/wp-content\/uploads\/2025\/09\/Photoroom_028_20250815_123937-1024x1024.png",1024,1024,true],"author_info":[],"comment_info":"","_links":{"self":[{"href":"https:\/\/fts.you2.pl\/en\/wp-json\/wp\/v2\/product\/3225","targetHints":{"allow":["GET"]}}],"collection":[{"href":"https:\/\/fts.you2.pl\/en\/wp-json\/wp\/v2\/product"}],"about":[{"href":"https:\/\/fts.you2.pl\/en\/wp-json\/wp\/v2\/types\/product"}],"wp:featuredmedia":[{"embeddable":true,"href":"https:\/\/fts.you2.pl\/en\/wp-json\/wp\/v2\/media\/15448"}],"wp:attachment":[{"href":"https:\/\/fts.you2.pl\/en\/wp-json\/wp\/v2\/media?parent=3225"}],"wp:term":[{"taxonomy":"product_brand","embeddable":true,"href":"https:\/\/fts.you2.pl\/en\/wp-json\/wp\/v2\/product_brand?post=3225"},{"taxonomy":"product_cat","embeddable":true,"href":"https:\/\/fts.you2.pl\/en\/wp-json\/wp\/v2\/product_cat?post=3225"},{"taxonomy":"product_tag","embeddable":true,"href":"https:\/\/fts.you2.pl\/en\/wp-json\/wp\/v2\/product_tag?post=3225"}],"curies":[{"name":"wp","href":"https:\/\/api.w.org\/{rel}","templated":true}]}}