{"id":3229,"date":"2025-08-17T15:56:14","date_gmt":"2025-08-17T13:56:14","guid":{"rendered":"https:\/\/fts.you2.pl\/index.php\/produkt\/koszulka-pilkarska-leeds-united-fc-2018-19-away-43-klich-xl\/"},"modified":"2025-09-19T17:46:56","modified_gmt":"2025-09-19T15:46:56","slug":"koszulka-pilkarska-leeds-united-fc-2018-19-away-43-klich-xl","status":"publish","type":"product","link":"https:\/\/fts.you2.pl\/en\/koszulka-pilkarska-leeds-united-fc-2018-19-away-43-klich-xl\/","title":{"rendered":"Koszulka pi\u0142karska Leeds United FC 2018\/19 Away 43 Klich [XL]"},"content":{"rendered":"<p><strong>Klub:<\/strong> Leeds United FC<\/p>\n<p><strong>Sezon:<\/strong> 2018\/19 Away<\/p>\n<p><strong>Rozmiar: <\/strong>XL<\/p>\n<p><strong>Stan:<\/strong> S\u0142aby &#8211; mocno uszkodzone nadruki zar\u00f3wno z przodu jak i z ty\u0142u koszulki.<\/p>\n<p><strong>Wymiary (szeroko\u015b\u0107 pod pachami\/d\u0142ugo\u015b\u0107) w cm: <\/strong>55\/75<\/p>","protected":false},"excerpt":{"rendered":"<p data-start=\"0\" data-end=\"87\"><strong data-start=\"0\" data-end=\"85\">Oryginalna koszulka pi\u0142karska Leeds United FC z sezonu 2018\/19 \u2013 produkcji Kappy.<\/strong><\/p>\n<p data-start=\"89\" data-end=\"508\">Ta <strong data-start=\"92\" data-end=\"158\">oryginalna wyjazdowa koszulka Leeds United FC z sezonu 2018\/19<\/strong>, wyprodukowana przez <strong data-start=\"180\" data-end=\"189\">Kapp\u0119<\/strong>, to wyj\u0105tkowy model utrzymany w charakterystycznym <strong>granatowym<\/strong><strong data-start=\"241\" data-end=\"279\"> kolorze z niebieskimi i \u017c\u00f3\u0142tymi detalami<\/strong>, kt\u00f3ry szybko zyska\u0142 uznanie kibic\u00f3w \u201eThe Whites\u201d. Egzemplarz posiada oficjalny nadruk <strong data-start=\"367\" data-end=\"386\">Mateusza Klicha<\/strong> \u2013 polskiego pomocnika, kt\u00f3ry odegra\u0142 kluczow\u0105 rol\u0119 w tamtym sezonie i sta\u0142 si\u0119 jednym z lider\u00f3w dru\u017cyny Marcelo Bielsy.<\/p>\n<p data-start=\"510\" data-end=\"835\">Na froncie koszulki znajduj\u0105 si\u0119 <strong data-start=\"543\" data-end=\"564\">herb Leeds United<\/strong>, logo <strong data-start=\"571\" data-end=\"580\">Kappy<\/strong> oraz znak sponsora <strong data-start=\"600\" data-end=\"609\">32Red<\/strong>, co tworzy nowoczesny, rozpoznawalny uk\u0142ad. Dzi\u0119ki zastosowaniu lekkiego, elastycznego materia\u0142u o w\u0142a\u015bciwo\u015bciach oddychaj\u0105cych, koszulka gwarantuje <strong data-start=\"759\" data-end=\"779\">komfort i wygod\u0119<\/strong>, zar\u00f3wno podczas gry, jak i w codziennym u\u017cytkowaniu.<\/p>\n<p data-start=\"837\" data-end=\"1247\">Sezon <strong data-start=\"843\" data-end=\"854\">2018\/19<\/strong> by\u0142 pierwszym pod wodz\u0105 <strong data-start=\"879\" data-end=\"897\">Marcelo Bielsy<\/strong> i zapocz\u0105tkowa\u0142 odrodzenie Leeds United. Dru\u017cyna walczy\u0142a o awans do Premier League, docieraj\u0105c do <strong data-start=\"997\" data-end=\"1034\">p\u00f3\u0142fina\u0142u play-off\u00f3w Championship<\/strong>. <strong data-start=\"1036\" data-end=\"1053\">Mateusz Klich<\/strong> nale\u017ca\u0142 do absolutnych filar\u00f3w zespo\u0142u \u2013 rozegra\u0142 <strong data-start=\"1104\" data-end=\"1127\">46 spotka\u0144 ligowych<\/strong>, zdobywaj\u0105c <strong data-start=\"1140\" data-end=\"1171\">10 bramek i notuj\u0105c 9 asyst<\/strong>, czym udowodni\u0142 swoj\u0105 klas\u0119 i sta\u0142 si\u0119 ulubie\u0144cem kibic\u00f3w na Elland Road.<\/p>\n<p data-start=\"1249\" data-end=\"1545\">Ta koszulka to nie tylko element klubowej historii, ale tak\u017ce <strong data-start=\"1311\" data-end=\"1406\">unikatowa pami\u0105tka zwi\u0105zana z jednym z najlepszych polskich pi\u0142karzy w barwach Leeds United<\/strong>. Idealna dla <strong data-start=\"1420\" data-end=\"1458\">kolekcjoner\u00f3w koszulek pi\u0142karskich<\/strong> oraz fan\u00f3w, kt\u00f3rzy ceni\u0105 sobie autentyczne stroje z wa\u017cnych moment\u00f3w historii klubu.<\/p>","protected":false},"featured_media":15481,"template":"","meta":{"_kad_blocks_custom_css":"","_kad_blocks_head_custom_js":"","_kad_blocks_body_custom_js":"","_kad_blocks_footer_custom_js":"","_kad_post_transparent":"","_kad_post_title":"","_kad_post_layout":"","_kad_post_sidebar_id":"","_kad_post_content_style":"","_kad_post_vertical_padding":"","_kad_post_feature":"","_kad_post_feature_position":"","_kad_post_header":false,"_kad_post_footer":false},"product_brand":[35],"product_cat":[32,31,298,33],"product_tag":[],"class_list":{"0":"post-3229","1":"product","2":"type-product","3":"status-publish","4":"has-post-thumbnail","6":"product_brand-kappa","7":"product_cat-kluby-angielskie","8":"product_cat-kluby-europejskie","9":"product_cat-polscy-pilkarze","10":"product_cat-pozostale-kluby-angielskie","11":"pa_rozmiar-xl","13":"first","14":"instock","15":"taxable","16":"shipping-taxable","17":"purchasable","18":"product-type-simple","19":"entry","20":"content-bg","21":"loop-entry"},"taxonomy_info":{"product_brand":[{"value":35,"label":"Kappa"}],"product_cat":[{"value":32,"label":"Kluby Angielskie"},{"value":31,"label":"Kluby Europejskie"},{"value":298,"label":"POLSCY PI\u0141KARZE"},{"value":33,"label":"Pozosta\u0142e kluby angielskie"}],"pa_rozmiar":[{"value":57,"label":"XL"}]},"featured_image_src_large":["https:\/\/fts.you2.pl\/wp-content\/uploads\/2025\/09\/Photoroom_073_20250815_123937-1024x1024.png",1024,1024,true],"author_info":[],"comment_info":"","_links":{"self":[{"href":"https:\/\/fts.you2.pl\/en\/wp-json\/wp\/v2\/product\/3229","targetHints":{"allow":["GET"]}}],"collection":[{"href":"https:\/\/fts.you2.pl\/en\/wp-json\/wp\/v2\/product"}],"about":[{"href":"https:\/\/fts.you2.pl\/en\/wp-json\/wp\/v2\/types\/product"}],"wp:featuredmedia":[{"embeddable":true,"href":"https:\/\/fts.you2.pl\/en\/wp-json\/wp\/v2\/media\/15481"}],"wp:attachment":[{"href":"https:\/\/fts.you2.pl\/en\/wp-json\/wp\/v2\/media?parent=3229"}],"wp:term":[{"taxonomy":"product_brand","embeddable":true,"href":"https:\/\/fts.you2.pl\/en\/wp-json\/wp\/v2\/product_brand?post=3229"},{"taxonomy":"product_cat","embeddable":true,"href":"https:\/\/fts.you2.pl\/en\/wp-json\/wp\/v2\/product_cat?post=3229"},{"taxonomy":"product_tag","embeddable":true,"href":"https:\/\/fts.you2.pl\/en\/wp-json\/wp\/v2\/product_tag?post=3229"}],"curies":[{"name":"wp","href":"https:\/\/api.w.org\/{rel}","templated":true}]}}