{"id":3231,"date":"2025-08-17T15:56:40","date_gmt":"2025-08-17T13:56:40","guid":{"rendered":"https:\/\/fts.you2.pl\/index.php\/produkt\/koszulka-pilkarska-leeds-united-fc-2022-23-third-43-klich-xl\/"},"modified":"2025-09-19T17:47:54","modified_gmt":"2025-09-19T15:47:54","slug":"koszulka-pilkarska-leeds-united-fc-2022-23-third-43-klich-xl","status":"publish","type":"product","link":"https:\/\/fts.you2.pl\/en\/koszulka-pilkarska-leeds-united-fc-2022-23-third-43-klich-xl\/","title":{"rendered":"Koszulka pi\u0142karska Leeds United FC 2022\/23 Third 43 Klich [XL]"},"content":{"rendered":"<p><strong>Klub:<\/strong> Leeds United FC<\/p>\n<p><strong>Sezon:<\/strong> 2022\/23 Third<\/p>\n<p><strong>Rozmiar: <\/strong>XL<\/p>\n<p><strong>Stan:<\/strong> Doskona\u0142y<\/p>\n<p><strong>Wymiary (szeroko\u015b\u0107 pod pachami\/d\u0142ugo\u015b\u0107) w cm: <\/strong>61\/80<\/p>","protected":false},"excerpt":{"rendered":"<div class=\"flex max-w-full flex-col\">\n<div class=\"min-h-8 text-message relative flex w-full flex-col items-end gap-2 text-start break-words whitespace-normal [.text-message+&amp;]:mt-5\" dir=\"auto\" data-message-author-role=\"assistant\" data-message-id=\"75c74457-41f5-4fd2-bcc4-bd75657160c3\" data-message-model-slug=\"gpt-5\">\n<div class=\"flex w-full flex-col gap-1 empty:hidden first:pt-[3px]\">\n<div class=\"markdown prose dark:prose-invert w-full break-words light markdown-new-styling\">\n<p data-start=\"0\" data-end=\"116\"><strong data-start=\"0\" data-end=\"114\">Oryginalna trzecia koszulka Leeds United FC z sezonu 2022\/23 \u2013 produkcji Adidasa, z nadrukiem Mateusza Klicha.<\/strong><\/p>\n<p data-start=\"118\" data-end=\"686\">Ta <strong data-start=\"121\" data-end=\"192\">oryginalna trzecia koszulka pi\u0142karska Leeds United z sezonu 2022\/23<\/strong> to oficjalny model Adidasa w <strong data-start=\"222\" data-end=\"241\">czarnym kolorze<\/strong> z <strong data-start=\"244\" data-end=\"272\">pomara\u0144czowymi akcentami<\/strong> \u2013 na r\u0119kawkach\u2013 kt\u00f3re nadaj\u0105 ca\u0142o\u015bci nowoczesny, wyrazisty charakter. Na froncie znajduje si\u0119 <strong data-start=\"405\" data-end=\"426\">herb Leeds United<\/strong>, logo <strong data-start=\"433\" data-end=\"444\">Adidasa<\/strong> oraz sponsor <strong data-start=\"458\" data-end=\"468\">SBOTOP<\/strong>, a subtelny, teksturowany wz\u00f3r materia\u0142u podkre\u015bla dynamiczny wygl\u0105d tej wersji. Egzemplarz posiada <strong data-start=\"569\" data-end=\"597\">nadruk \u201eKlich\u201d z numerem<\/strong> zgodnym z sezonem 22\/23, co czyni go \u015bwietn\u0105 pami\u0105tk\u0105 z czas\u00f3w gry Polaka w Yorkshire.<\/p>\n<p data-start=\"688\" data-end=\"990\">Koszulka wykonana jest z lekkiej, technicznej tkaniny <strong data-start=\"742\" data-end=\"755\">AEROREADY<\/strong>, kt\u00f3ra skutecznie odprowadza wilgo\u0107 i zapewnia komfort podczas aktywno\u015bci oraz w codziennym u\u017cytkowaniu. Dopasowany kr\u00f3j i elastyczne panele gwarantuj\u0105 swobod\u0119 ruch\u00f3w, a ca\u0142o\u015b\u0107 dope\u0142niaj\u0105 charakterystyczne <strong data-start=\"962\" data-end=\"976\">trzy paski<\/strong> producenta.<\/p>\n<p data-start=\"992\" data-end=\"1504\"><strong data-start=\"992\" data-end=\"1009\">Mateusz Klich<\/strong> zapisa\u0142 si\u0119 w historii klubu jako kluczowa posta\u0107 ery <strong>Marcelo Bielsy<\/strong> i awansu do <strong>Premier League<\/strong> w sezonie 2019\/20. W barwach Leeds rozegra\u0142 <strong data-start=\"1150\" data-end=\"1172\">blisko 200 spotka\u0144<\/strong>, zdobywaj\u0105c <strong data-start=\"1185\" data-end=\"1204\">ponad 20 bramek<\/strong> i dok\u0142adaj\u0105c <strong data-start=\"1218\" data-end=\"1233\">wiele asyst<\/strong> \u2013 s\u0142yn\u0105\u0142 z pracowito\u015bci, inteligencji taktycznej i \u015bwietnego pressingu, a tak\u017ce z uderze\u0144 z dystansu. Koszulka z jego nazwiskiem to nie tylko stylowy element garderoby, ale r\u00f3wnie\u017c <strong data-start=\"1415\" data-end=\"1476\" data-is-only-node=\"\">uk\u0142on w stron\u0119 jednego z najbardziej lubianych pomocnik\u00f3w<\/strong> \u201eThe Whites\u201d ostatnich lat.<\/p>\n<\/div>\n<\/div>\n<\/div>\n<\/div>","protected":false},"featured_media":15500,"template":"","meta":{"_kad_blocks_custom_css":"","_kad_blocks_head_custom_js":"","_kad_blocks_body_custom_js":"","_kad_blocks_footer_custom_js":"","_kad_post_transparent":"","_kad_post_title":"","_kad_post_layout":"","_kad_post_sidebar_id":"","_kad_post_content_style":"","_kad_post_vertical_padding":"","_kad_post_feature":"","_kad_post_feature_position":"","_kad_post_header":false,"_kad_post_footer":false},"product_brand":[45],"product_cat":[32,31,298,33],"product_tag":[],"class_list":{"0":"post-3231","1":"product","2":"type-product","3":"status-publish","4":"has-post-thumbnail","6":"product_brand-adidas","7":"product_cat-kluby-angielskie","8":"product_cat-kluby-europejskie","9":"product_cat-polscy-pilkarze","10":"product_cat-pozostale-kluby-angielskie","11":"pa_rozmiar-xl","13":"first","14":"instock","15":"taxable","16":"shipping-taxable","17":"purchasable","18":"product-type-simple","19":"entry","20":"content-bg","21":"loop-entry"},"taxonomy_info":{"product_brand":[{"value":45,"label":"Adidas"}],"product_cat":[{"value":32,"label":"Kluby Angielskie"},{"value":31,"label":"Kluby Europejskie"},{"value":298,"label":"POLSCY PI\u0141KARZE"},{"value":33,"label":"Pozosta\u0142e kluby angielskie"}],"pa_rozmiar":[{"value":57,"label":"XL"}]},"featured_image_src_large":["https:\/\/fts.you2.pl\/wp-content\/uploads\/2025\/09\/Photoroom_063_20250815_123937-1024x1024.png",1024,1024,true],"author_info":[],"comment_info":"","_links":{"self":[{"href":"https:\/\/fts.you2.pl\/en\/wp-json\/wp\/v2\/product\/3231","targetHints":{"allow":["GET"]}}],"collection":[{"href":"https:\/\/fts.you2.pl\/en\/wp-json\/wp\/v2\/product"}],"about":[{"href":"https:\/\/fts.you2.pl\/en\/wp-json\/wp\/v2\/types\/product"}],"wp:featuredmedia":[{"embeddable":true,"href":"https:\/\/fts.you2.pl\/en\/wp-json\/wp\/v2\/media\/15500"}],"wp:attachment":[{"href":"https:\/\/fts.you2.pl\/en\/wp-json\/wp\/v2\/media?parent=3231"}],"wp:term":[{"taxonomy":"product_brand","embeddable":true,"href":"https:\/\/fts.you2.pl\/en\/wp-json\/wp\/v2\/product_brand?post=3231"},{"taxonomy":"product_cat","embeddable":true,"href":"https:\/\/fts.you2.pl\/en\/wp-json\/wp\/v2\/product_cat?post=3231"},{"taxonomy":"product_tag","embeddable":true,"href":"https:\/\/fts.you2.pl\/en\/wp-json\/wp\/v2\/product_tag?post=3231"}],"curies":[{"name":"wp","href":"https:\/\/api.w.org\/{rel}","templated":true}]}}