{"id":3232,"date":"2025-08-17T15:56:39","date_gmt":"2025-08-17T13:56:39","guid":{"rendered":"https:\/\/fts.you2.pl\/index.php\/produkt\/kurtka-pilkarska-liverpool-fc-2008-10-xl\/"},"modified":"2025-09-19T17:48:20","modified_gmt":"2025-09-19T15:48:20","slug":"kurtka-pilkarska-liverpool-fc-2008-10-xl","status":"publish","type":"product","link":"https:\/\/fts.you2.pl\/en\/kurtka-pilkarska-liverpool-fc-2008-10-xl\/","title":{"rendered":"Kurtka pi\u0142karska Liverpool FC 2008\/10 [XL]"},"content":{"rendered":"<p><strong>Klub:<\/strong> Liverpool FC<\/p>\n<p><strong>Sezon:<\/strong> 2008\/10<\/p>\n<p><strong>Rozmiar: <\/strong>XL<\/p>\n<p><strong>Stan:<\/strong> Doskona\u0142y<\/p>\n<p><strong>Wymiary (szeroko\u015b\u0107 pod pachami\/d\u0142ugo\u015b\u0107) w cm: <\/strong>65\/79<\/p>","protected":false},"excerpt":{"rendered":"<p data-start=\"0\" data-end=\"73\"><strong data-start=\"0\" data-end=\"71\">Oryginalna kurtka Liverpool FC z lat 2008-2010 \u2013 produkcji Adidasa.<\/strong><\/p>\n<p data-start=\"75\" data-end=\"478\">Ta <strong data-start=\"78\" data-end=\"136\">oryginalna kurtka pi\u0142karska Liverpoolu z lat 2008-2010<\/strong>, wyprodukowana przez <strong data-start=\"158\" data-end=\"169\">Adidasa<\/strong>, to klasyczny model treningowy w <strong data-start=\"203\" data-end=\"227\">ciemnoszarym kolorze<\/strong>, uzupe\u0142niony charakterystycznymi <strong data-start=\"261\" data-end=\"285\">czerwonymi wstawkami<\/strong> w postaci <strong data-start=\"296\" data-end=\"325\">trzech pask\u00f3w na r\u0119kawach<\/strong>. Minimalistyczny design po\u0142\u0105czony z klubowymi detalami sprawia, \u017ce kurtka doskonale oddaje charakter \u201eThe Reds\u201d z ko\u0144c\u00f3wki pierwszej dekady XXI wieku.<\/p>\n<p data-start=\"480\" data-end=\"801\">Na froncie umieszczono <strong data-start=\"503\" data-end=\"524\">herb Liverpool FC<\/strong>, logo <strong data-start=\"531\" data-end=\"542\">Adidasa<\/strong> oraz subtelne elementy konstrukcyjne nadaj\u0105ce ca\u0142o\u015bci sportowego wygl\u0105du. Kurtka zosta\u0142a wykonana z materia\u0142u, kt\u00f3ry zapewnia <strong data-start=\"669\" data-end=\"713\">lekko\u015b\u0107, komfort i ochron\u0119 przed ch\u0142odem<\/strong>, dlatego \u015bwietnie sprawdza si\u0119 zar\u00f3wno podczas trening\u00f3w, jak i codziennego noszenia.<\/p>\n<p data-start=\"803\" data-end=\"1048\">Lata 2008-2010 to okres, w kt\u00f3rym dru\u017cyna z Anfield pod wodz\u0105 <strong data-start=\"865\" data-end=\"885\">Rafaela Ben\u00edteza<\/strong> rywalizowa\u0142a w Premier League i Lidze Mistrz\u00f3w, maj\u0105c w sk\u0142adzie takich zawodnik\u00f3w jak <strong data-start=\"973\" data-end=\"1021\">Steven Gerrard, Fernando Torres, Xabi Alonso<\/strong> czy <strong data-start=\"1026\" data-end=\"1045\">Jamie Carragher<\/strong>.<\/p>\n<p data-start=\"1050\" data-end=\"1255\" data-is-last-node=\"\" data-is-only-node=\"\">To wyj\u0105tkowy element odzie\u017cy klubowej, kt\u00f3ry \u0142\u0105czy <strong data-start=\"1101\" data-end=\"1159\">funkcjonalno\u015b\u0107, klasyczny design i historyczn\u0105 warto\u015b\u0107<\/strong>, b\u0119d\u0105c idealnym wyborem dla fan\u00f3w Liverpoolu oraz kolekcjoner\u00f3w oryginalnych ubra\u0144 pi\u0142karskich.<\/p>","protected":false},"featured_media":15506,"template":"","meta":{"_kad_blocks_custom_css":"","_kad_blocks_head_custom_js":"","_kad_blocks_body_custom_js":"","_kad_blocks_footer_custom_js":"","_kad_post_transparent":"","_kad_post_title":"","_kad_post_layout":"","_kad_post_sidebar_id":"","_kad_post_content_style":"","_kad_post_vertical_padding":"","_kad_post_feature":"","_kad_post_feature_position":"","_kad_post_header":false,"_kad_post_footer":false},"product_brand":[45],"product_cat":[25,32,31,26,125],"product_tag":[],"class_list":{"0":"post-3232","1":"product","2":"type-product","3":"status-publish","4":"has-post-thumbnail","6":"product_brand-adidas","7":"product_cat-inne","8":"product_cat-kluby-angielskie","9":"product_cat-kluby-europejskie","10":"product_cat-kurtki-bluzy-trening","11":"product_cat-liverpool-fc","12":"pa_rozmiar-xl","14":"first","15":"instock","16":"taxable","17":"shipping-taxable","18":"purchasable","19":"product-type-simple","20":"entry","21":"content-bg","22":"loop-entry"},"taxonomy_info":{"product_brand":[{"value":45,"label":"Adidas"}],"product_cat":[{"value":25,"label":"Inne"},{"value":32,"label":"Kluby Angielskie"},{"value":31,"label":"Kluby Europejskie"},{"value":26,"label":"Kurtki\/bluzy\/trening"},{"value":125,"label":"Liverpool FC"}],"pa_rozmiar":[{"value":57,"label":"XL"}]},"featured_image_src_large":["https:\/\/fts.you2.pl\/wp-content\/uploads\/2025\/09\/Photoroom_092_20250815_123937-1024x1024.png",1024,1024,true],"author_info":[],"comment_info":"","_links":{"self":[{"href":"https:\/\/fts.you2.pl\/en\/wp-json\/wp\/v2\/product\/3232","targetHints":{"allow":["GET"]}}],"collection":[{"href":"https:\/\/fts.you2.pl\/en\/wp-json\/wp\/v2\/product"}],"about":[{"href":"https:\/\/fts.you2.pl\/en\/wp-json\/wp\/v2\/types\/product"}],"wp:featuredmedia":[{"embeddable":true,"href":"https:\/\/fts.you2.pl\/en\/wp-json\/wp\/v2\/media\/15506"}],"wp:attachment":[{"href":"https:\/\/fts.you2.pl\/en\/wp-json\/wp\/v2\/media?parent=3232"}],"wp:term":[{"taxonomy":"product_brand","embeddable":true,"href":"https:\/\/fts.you2.pl\/en\/wp-json\/wp\/v2\/product_brand?post=3232"},{"taxonomy":"product_cat","embeddable":true,"href":"https:\/\/fts.you2.pl\/en\/wp-json\/wp\/v2\/product_cat?post=3232"},{"taxonomy":"product_tag","embeddable":true,"href":"https:\/\/fts.you2.pl\/en\/wp-json\/wp\/v2\/product_tag?post=3232"}],"curies":[{"name":"wp","href":"https:\/\/api.w.org\/{rel}","templated":true}]}}