{"id":3233,"date":"2025-08-17T15:56:39","date_gmt":"2025-08-17T13:56:39","guid":{"rendered":"https:\/\/fts.you2.pl\/index.php\/produkt\/koszulka-pilkarska-liverpool-fc-2019-20-away-9-firmino-xxl\/"},"modified":"2025-09-19T17:48:49","modified_gmt":"2025-09-19T15:48:49","slug":"koszulka-pilkarska-liverpool-fc-2019-20-away-9-firmino-xxl","status":"publish","type":"product","link":"https:\/\/fts.you2.pl\/en\/koszulka-pilkarska-liverpool-fc-2019-20-away-9-firmino-xxl\/","title":{"rendered":"Koszulka pi\u0142karska Liverpool FC 2019\/20 Away 9 Firmino [XXL]"},"content":{"rendered":"<p><strong>Klub:<\/strong> Liverpool FC<\/p>\n<p><strong>Sezon:<\/strong> 2019\/20 Away<\/p>\n<p><strong>Rozmiar: <\/strong>XXL<\/p>\n<p><strong>Stan:<\/strong> Doskona\u0142y<\/p>\n<p><strong>Wymiary (szeroko\u015b\u0107 pod pachami\/d\u0142ugo\u015b\u0107) w cm: <\/strong>61\/80<\/p>","protected":false},"excerpt":{"rendered":"<article class=\"text-token-text-primary w-full focus:outline-none scroll-mt-[calc(var(--header-height)+min(200px,max(70px,20svh)))]\" dir=\"auto\" tabindex=\"-1\" data-turn-id=\"request-6889f6f2-4b18-832f-a18d-67852bf3e672-2\" data-testid=\"conversation-turn-218\" data-scroll-anchor=\"true\" data-turn=\"assistant\">\n<div class=\"text-base my-auto mx-auto pb-10 [--thread-content-margin:--spacing(4)] @[37rem]:[--thread-content-margin:--spacing(6)] @[72rem]:[--thread-content-margin:--spacing(16)] px-(--thread-content-margin)\">\n<div class=\"[--thread-content-max-width:32rem] @[34rem]:[--thread-content-max-width:40rem] @[64rem]:[--thread-content-max-width:48rem] mx-auto max-w-(--thread-content-max-width) flex-1 group\/turn-messages focus-visible:outline-hidden relative flex w-full min-w-0 flex-col agent-turn\" tabindex=\"-1\">\n<div class=\"flex max-w-full flex-col grow\">\n<div class=\"min-h-8 text-message relative flex w-full flex-col items-end gap-2 text-start break-words whitespace-normal [.text-message+&amp;]:mt-5\" dir=\"auto\" data-message-author-role=\"assistant\" data-message-id=\"fa10e295-a720-4307-9852-8fe9814a0b39\" data-message-model-slug=\"gpt-5\">\n<div class=\"flex w-full flex-col gap-1 empty:hidden first:pt-[3px]\">\n<div class=\"markdown prose dark:prose-invert w-full break-words light markdown-new-styling\">\n<p data-start=\"0\" data-end=\"119\"><strong data-start=\"0\" data-end=\"117\">Oryginalna wyjazdowa koszulka Liverpool FC z sezonu 2019\/20 \u2013 produkcji New Balance, z nadrukiem Roberto Firmino.<\/strong><\/p>\n<p data-start=\"121\" data-end=\"694\">Ta <strong data-start=\"124\" data-end=\"188\">oryginalna wyjazdowa koszulka Liverpoolu FC z sezonu 2019\/20<\/strong>, wyprodukowana przez <strong data-start=\"210\" data-end=\"225\">New Balance<\/strong>, to oficjalny model, w kt\u00f3rym \u201eThe Reds\u201d wyst\u0119powali podczas historycznego sezonu zako\u0144czonego zdobyciem pierwszego od 30 lat mistrzostwa Anglii. Koszulka utrzymana jest w <strong data-start=\"398\" data-end=\"416\">bia\u0142ym kolorze<\/strong> z <strong data-start=\"419\" data-end=\"444\">granatowymi akcentami<\/strong> na ko\u0142nierzu, mankietach i logotypach, a na froncie widniej\u0105: <strong data-start=\"507\" data-end=\"529\">herb Liverpoolu FC<\/strong>, logo <strong data-start=\"536\" data-end=\"551\">New Balance<\/strong> oraz sponsor <strong data-start=\"565\" data-end=\"587\">Standard Chartered<\/strong>. Egzemplarz posiada <strong data-start=\"608\" data-end=\"634\">nadruk Roberto Firmino<\/strong> \u2013 jednego z kluczowych zawodnik\u00f3w dru\u017cyny J\u00fcrgena Kloppa.<\/p>\n<p data-start=\"696\" data-end=\"930\">Koszulka wykonana zosta\u0142a z lekkiego, technicznego materia\u0142u o w\u0142a\u015bciwo\u015bciach <strong data-start=\"774\" data-end=\"817\">oddychaj\u0105cych i odprowadzaj\u0105cych wilgo\u0107<\/strong>, co gwarantuje wysoki komfort noszenia. Nowoczesny kr\u00f3j i dopasowanie podkre\u015blaj\u0105 jej profesjonalny charakter.<\/p>\n<p data-start=\"932\" data-end=\"1280\"><strong data-start=\"932\" data-end=\"951\">Roberto Firmino<\/strong> w sezonie 2019\/20 odgrywa\u0142 istotn\u0105 rol\u0119 w ofensywie Liverpoolu, wsp\u00f3\u0142pracuj\u0105c z <strong data-start=\"1032\" data-end=\"1053\">Mohamedem Salahem<\/strong> i <strong data-start=\"1056\" data-end=\"1070\">Sadio Man\u00e9<\/strong>, tworz\u0105c jedne z najgro\u017aniejszych atak\u00f3w w Europie. Brazylijczyk s\u0142yn\u0105\u0142 z pressingowej gry, inteligentnych poda\u0144 i bramek w kluczowych momentach, dzi\u0119ki czemu zyska\u0142 ogromne uznanie kibic\u00f3w na ca\u0142ym \u015bwiecie.<\/p>\n<p data-start=\"1282\" data-end=\"1469\" data-is-last-node=\"\" data-is-only-node=\"\">To koszulka, kt\u00f3ra \u0142\u0105czy <strong data-start=\"1307\" data-end=\"1374\">nowoczesny design, historyczny sukces klubu i pi\u0142karsk\u0105 warto\u015b\u0107<\/strong>, czyni\u0105c j\u0105 wyj\u0105tkowym egzemplarzem dla kolekcjoner\u00f3w oraz fan\u00f3w Liverpoolu i Roberto Firmino.<\/p>\n<\/div>\n<\/div>\n<\/div>\n<\/div>\n<\/div>\n<\/div>\n<\/article>","protected":false},"featured_media":15513,"template":"","meta":{"_kad_blocks_custom_css":"","_kad_blocks_head_custom_js":"","_kad_blocks_body_custom_js":"","_kad_blocks_footer_custom_js":"","_kad_post_transparent":"","_kad_post_title":"","_kad_post_layout":"","_kad_post_sidebar_id":"","_kad_post_content_style":"","_kad_post_vertical_padding":"","_kad_post_feature":"","_kad_post_feature_position":"","_kad_post_header":false,"_kad_post_footer":false},"product_brand":[204],"product_cat":[32,31,125],"product_tag":[],"class_list":{"0":"post-3233","1":"product","2":"type-product","3":"status-publish","4":"has-post-thumbnail","6":"product_brand-new-balance","7":"product_cat-kluby-angielskie","8":"product_cat-kluby-europejskie","9":"product_cat-liverpool-fc","10":"pa_rozmiar-xxl","12":"first","13":"instock","14":"taxable","15":"shipping-taxable","16":"purchasable","17":"product-type-simple","18":"entry","19":"content-bg","20":"loop-entry"},"taxonomy_info":{"product_brand":[{"value":204,"label":"New Balance"}],"product_cat":[{"value":32,"label":"Kluby Angielskie"},{"value":31,"label":"Kluby Europejskie"},{"value":125,"label":"Liverpool FC"}],"pa_rozmiar":[{"value":71,"label":"XXL"}]},"featured_image_src_large":["https:\/\/fts.you2.pl\/wp-content\/uploads\/2025\/09\/Photoroom_091_20250815_123937-1-1024x1024.png",1024,1024,true],"author_info":[],"comment_info":"","_links":{"self":[{"href":"https:\/\/fts.you2.pl\/en\/wp-json\/wp\/v2\/product\/3233","targetHints":{"allow":["GET"]}}],"collection":[{"href":"https:\/\/fts.you2.pl\/en\/wp-json\/wp\/v2\/product"}],"about":[{"href":"https:\/\/fts.you2.pl\/en\/wp-json\/wp\/v2\/types\/product"}],"wp:featuredmedia":[{"embeddable":true,"href":"https:\/\/fts.you2.pl\/en\/wp-json\/wp\/v2\/media\/15513"}],"wp:attachment":[{"href":"https:\/\/fts.you2.pl\/en\/wp-json\/wp\/v2\/media?parent=3233"}],"wp:term":[{"taxonomy":"product_brand","embeddable":true,"href":"https:\/\/fts.you2.pl\/en\/wp-json\/wp\/v2\/product_brand?post=3233"},{"taxonomy":"product_cat","embeddable":true,"href":"https:\/\/fts.you2.pl\/en\/wp-json\/wp\/v2\/product_cat?post=3233"},{"taxonomy":"product_tag","embeddable":true,"href":"https:\/\/fts.you2.pl\/en\/wp-json\/wp\/v2\/product_tag?post=3233"}],"curies":[{"name":"wp","href":"https:\/\/api.w.org\/{rel}","templated":true}]}}