{"id":3234,"date":"2025-08-17T15:56:38","date_gmt":"2025-08-17T13:56:38","guid":{"rendered":"https:\/\/fts.you2.pl\/index.php\/produkt\/kurtka-treningowa-liverpool-fc-2008-10-m\/"},"modified":"2025-09-19T17:49:22","modified_gmt":"2025-09-19T15:49:22","slug":"kurtka-treningowa-liverpool-fc-2008-10-m","status":"publish","type":"product","link":"https:\/\/fts.you2.pl\/en\/kurtka-treningowa-liverpool-fc-2008-10-m\/","title":{"rendered":"Kurtka treningowa Liverpool FC 2008\/10 [M]"},"content":{"rendered":"<p><strong>Klub:<\/strong> Liverpool FC<\/p>\n<p><strong>Sezon:<\/strong> 2008\/10<\/p>\n<p><strong>Rozmiar: <\/strong>M<\/p>\n<p><strong>Stan:<\/strong> S\u0142aby &#8211; kilka dziurek na plecach, zabrudzenie na r\u0119kawie oraz pop\u0119kane nadruki z ty\u0142u kurtki.<\/p>\n<p><strong>Wymiary (szeroko\u015b\u0107 pod pachami\/d\u0142ugo\u015b\u0107) w cm: <\/strong>56\/66<\/p>","protected":false},"excerpt":{"rendered":"<p data-start=\"0\" data-end=\"73\"><strong data-start=\"0\" data-end=\"71\">Oryginalna kurtka Liverpool FC z lat 2008-2010 \u2013 produkcji Adidasa.<\/strong><\/p>\n<p data-start=\"75\" data-end=\"456\">Ta <strong data-start=\"78\" data-end=\"136\">oryginalna kurtka pi\u0142karska Liverpoolu z lat 2008-2010<\/strong>, wyprodukowana przez <strong data-start=\"158\" data-end=\"169\">Adidasa<\/strong>, to klasyczny model klubowej odzie\u017cy z ko\u0144c\u00f3wki pierwszej dekady XXI wieku. Utrzymana w <strong data-start=\"258\" data-end=\"291\">intensywnie czerwonym kolorze<\/strong>, wzbogacona zosta\u0142a o charakterystyczne <strong data-start=\"332\" data-end=\"367\">bia\u0142e paski Adidasa na r\u0119kawach<\/strong> oraz <strong data-start=\"373\" data-end=\"401\">czarne wstawki po bokach<\/strong>, kt\u00f3re nadaj\u0105 jej sportowego i dynamicznego wygl\u0105du.<\/p>\n<p data-start=\"458\" data-end=\"799\">Na piersi umieszczono <strong data-start=\"480\" data-end=\"501\">herb Liverpool FC<\/strong> oraz logo <strong data-start=\"512\" data-end=\"523\">Adidasa<\/strong>, a ca\u0142o\u015b\u0107 wykonano z wysokiej jako\u015bci materia\u0142u, kt\u00f3ry zapewnia <strong data-start=\"588\" data-end=\"633\">komfort, trwa\u0142o\u015b\u0107 i ochron\u0119 przed ch\u0142odem<\/strong>. Kurtka wyposa\u017cona jest w zamek, praktyczne kieszenie i dopasowany kr\u00f3j, dzi\u0119ki czemu sprawdzi si\u0119 zar\u00f3wno podczas trening\u00f3w, jak i w codziennym u\u017cytkowaniu.<\/p>\n<p data-start=\"801\" data-end=\"1088\">Okres 2008-2010 to czas, gdy dru\u017cyn\u0119 prowadzi\u0142 <strong data-start=\"848\" data-end=\"866\">Rafael Ben\u00edtez<\/strong>, a w sk\u0142adzie \u201eThe Reds\u201d wyst\u0119powali pi\u0142karze \u015bwiatowej klasy, m.in. <strong data-start=\"936\" data-end=\"984\">Steven Gerrard, Fernando Torres, Xabi Alonso<\/strong> czy <strong data-start=\"989\" data-end=\"1002\">Dirk Kuyt<\/strong>, co sprawia, \u017ce klubowe stroje z tego okresu maj\u0105 wyj\u0105tkow\u0105 warto\u015b\u0107 kolekcjonersk\u0105.<\/p>\n<p data-start=\"1090\" data-end=\"1267\" data-is-last-node=\"\" data-is-only-node=\"\">Ta kurtka to po\u0142\u0105czenie <strong data-start=\"1114\" data-end=\"1165\">klasycznego designu, historii i funkcjonalno\u015bci<\/strong>, kt\u00f3re czyni j\u0105 atrakcyjnym wyborem dla kibic\u00f3w Liverpoolu i kolekcjoner\u00f3w pi\u0142karskiej odzie\u017cy retro.<\/p>","protected":false},"featured_media":15521,"template":"","meta":{"_kad_blocks_custom_css":"","_kad_blocks_head_custom_js":"","_kad_blocks_body_custom_js":"","_kad_blocks_footer_custom_js":"","_kad_post_transparent":"","_kad_post_title":"","_kad_post_layout":"","_kad_post_sidebar_id":"","_kad_post_content_style":"","_kad_post_vertical_padding":"","_kad_post_feature":"","_kad_post_feature_position":"","_kad_post_header":false,"_kad_post_footer":false},"product_brand":[45],"product_cat":[25,32,31,26,125],"product_tag":[],"class_list":{"0":"post-3234","1":"product","2":"type-product","3":"status-publish","4":"has-post-thumbnail","6":"product_brand-adidas","7":"product_cat-inne","8":"product_cat-kluby-angielskie","9":"product_cat-kluby-europejskie","10":"product_cat-kurtki-bluzy-trening","11":"product_cat-liverpool-fc","12":"pa_rozmiar-m","14":"first","15":"instock","16":"taxable","17":"shipping-taxable","18":"purchasable","19":"product-type-simple","20":"entry","21":"content-bg","22":"loop-entry"},"taxonomy_info":{"product_brand":[{"value":45,"label":"Adidas"}],"product_cat":[{"value":25,"label":"Inne"},{"value":32,"label":"Kluby Angielskie"},{"value":31,"label":"Kluby Europejskie"},{"value":26,"label":"Kurtki\/bluzy\/trening"},{"value":125,"label":"Liverpool FC"}],"pa_rozmiar":[{"value":28,"label":"M"}]},"featured_image_src_large":["https:\/\/fts.you2.pl\/wp-content\/uploads\/2025\/09\/Photoroom_084_20250815_123937-1024x1024.png",1024,1024,true],"author_info":[],"comment_info":"","_links":{"self":[{"href":"https:\/\/fts.you2.pl\/en\/wp-json\/wp\/v2\/product\/3234","targetHints":{"allow":["GET"]}}],"collection":[{"href":"https:\/\/fts.you2.pl\/en\/wp-json\/wp\/v2\/product"}],"about":[{"href":"https:\/\/fts.you2.pl\/en\/wp-json\/wp\/v2\/types\/product"}],"wp:featuredmedia":[{"embeddable":true,"href":"https:\/\/fts.you2.pl\/en\/wp-json\/wp\/v2\/media\/15521"}],"wp:attachment":[{"href":"https:\/\/fts.you2.pl\/en\/wp-json\/wp\/v2\/media?parent=3234"}],"wp:term":[{"taxonomy":"product_brand","embeddable":true,"href":"https:\/\/fts.you2.pl\/en\/wp-json\/wp\/v2\/product_brand?post=3234"},{"taxonomy":"product_cat","embeddable":true,"href":"https:\/\/fts.you2.pl\/en\/wp-json\/wp\/v2\/product_cat?post=3234"},{"taxonomy":"product_tag","embeddable":true,"href":"https:\/\/fts.you2.pl\/en\/wp-json\/wp\/v2\/product_tag?post=3234"}],"curies":[{"name":"wp","href":"https:\/\/api.w.org\/{rel}","templated":true}]}}