{"id":3235,"date":"2025-08-17T15:56:37","date_gmt":"2025-08-17T13:56:37","guid":{"rendered":"https:\/\/fts.you2.pl\/index.php\/produkt\/koszulka-pilkarska-liverpool-fc-2022-23-third-l\/"},"modified":"2025-09-19T17:49:51","modified_gmt":"2025-09-19T15:49:51","slug":"koszulka-pilkarska-liverpool-fc-2022-23-third-l","status":"publish","type":"product","link":"https:\/\/fts.you2.pl\/en\/koszulka-pilkarska-liverpool-fc-2022-23-third-l\/","title":{"rendered":"Koszulka pi\u0142karska Liverpool FC 2022\/23 Third [L]"},"content":{"rendered":"<p><strong>Klub:<\/strong> Liverpool FC<\/p>\n<p><strong>Sezon:<\/strong> 2022\/23 Third<\/p>\n<p><strong>Rozmiar: <\/strong>L<\/p>\n<p><strong>Stan:<\/strong> S\u0142aby &#8211; ca\u0142kowicie uszkodzony nadruk sponsora na r\u0119kawku, zabrudzenia u do\u0142u koszulki na froncie oraz dwa mikro zaci\u0105gni\u0119cia na plecach.<\/p>\n<p><strong>Wymiary (szeroko\u015b\u0107 pod pachami\/d\u0142ugo\u015b\u0107) w cm: <\/strong>56\/73<\/p>","protected":false},"excerpt":{"rendered":"<p data-start=\"83\" data-end=\"505\">Ta <strong data-start=\"86\" data-end=\"155\">oryginalna trzecia koszulka pi\u0142karska Liverpoolu z sezonu 2022\/23<\/strong>, wyprodukowana przez <strong data-start=\"177\" data-end=\"185\">Nike<\/strong>, zosta\u0142a zaprojektowana w ciemnym <strong data-start=\"231\" data-end=\"251\">zielonym kolorze<\/strong>, uzupe\u0142nionym <strong data-start=\"266\" data-end=\"290\">pomara\u0144czowymi wstawkami<\/strong> na ko\u0142nierzyku oraz detalach. To odwa\u017cna i nowoczesna propozycja, kt\u00f3ra wyr\u00f3\u017cnia\u0142a si\u0119 na boiskach<strong> Ligi Mistrz\u00f3w i Premier League<\/strong>, a jednocze\u015bnie doskonale nawi\u0105zywa\u0142a do alternatywnych barw klubowych<strong> \u201eThe Reds\u201d<\/strong>.<\/p>\n<p data-start=\"507\" data-end=\"790\">Na froncie umieszczono <strong data-start=\"530\" data-end=\"551\">herb Liverpool FC<\/strong>, logo <strong data-start=\"558\" data-end=\"566\">Nike<\/strong> oraz sponsora <strong data-start=\"581\" data-end=\"603\">Standard Chartered<\/strong>, a na r\u0119kawku znalaz\u0142o si\u0119 logo <strong data-start=\"636\" data-end=\"647\">Expedia<\/strong>. Koszulka zosta\u0142a wykonana z lekkiego i oddychaj\u0105cego materia\u0142u, kt\u00f3ry gwarantuje komfort podczas gry oraz codziennego noszenia.<\/p>\n<p data-start=\"1039\" data-end=\"1190\" data-is-last-node=\"\" data-is-only-node=\"\">To <strong data-start=\"1042\" data-end=\"1074\">stylowy i funkcjonalny model<\/strong>, kt\u00f3ry stanowi \u015bwietny wyb\u00f3r zar\u00f3wno dla kibic\u00f3w Liverpoolu, jak i kolekcjoner\u00f3w oryginalnych koszulek pi\u0142karskich.<\/p>","protected":false},"featured_media":15532,"template":"","meta":{"_kad_blocks_custom_css":"","_kad_blocks_head_custom_js":"","_kad_blocks_body_custom_js":"","_kad_blocks_footer_custom_js":"","_kad_post_transparent":"","_kad_post_title":"","_kad_post_layout":"","_kad_post_sidebar_id":"","_kad_post_content_style":"","_kad_post_vertical_padding":"","_kad_post_feature":"","_kad_post_feature_position":"","_kad_post_header":false,"_kad_post_footer":false},"product_brand":[55],"product_cat":[32,31,125],"product_tag":[],"class_list":{"0":"post-3235","1":"product","2":"type-product","3":"status-publish","4":"has-post-thumbnail","6":"product_brand-nike","7":"product_cat-kluby-angielskie","8":"product_cat-kluby-europejskie","9":"product_cat-liverpool-fc","10":"pa_rozmiar-l","12":"first","13":"instock","14":"taxable","15":"shipping-taxable","16":"purchasable","17":"product-type-simple","18":"entry","19":"content-bg","20":"loop-entry"},"taxonomy_info":{"product_brand":[{"value":55,"label":"Nike"}],"product_cat":[{"value":32,"label":"Kluby Angielskie"},{"value":31,"label":"Kluby Europejskie"},{"value":125,"label":"Liverpool FC"}],"pa_rozmiar":[{"value":39,"label":"L"}]},"featured_image_src_large":["https:\/\/fts.you2.pl\/wp-content\/uploads\/2025\/09\/Photoroom_042_20250815_123937-1024x1024.png",1024,1024,true],"author_info":[],"comment_info":"","_links":{"self":[{"href":"https:\/\/fts.you2.pl\/en\/wp-json\/wp\/v2\/product\/3235","targetHints":{"allow":["GET"]}}],"collection":[{"href":"https:\/\/fts.you2.pl\/en\/wp-json\/wp\/v2\/product"}],"about":[{"href":"https:\/\/fts.you2.pl\/en\/wp-json\/wp\/v2\/types\/product"}],"wp:featuredmedia":[{"embeddable":true,"href":"https:\/\/fts.you2.pl\/en\/wp-json\/wp\/v2\/media\/15532"}],"wp:attachment":[{"href":"https:\/\/fts.you2.pl\/en\/wp-json\/wp\/v2\/media?parent=3235"}],"wp:term":[{"taxonomy":"product_brand","embeddable":true,"href":"https:\/\/fts.you2.pl\/en\/wp-json\/wp\/v2\/product_brand?post=3235"},{"taxonomy":"product_cat","embeddable":true,"href":"https:\/\/fts.you2.pl\/en\/wp-json\/wp\/v2\/product_cat?post=3235"},{"taxonomy":"product_tag","embeddable":true,"href":"https:\/\/fts.you2.pl\/en\/wp-json\/wp\/v2\/product_tag?post=3235"}],"curies":[{"name":"wp","href":"https:\/\/api.w.org\/{rel}","templated":true}]}}