{"id":3236,"date":"2025-08-17T15:56:36","date_gmt":"2025-08-17T13:56:36","guid":{"rendered":"https:\/\/fts.you2.pl\/index.php\/produkt\/polo-liverpool-fc-2017-18-l\/"},"modified":"2025-09-19T17:50:22","modified_gmt":"2025-09-19T15:50:22","slug":"polo-liverpool-fc-2017-18-l","status":"publish","type":"product","link":"https:\/\/fts.you2.pl\/en\/polo-liverpool-fc-2017-18-l\/","title":{"rendered":"Polo Liverpool FC 2017\/18 [L]"},"content":{"rendered":"<p><strong>Klub:<\/strong> Liverpool FC<\/p>\n<p><strong>Sezon:<\/strong> 2017\/18<\/p>\n<p><strong>Rozmiar: <\/strong>L<\/p>\n<p><strong>Stan:<\/strong> Bardzo dobry &#8211; drobny \u015blad po przeprasowaniu.<\/p>\n<p><strong>Wymiary (szeroko\u015b\u0107 pod pachami\/d\u0142ugo\u015b\u0107) w cm: <\/strong>51\/71<\/p>","protected":false},"excerpt":{"rendered":"<article class=\"text-token-text-primary w-full focus:outline-none scroll-mt-[calc(var(--header-height)+min(200px,max(70px,20svh)))]\" dir=\"auto\" tabindex=\"-1\" data-turn-id=\"request-6889f6f2-4b18-832f-a18d-67852bf3e672-6\" data-testid=\"conversation-turn-226\" data-scroll-anchor=\"true\" data-turn=\"assistant\">\n<div class=\"text-base my-auto mx-auto pb-10 [--thread-content-margin:--spacing(4)] @[37rem]:[--thread-content-margin:--spacing(6)] @[72rem]:[--thread-content-margin:--spacing(16)] px-(--thread-content-margin)\">\n<div class=\"[--thread-content-max-width:32rem] @[34rem]:[--thread-content-max-width:40rem] @[64rem]:[--thread-content-max-width:48rem] mx-auto max-w-(--thread-content-max-width) flex-1 group\/turn-messages focus-visible:outline-hidden relative flex w-full min-w-0 flex-col agent-turn\" tabindex=\"-1\">\n<div class=\"flex max-w-full flex-col grow\">\n<div class=\"min-h-8 text-message relative flex w-full flex-col items-end gap-2 text-start break-words whitespace-normal [.text-message+&amp;]:mt-5\" dir=\"auto\" data-message-author-role=\"assistant\" data-message-id=\"40f87da5-c0dd-4497-a2a5-24f80def278b\" data-message-model-slug=\"gpt-5\">\n<div class=\"flex w-full flex-col gap-1 empty:hidden first:pt-[3px]\">\n<div class=\"markdown prose dark:prose-invert w-full break-words light markdown-new-styling\">\n<p data-start=\"0\" data-end=\"85\"><strong data-start=\"0\" data-end=\"83\">Oryginalna koszulka polo Liverpool FC z sezonu 2017\/18 \u2013 produkcji New Balance.<\/strong><\/p>\n<p data-start=\"87\" data-end=\"446\">Ta <strong data-start=\"90\" data-end=\"160\">oryginalna bawe\u0142niana koszulka polo Liverpoolu FC z sezonu 2017\/18<\/strong>, wyprodukowana przez <strong data-start=\"182\" data-end=\"197\">New Balance<\/strong>, to stylowy i wygodny element garderoby, kt\u00f3ry \u0142\u0105czy klubow\u0105 elegancj\u0119 z codziennym komfortem. Utrzymana w klasycznym <strong data-start=\"316\" data-end=\"337\">czerwonym kolorze<\/strong>, wyr\u00f3\u017cnia si\u0119 minimalistycznym designem, charakterystycznym ko\u0142nierzykiem polo oraz subtelnym brandingiem.<\/p>\n<p data-start=\"448\" data-end=\"629\">Na piersi znajduje si\u0119 <strong data-start=\"471\" data-end=\"492\">herb Liverpool FC<\/strong> oraz logo producenta <strong data-start=\"514\" data-end=\"529\">New Balance<\/strong>, a ca\u0142o\u015b\u0107 dope\u0142nia wysokiej jako\u015bci materia\u0142, kt\u00f3ry zapewnia <strong data-start=\"591\" data-end=\"626\">mi\u0119kko\u015b\u0107, przewiewno\u015b\u0107 i wygod\u0119<\/strong>.<\/p>\n<p data-start=\"631\" data-end=\"844\">Sezon 2017\/18 by\u0142 dla Liverpoolu niezwykle wa\u017cny \u2013 dru\u017cyna prowadzona przez <strong data-start=\"707\" data-end=\"725\">J\u00fcrgena Kloppa<\/strong> dotar\u0142a a\u017c do fina\u0142u Ligi Mistrz\u00f3w, gdzie ofensywne trio <strong data-start=\"783\" data-end=\"805\">Salah\u2013Man\u00e9\u2013Firmino<\/strong> zachwyca\u0142o kibic\u00f3w na ca\u0142ym \u015bwiecie.<\/p>\n<p data-start=\"846\" data-end=\"1008\" data-is-last-node=\"\" data-is-only-node=\"\">To koszulka polo, kt\u00f3ra \u015bwietnie sprawdzi si\u0119 zar\u00f3wno jako <strong data-start=\"905\" data-end=\"933\">casualowy element stroju<\/strong>, jak i <strong data-start=\"941\" data-end=\"984\">pami\u0105tka z czas\u00f3w odrodzenia Liverpoolu<\/strong> na europejskiej scenie.<\/p>\n<\/div>\n<\/div>\n<\/div>\n<\/div>\n<\/div>\n<\/div>\n<\/article>","protected":false},"featured_media":15543,"template":"","meta":{"_kad_blocks_custom_css":"","_kad_blocks_head_custom_js":"","_kad_blocks_body_custom_js":"","_kad_blocks_footer_custom_js":"","_kad_post_transparent":"","_kad_post_title":"","_kad_post_layout":"","_kad_post_sidebar_id":"","_kad_post_content_style":"","_kad_post_vertical_padding":"","_kad_post_feature":"","_kad_post_feature_position":"","_kad_post_header":false,"_kad_post_footer":false},"product_brand":[204],"product_cat":[25,32,31,26,125],"product_tag":[],"class_list":{"0":"post-3236","1":"product","2":"type-product","3":"status-publish","4":"has-post-thumbnail","6":"product_brand-new-balance","7":"product_cat-inne","8":"product_cat-kluby-angielskie","9":"product_cat-kluby-europejskie","10":"product_cat-kurtki-bluzy-trening","11":"product_cat-liverpool-fc","12":"pa_rozmiar-l","14":"first","15":"instock","16":"taxable","17":"shipping-taxable","18":"purchasable","19":"product-type-simple","20":"entry","21":"content-bg","22":"loop-entry"},"taxonomy_info":{"product_brand":[{"value":204,"label":"New Balance"}],"product_cat":[{"value":25,"label":"Inne"},{"value":32,"label":"Kluby Angielskie"},{"value":31,"label":"Kluby Europejskie"},{"value":26,"label":"Kurtki\/bluzy\/trening"},{"value":125,"label":"Liverpool FC"}],"pa_rozmiar":[{"value":39,"label":"L"}]},"featured_image_src_large":["https:\/\/fts.you2.pl\/wp-content\/uploads\/2025\/09\/Photoroom_000_20250815_123937-1024x1024.png",1024,1024,true],"author_info":[],"comment_info":"","_links":{"self":[{"href":"https:\/\/fts.you2.pl\/en\/wp-json\/wp\/v2\/product\/3236","targetHints":{"allow":["GET"]}}],"collection":[{"href":"https:\/\/fts.you2.pl\/en\/wp-json\/wp\/v2\/product"}],"about":[{"href":"https:\/\/fts.you2.pl\/en\/wp-json\/wp\/v2\/types\/product"}],"wp:featuredmedia":[{"embeddable":true,"href":"https:\/\/fts.you2.pl\/en\/wp-json\/wp\/v2\/media\/15543"}],"wp:attachment":[{"href":"https:\/\/fts.you2.pl\/en\/wp-json\/wp\/v2\/media?parent=3236"}],"wp:term":[{"taxonomy":"product_brand","embeddable":true,"href":"https:\/\/fts.you2.pl\/en\/wp-json\/wp\/v2\/product_brand?post=3236"},{"taxonomy":"product_cat","embeddable":true,"href":"https:\/\/fts.you2.pl\/en\/wp-json\/wp\/v2\/product_cat?post=3236"},{"taxonomy":"product_tag","embeddable":true,"href":"https:\/\/fts.you2.pl\/en\/wp-json\/wp\/v2\/product_tag?post=3236"}],"curies":[{"name":"wp","href":"https:\/\/api.w.org\/{rel}","templated":true}]}}