{"id":3237,"date":"2025-08-17T15:56:34","date_gmt":"2025-08-17T13:56:34","guid":{"rendered":"https:\/\/fts.you2.pl\/index.php\/produkt\/koszulka-treningowa-liverpool-fc-2019-20-xxl\/"},"modified":"2025-09-19T17:50:44","modified_gmt":"2025-09-19T15:50:44","slug":"koszulka-treningowa-liverpool-fc-2019-20-xxl","status":"publish","type":"product","link":"https:\/\/fts.you2.pl\/en\/koszulka-treningowa-liverpool-fc-2019-20-xxl\/","title":{"rendered":"Koszulka treningowa Liverpool FC 2019\/20 [XXL]"},"content":{"rendered":"<p><strong>Klub:<\/strong> Liverpool FC<\/p>\n<p><strong>Sezon:<\/strong> 2019\/20<\/p>\n<p><strong>Rozmiar: <\/strong>XXL<\/p>\n<p><strong>Stan:<\/strong> Doskona\u0142y<\/p>\n<p><strong>Wymiary (szeroko\u015b\u0107 pod pachami\/d\u0142ugo\u015b\u0107) w cm: <\/strong>63\/82<\/p>","protected":false},"excerpt":{"rendered":"<p data-start=\"0\" data-end=\"91\"><strong data-start=\"0\" data-end=\"89\">Oryginalna koszulka treningowa Liverpool FC z sezonu 2019\/20 \u2013 produkcji New Balance.<\/strong><\/p>\n<p data-start=\"93\" data-end=\"490\">Ta <strong data-start=\"96\" data-end=\"161\">oryginalna koszulka treningowa Liverpoolu FC z sezonu 2019\/20<\/strong>, wyprodukowana przez <strong data-start=\"183\" data-end=\"198\">New Balance<\/strong>, to oficjalny model u\u017cywany przez zawodnik\u00f3w \u201eThe Reds\u201d podczas przygotowa\u0144 do spotka\u0144 w historycznym sezonie, zako\u0144czonym zdobyciem <strong data-start=\"332\" data-end=\"375\">mistrzostwa Anglii po 30 latach przerwy<\/strong>. Utrzymana w <strong data-start=\"389\" data-end=\"421\">klasycznym czerwonym kolorze<\/strong>, doskonale oddaje klubow\u0105 to\u017csamo\u015b\u0107 i charakter dru\u017cyny z Anfield.<\/p>\n<p data-start=\"492\" data-end=\"831\">Na froncie widnieje <strong data-start=\"512\" data-end=\"533\">herb Liverpool FC<\/strong>, logo <strong data-start=\"540\" data-end=\"555\">New Balance<\/strong> oraz sponsor techniczny <strong data-start=\"580\" data-end=\"587\">AXA<\/strong>, kt\u00f3ry w tym okresie pojawia\u0142 si\u0119 wy\u0142\u0105cznie na odzie\u017cy treningowej. Wykonana z nowoczesnego materia\u0142u o w\u0142a\u015bciwo\u015bciach <strong data-start=\"707\" data-end=\"750\">oddychaj\u0105cych i odprowadzaj\u0105cych wilgo\u0107<\/strong>, koszulka zapewnia\u0142a zawodnikom maksymalny komfort podczas intensywnych zaj\u0119\u0107.<\/p>\n<p data-start=\"833\" data-end=\"1085\">Sezon 2019\/20 zapisa\u0142 si\u0119 z\u0142otymi zg\u0142oskami w historii klubu \u2013 pod wodz\u0105 <strong data-start=\"906\" data-end=\"924\">J\u00fcrgena Kloppa<\/strong> Liverpool zdominowa\u0142 rozgrywki Premier League, a kluczowe role odgrywali tacy pi\u0142karze jak <strong data-start=\"1016\" data-end=\"1082\">Mohamed Salah, Sadio Man\u00e9, Roberto Firmino czy Virgil van Dijk<\/strong>.<\/p>\n<p data-start=\"1087\" data-end=\"1258\" data-is-last-node=\"\" data-is-only-node=\"\">To koszulka, kt\u00f3ra \u0142\u0105czy <strong data-start=\"1112\" data-end=\"1169\">funkcjonalno\u015b\u0107, prostot\u0119 i wielk\u0105 warto\u015b\u0107 historyczn\u0105<\/strong>, czyni\u0105c j\u0105 wyj\u0105tkowym egzemplarzem zar\u00f3wno dla kolekcjoner\u00f3w, jak i kibic\u00f3w Liverpoolu.<\/p>","protected":false},"featured_media":15549,"template":"","meta":{"_kad_blocks_custom_css":"","_kad_blocks_head_custom_js":"","_kad_blocks_body_custom_js":"","_kad_blocks_footer_custom_js":"","_kad_post_transparent":"","_kad_post_title":"","_kad_post_layout":"","_kad_post_sidebar_id":"","_kad_post_content_style":"","_kad_post_vertical_padding":"","_kad_post_feature":"","_kad_post_feature_position":"","_kad_post_header":false,"_kad_post_footer":false},"product_brand":[204],"product_cat":[25,32,31,26,125],"product_tag":[],"class_list":{"0":"post-3237","1":"product","2":"type-product","3":"status-publish","4":"has-post-thumbnail","6":"product_brand-new-balance","7":"product_cat-inne","8":"product_cat-kluby-angielskie","9":"product_cat-kluby-europejskie","10":"product_cat-kurtki-bluzy-trening","11":"product_cat-liverpool-fc","12":"pa_rozmiar-xxl","14":"first","15":"instock","16":"taxable","17":"shipping-taxable","18":"purchasable","19":"product-type-simple","20":"entry","21":"content-bg","22":"loop-entry"},"taxonomy_info":{"product_brand":[{"value":204,"label":"New Balance"}],"product_cat":[{"value":25,"label":"Inne"},{"value":32,"label":"Kluby Angielskie"},{"value":31,"label":"Kluby Europejskie"},{"value":26,"label":"Kurtki\/bluzy\/trening"},{"value":125,"label":"Liverpool FC"}],"pa_rozmiar":[{"value":71,"label":"XXL"}]},"featured_image_src_large":["https:\/\/fts.you2.pl\/wp-content\/uploads\/2025\/09\/Photoroom_020_20250815_123937-1024x1024.png",1024,1024,true],"author_info":[],"comment_info":"","_links":{"self":[{"href":"https:\/\/fts.you2.pl\/en\/wp-json\/wp\/v2\/product\/3237","targetHints":{"allow":["GET"]}}],"collection":[{"href":"https:\/\/fts.you2.pl\/en\/wp-json\/wp\/v2\/product"}],"about":[{"href":"https:\/\/fts.you2.pl\/en\/wp-json\/wp\/v2\/types\/product"}],"wp:featuredmedia":[{"embeddable":true,"href":"https:\/\/fts.you2.pl\/en\/wp-json\/wp\/v2\/media\/15549"}],"wp:attachment":[{"href":"https:\/\/fts.you2.pl\/en\/wp-json\/wp\/v2\/media?parent=3237"}],"wp:term":[{"taxonomy":"product_brand","embeddable":true,"href":"https:\/\/fts.you2.pl\/en\/wp-json\/wp\/v2\/product_brand?post=3237"},{"taxonomy":"product_cat","embeddable":true,"href":"https:\/\/fts.you2.pl\/en\/wp-json\/wp\/v2\/product_cat?post=3237"},{"taxonomy":"product_tag","embeddable":true,"href":"https:\/\/fts.you2.pl\/en\/wp-json\/wp\/v2\/product_tag?post=3237"}],"curies":[{"name":"wp","href":"https:\/\/api.w.org\/{rel}","templated":true}]}}