{"id":3240,"date":"2025-08-17T15:56:31","date_gmt":"2025-08-17T13:56:31","guid":{"rendered":"https:\/\/fts.you2.pl\/index.php\/produkt\/koszulka-pilkarska-liverpool-fc-2019-20-home-xl\/"},"modified":"2025-09-19T17:51:54","modified_gmt":"2025-09-19T15:51:54","slug":"koszulka-pilkarska-liverpool-fc-2019-20-home-xl","status":"publish","type":"product","link":"https:\/\/fts.you2.pl\/en\/koszulka-pilkarska-liverpool-fc-2019-20-home-xl\/","title":{"rendered":"Koszulka pi\u0142karska Liverpool FC 2019\/20 Home [XL]"},"content":{"rendered":"<p><strong>Klub:<\/strong> Liverpool FC<\/p>\n<p><strong>Sezon:<\/strong> 2019\/20 Home<\/p>\n<p><strong>Rozmiar: <\/strong>XL<\/p>\n<p><strong>Stan:<\/strong> Doskona\u0142y<\/p>\n<p><strong>Wymiary (szeroko\u015b\u0107 pod pachami\/d\u0142ugo\u015b\u0107) w cm: <\/strong>59\/73<\/p>","protected":false},"excerpt":{"rendered":"<article class=\"text-token-text-primary w-full focus:outline-none scroll-mt-[calc(var(--header-height)+min(200px,max(70px,20svh)))]\" dir=\"auto\" tabindex=\"-1\" data-turn-id=\"request-6889f6f2-4b18-832f-a18d-67852bf3e672-2\" data-testid=\"conversation-turn-236\" data-scroll-anchor=\"true\" data-turn=\"assistant\">\n<div class=\"text-base my-auto mx-auto pb-10 [--thread-content-margin:--spacing(4)] @[37rem]:[--thread-content-margin:--spacing(6)] @[72rem]:[--thread-content-margin:--spacing(16)] px-(--thread-content-margin)\">\n<div class=\"[--thread-content-max-width:32rem] @[34rem]:[--thread-content-max-width:40rem] @[64rem]:[--thread-content-max-width:48rem] mx-auto max-w-(--thread-content-max-width) flex-1 group\/turn-messages focus-visible:outline-hidden relative flex w-full min-w-0 flex-col agent-turn\" tabindex=\"-1\">\n<div class=\"flex max-w-full flex-col grow\">\n<div class=\"min-h-8 text-message relative flex w-full flex-col items-end gap-2 text-start break-words whitespace-normal [.text-message+&amp;]:mt-5\" dir=\"auto\" data-message-author-role=\"assistant\" data-message-id=\"843fc642-cf75-4860-aead-d6cf9aa2f331\" data-message-model-slug=\"gpt-5\">\n<div class=\"flex w-full flex-col gap-1 empty:hidden first:pt-[3px]\">\n<div class=\"markdown prose dark:prose-invert w-full break-words light markdown-new-styling\">\n<p data-start=\"0\" data-end=\"87\"><strong data-start=\"0\" data-end=\"85\">Oryginalna domowa koszulka Liverpool FC z sezonu 2019\/20 \u2013 produkcji New Balance.<\/strong><\/p>\n<p data-start=\"89\" data-end=\"450\">Ta <strong data-start=\"92\" data-end=\"153\">oryginalna domowa koszulka Liverpoolu FC z sezonu 2019\/20<\/strong>, wyprodukowana przez <strong data-start=\"175\" data-end=\"190\">New Balance<\/strong>, to wyj\u0105tkowy model, kt\u00f3ry na zawsze zapisa\u0142 si\u0119 w historii klubu. Utrzymana w klasycznym <strong data-start=\"281\" data-end=\"302\">czerwonym kolorze<\/strong>, wzbogacona zosta\u0142a o subtelne <strong data-start=\"334\" data-end=\"350\">bia\u0142e detale<\/strong> oraz charakterystyczne <strong data-start=\"374\" data-end=\"399\">cienkie pionowe paski<\/strong>, nawi\u0105zuj\u0105ce do eleganckich tradycji Liverpoolu.<\/p>\n<p data-start=\"452\" data-end=\"771\">Na froncie widnieje <strong data-start=\"472\" data-end=\"486\">herb klubu<\/strong>, logo <strong data-start=\"493\" data-end=\"508\">New Balance<\/strong> oraz sponsor g\u0142\u00f3wny <strong data-start=\"529\" data-end=\"551\">Standard Chartered<\/strong>, a na r\u0119kawku dodatkowo <strong data-start=\"576\" data-end=\"598\">logo Western Union<\/strong>. Koszulka wykonana zosta\u0142a z nowoczesnego materia\u0142u o w\u0142a\u015bciwo\u015bciach <strong data-start=\"668\" data-end=\"711\">oddychaj\u0105cych i odprowadzaj\u0105cych wilgo\u0107<\/strong>, zapewniaj\u0105c wygod\u0119 zar\u00f3wno na boisku, jak i na co dzie\u0144.<\/p>\n<p data-start=\"773\" data-end=\"1153\">Sezon 2019\/20 by\u0142 absolutnie historyczny \u2013 pod wodz\u0105 <strong data-start=\"826\" data-end=\"844\">J\u00fcrgena Kloppa<\/strong> \u201eThe Reds\u201d zdobyli <strong data-start=\"864\" data-end=\"907\">mistrzostwo Anglii po 30 latach przerwy<\/strong>, ko\u0144cz\u0105c rozgrywki Premier League z ogromn\u0105 przewag\u0105 punktow\u0105. Gwiazdy takie jak <strong data-start=\"989\" data-end=\"1056\">Mohamed Salah, Sadio Man\u00e9, Virgil van Dijk czy Jordan Henderson<\/strong> odegra\u0142y kluczowe role w tym sukcesie, a ta koszulka sta\u0142a si\u0119 symbolem triumfu ca\u0142ej dru\u017cyny.<\/p>\n<p data-start=\"1155\" data-end=\"1308\" data-is-last-node=\"\" data-is-only-node=\"\">To model o <strong data-start=\"1166\" data-end=\"1221\">ogromnej warto\u015bci sentymentalnej i kolekcjonerskiej<\/strong>, b\u0119d\u0105cy obowi\u0105zkow\u0105 pozycj\u0105 dla ka\u017cdego kibica Liverpoolu oraz fana angielskiej pi\u0142ki.<\/p>\n<\/div>\n<\/div>\n<\/div>\n<\/div>\n<\/div>\n<\/div>\n<\/article>","protected":false},"featured_media":15570,"template":"","meta":{"_kad_blocks_custom_css":"","_kad_blocks_head_custom_js":"","_kad_blocks_body_custom_js":"","_kad_blocks_footer_custom_js":"","_kad_post_transparent":"","_kad_post_title":"","_kad_post_layout":"","_kad_post_sidebar_id":"","_kad_post_content_style":"","_kad_post_vertical_padding":"","_kad_post_feature":"","_kad_post_feature_position":"","_kad_post_header":false,"_kad_post_footer":false},"product_brand":[204],"product_cat":[32,31,125],"product_tag":[],"class_list":{"0":"post-3240","1":"product","2":"type-product","3":"status-publish","4":"has-post-thumbnail","6":"product_brand-new-balance","7":"product_cat-kluby-angielskie","8":"product_cat-kluby-europejskie","9":"product_cat-liverpool-fc","10":"pa_rozmiar-xl","12":"first","13":"instock","14":"taxable","15":"shipping-taxable","16":"purchasable","17":"product-type-simple","18":"entry","19":"content-bg","20":"loop-entry"},"taxonomy_info":{"product_brand":[{"value":204,"label":"New Balance"}],"product_cat":[{"value":32,"label":"Kluby Angielskie"},{"value":31,"label":"Kluby Europejskie"},{"value":125,"label":"Liverpool FC"}],"pa_rozmiar":[{"value":57,"label":"XL"}]},"featured_image_src_large":["https:\/\/fts.you2.pl\/wp-content\/uploads\/2025\/09\/Photoroom_004_20250815_123937-1024x1024.png",1024,1024,true],"author_info":[],"comment_info":"","_links":{"self":[{"href":"https:\/\/fts.you2.pl\/en\/wp-json\/wp\/v2\/product\/3240","targetHints":{"allow":["GET"]}}],"collection":[{"href":"https:\/\/fts.you2.pl\/en\/wp-json\/wp\/v2\/product"}],"about":[{"href":"https:\/\/fts.you2.pl\/en\/wp-json\/wp\/v2\/types\/product"}],"wp:featuredmedia":[{"embeddable":true,"href":"https:\/\/fts.you2.pl\/en\/wp-json\/wp\/v2\/media\/15570"}],"wp:attachment":[{"href":"https:\/\/fts.you2.pl\/en\/wp-json\/wp\/v2\/media?parent=3240"}],"wp:term":[{"taxonomy":"product_brand","embeddable":true,"href":"https:\/\/fts.you2.pl\/en\/wp-json\/wp\/v2\/product_brand?post=3240"},{"taxonomy":"product_cat","embeddable":true,"href":"https:\/\/fts.you2.pl\/en\/wp-json\/wp\/v2\/product_cat?post=3240"},{"taxonomy":"product_tag","embeddable":true,"href":"https:\/\/fts.you2.pl\/en\/wp-json\/wp\/v2\/product_tag?post=3240"}],"curies":[{"name":"wp","href":"https:\/\/api.w.org\/{rel}","templated":true}]}}