{"id":3241,"date":"2025-08-17T15:56:30","date_gmt":"2025-08-17T13:56:30","guid":{"rendered":"https:\/\/fts.you2.pl\/index.php\/produkt\/koszulka-pilkarska-norwich-city-fc-2004-05-home-m\/"},"modified":"2025-09-19T17:52:17","modified_gmt":"2025-09-19T15:52:17","slug":"koszulka-pilkarska-norwich-city-fc-2004-05-home-m","status":"publish","type":"product","link":"https:\/\/fts.you2.pl\/en\/koszulka-pilkarska-norwich-city-fc-2004-05-home-m\/","title":{"rendered":"Koszulka pi\u0142karska Norwich City FC 2004\/05 Home [M]"},"content":{"rendered":"<p><strong>Klub:<\/strong> Norwich City FC<\/p>\n<p><strong>Sezon:<\/strong> 2004\/05 Home<\/p>\n<p><strong>Rozmiar: <\/strong>M<\/p>\n<p><strong>Stan:<\/strong> Doskona\u0142y<\/p>\n<p><strong>Wymiary (szeroko\u015b\u0107 pod pachami\/d\u0142ugo\u015b\u0107) w cm: <\/strong>56\/75<\/p>","protected":false},"excerpt":{"rendered":"<p data-start=\"0\" data-end=\"89\"><strong data-start=\"0\" data-end=\"87\">Oryginalna domowa koszulka Norwich City FC z sezonu 2004\/05 \u2013 produkcji marki Xara.<\/strong><\/p>\n<p data-start=\"91\" data-end=\"500\">Ta <strong data-start=\"94\" data-end=\"167\">oryginalna domowa koszulka pi\u0142karska Norwich City FC z sezonu 2004\/05<\/strong>, wyprodukowana przez mark\u0119 <strong data-start=\"195\" data-end=\"203\">Xara<\/strong>, to klasyczny model w tradycyjnych <strong data-start=\"239\" data-end=\"277\">\u017c\u00f3\u0142to-zielonych barwach \u201eKanark\u00f3w\u201d<\/strong>, kt\u00f3re od dekad s\u0105 znakiem rozpoznawczym klubu z Carrow Road. Na froncie koszulki widnieje <strong data-start=\"369\" data-end=\"390\">herb Norwich City<\/strong>, logo producenta oraz sponsor g\u0142\u00f3wny \u2013 <strong data-start=\"430\" data-end=\"440\">Proton<\/strong>, nadaj\u0105cy jej charakterystycznego wygl\u0105du z tamtej epoki.<\/p>\n<p data-start=\"502\" data-end=\"715\">Koszulka wyr\u00f3\u017cnia si\u0119 prostym, a zarazem ponadczasowym designem, podkre\u015blaj\u0105cym klubow\u0105 to\u017csamo\u015b\u0107. Wykonana z lekkiego i przewiewnego materia\u0142u, zapewnia wygod\u0119 zar\u00f3wno na boisku, jak i w codziennym u\u017cytkowaniu.<\/p>\n<p data-start=\"717\" data-end=\"968\">Sezon 2004\/05 mia\u0142 szczeg\u00f3lne znaczenie, poniewa\u017c Norwich City rywalizowa\u0142o w\u00f3wczas w <strong data-start=\"803\" data-end=\"821\">Premier League<\/strong>, co by\u0142o dla klubu du\u017cym wyzwaniem i historycznym momentem. Pomimo trudno\u015bci, dru\u017cyna zyska\u0142a uznanie za waleczno\u015b\u0107 i wsparcie wiernych kibic\u00f3w.<\/p>\n<p data-start=\"970\" data-end=\"1159\" data-is-last-node=\"\" data-is-only-node=\"\">To koszulka o du\u017cej warto\u015bci sentymentalnej, stanowi\u0105ca \u015bwietny wyb\u00f3r zar\u00f3wno dla <strong data-start=\"1052\" data-end=\"1069\">kolekcjoner\u00f3w<\/strong>, jak i fan\u00f3w Norwich City, kt\u00f3rzy chc\u0105 posiada\u0107 autentyczny fragment historii \u201eKanark\u00f3w\u201d.<\/p>","protected":false},"featured_media":15578,"template":"","meta":{"_kad_blocks_custom_css":"","_kad_blocks_head_custom_js":"","_kad_blocks_body_custom_js":"","_kad_blocks_footer_custom_js":"","_kad_post_transparent":"","_kad_post_title":"","_kad_post_layout":"","_kad_post_sidebar_id":"","_kad_post_content_style":"","_kad_post_vertical_padding":"","_kad_post_feature":"","_kad_post_feature_position":"","_kad_post_header":false,"_kad_post_footer":false},"product_brand":[459],"product_cat":[32,31,33],"product_tag":[],"class_list":{"0":"post-3241","1":"product","2":"type-product","3":"status-publish","4":"has-post-thumbnail","6":"product_brand-xara","7":"product_cat-kluby-angielskie","8":"product_cat-kluby-europejskie","9":"product_cat-pozostale-kluby-angielskie","10":"pa_rozmiar-m","12":"first","13":"instock","14":"taxable","15":"shipping-taxable","16":"purchasable","17":"product-type-simple","18":"entry","19":"content-bg","20":"loop-entry"},"taxonomy_info":{"product_brand":[{"value":459,"label":"Xara"}],"product_cat":[{"value":32,"label":"Kluby Angielskie"},{"value":31,"label":"Kluby Europejskie"},{"value":33,"label":"Pozosta\u0142e kluby angielskie"}],"pa_rozmiar":[{"value":28,"label":"M"}]},"featured_image_src_large":["https:\/\/fts.you2.pl\/wp-content\/uploads\/2025\/09\/Photoroom_094_20250815_123937-1024x1024.png",1024,1024,true],"author_info":[],"comment_info":"","_links":{"self":[{"href":"https:\/\/fts.you2.pl\/en\/wp-json\/wp\/v2\/product\/3241","targetHints":{"allow":["GET"]}}],"collection":[{"href":"https:\/\/fts.you2.pl\/en\/wp-json\/wp\/v2\/product"}],"about":[{"href":"https:\/\/fts.you2.pl\/en\/wp-json\/wp\/v2\/types\/product"}],"wp:featuredmedia":[{"embeddable":true,"href":"https:\/\/fts.you2.pl\/en\/wp-json\/wp\/v2\/media\/15578"}],"wp:attachment":[{"href":"https:\/\/fts.you2.pl\/en\/wp-json\/wp\/v2\/media?parent=3241"}],"wp:term":[{"taxonomy":"product_brand","embeddable":true,"href":"https:\/\/fts.you2.pl\/en\/wp-json\/wp\/v2\/product_brand?post=3241"},{"taxonomy":"product_cat","embeddable":true,"href":"https:\/\/fts.you2.pl\/en\/wp-json\/wp\/v2\/product_cat?post=3241"},{"taxonomy":"product_tag","embeddable":true,"href":"https:\/\/fts.you2.pl\/en\/wp-json\/wp\/v2\/product_tag?post=3241"}],"curies":[{"name":"wp","href":"https:\/\/api.w.org\/{rel}","templated":true}]}}