{"id":3247,"date":"2025-08-17T15:56:46","date_gmt":"2025-08-17T13:56:46","guid":{"rendered":"https:\/\/fts.you2.pl\/index.php\/produkt\/koszulka-bramkarska-tottenham-hotspur-fc-2015-16-1-lloris-m\/"},"modified":"2025-09-19T17:54:58","modified_gmt":"2025-09-19T15:54:58","slug":"koszulka-bramkarska-tottenham-hotspur-fc-2015-16-1-lloris-m","status":"publish","type":"product","link":"https:\/\/fts.you2.pl\/en\/koszulka-bramkarska-tottenham-hotspur-fc-2015-16-1-lloris-m\/","title":{"rendered":"Koszulka bramkarska Tottenham Hotspur FC 2015\/16 1 Lloris [M]"},"content":{"rendered":"<p><strong>Klub:<\/strong> Tottenham Hotspur FC<\/p>\n<p><strong>Sezon:<\/strong> 2015\/16<\/p>\n<p><strong>Rozmiar: <\/strong>M<\/p>\n<p><strong>Stan:<\/strong> Zadowalaj\u0105cy &#8211; koszulka nie posiada wi\u0119kszych wad, poza dwiema drobnymi dziurkami na plecach oraz jednym, du\u017cym zaci\u0105gni\u0119ciem materia\u0142u.<\/p>\n<p><strong>Wymiary (szeroko\u015b\u0107 pod pachami\/d\u0142ugo\u015b\u0107) w cm: <\/strong>51\/75<\/p>","protected":false},"excerpt":{"rendered":"<article class=\"text-token-text-primary w-full focus:outline-none scroll-mt-[calc(var(--header-height)+min(200px,max(70px,20svh)))]\" dir=\"auto\" tabindex=\"-1\" data-turn-id=\"request-6889f6f2-4b18-832f-a18d-67852bf3e672-4\" data-testid=\"conversation-turn-194\" data-scroll-anchor=\"true\" data-turn=\"assistant\">\n<div class=\"text-base my-auto mx-auto pb-10 [--thread-content-margin:--spacing(4)] @[37rem]:[--thread-content-margin:--spacing(6)] @[72rem]:[--thread-content-margin:--spacing(16)] px-(--thread-content-margin)\">\n<div class=\"[--thread-content-max-width:32rem] @[34rem]:[--thread-content-max-width:40rem] @[64rem]:[--thread-content-max-width:48rem] mx-auto max-w-(--thread-content-max-width) flex-1 group\/turn-messages focus-visible:outline-hidden relative flex w-full min-w-0 flex-col agent-turn\" tabindex=\"-1\">\n<div class=\"flex max-w-full flex-col grow\">\n<div class=\"min-h-8 text-message relative flex w-full flex-col items-end gap-2 text-start break-words whitespace-normal [.text-message+&amp;]:mt-5\" dir=\"auto\" data-message-author-role=\"assistant\" data-message-id=\"ab8fd6f2-30b3-42ea-9933-12c7a584df8c\" data-message-model-slug=\"gpt-5\">\n<div class=\"flex w-full flex-col gap-1 empty:hidden first:pt-[3px]\">\n<div class=\"markdown prose dark:prose-invert w-full break-words light markdown-new-styling\">\n<p data-start=\"0\" data-end=\"150\"><strong data-start=\"0\" data-end=\"148\">Oryginalna bramkarska koszulka Tottenhamu Hotspur z sezonu 2015\/16 \u2013 produkcji Under Armour, z nadrukiem Hugo Llorisa i patchami Premier League.<\/strong><\/p>\n<p data-start=\"152\" data-end=\"527\">Ta <strong data-start=\"155\" data-end=\"225\">oryginalna bramkarska koszulka Tottenhamu Hotspur z sezonu 2015\/16<\/strong>, wyprodukowana przez <strong data-start=\"247\" data-end=\"263\">Under Armour<\/strong>, to oficjalny model noszony przez bramkarzy \u201eKogut\u00f3w\u201d podczas mecz\u00f3w Premier League. Egzemplarz wyr\u00f3\u017cnia si\u0119 <strong data-start=\"373\" data-end=\"399\">nadrukiem Hugo Llorisa<\/strong> \u2013 kapitana dru\u017cyny i jednej z legend klubu \u2013 oraz <strong data-start=\"450\" data-end=\"471\">patchami ligowymi<\/strong> na r\u0119kawkach, co nadaje mu w pe\u0142ni meczowy charakter.<\/p>\n<p data-start=\"529\" data-end=\"813\">Koszulka zosta\u0142a utrzymana w <strong data-start=\"558\" data-end=\"596\">eleganckim, ciemnozielonym kolorze<\/strong>, prze\u0142amanym <strong data-start=\"610\" data-end=\"644\">bia\u0142ymi wstawkami na r\u0119kawkach<\/strong>, co podkre\u015bla jej dynamiczny wygl\u0105d. Na piersi widnieje <strong data-start=\"701\" data-end=\"738\">haftowany herb Tottenhamu Hotspur<\/strong>, logo <strong data-start=\"745\" data-end=\"761\">Under Armour<\/strong> oraz sponsor g\u0142\u00f3wny <strong data-start=\"782\" data-end=\"789\">AIA<\/strong> w kontrastowej bieli.<\/p>\n<p data-start=\"815\" data-end=\"1013\">Wykonana z technicznego materia\u0142u o w\u0142a\u015bciwo\u015bciach <strong data-start=\"866\" data-end=\"909\">oddychaj\u0105cych i odprowadzaj\u0105cych wilgo\u0107<\/strong>, koszulka gwarantuje <strong data-start=\"931\" data-end=\"968\">komfort, lekko\u015b\u0107 i swobod\u0119 ruch\u00f3w<\/strong> \u2013 cechy kluczowe dla stroju bramkarskiego.<\/p>\n<p data-start=\"1015\" data-end=\"1262\">Sezon 2015\/16 by\u0142 dla Tottenhamu wyj\u0105tkowy \u2013 dru\u017cyna prowadzona przez <strong data-start=\"1085\" data-end=\"1108\">Mauricio Pochettino<\/strong> walczy\u0142a o mistrzostwo Anglii, a <strong data-start=\"1142\" data-end=\"1157\">Hugo Lloris<\/strong> odegra\u0142 kluczow\u0105 rol\u0119 w defensywie zespo\u0142u, imponuj\u0105c licznymi interwencjami i przyw\u00f3dztwem na boisku.<\/p>\n<p data-start=\"1264\" data-end=\"1470\" data-is-last-node=\"\" data-is-only-node=\"\">To koszulka, kt\u00f3ra \u0142\u0105czy <strong data-start=\"1289\" data-end=\"1369\">profesjonalny design, pe\u0142n\u0105 autentyczno\u015b\u0107 i wyj\u0105tkow\u0105 warto\u015b\u0107 kolekcjonersk\u0105<\/strong>. Doskona\u0142y wyb\u00f3r dla fan\u00f3w Tottenhamu i sympatyk\u00f3w jednego z najlepszych bramkarzy w historii klubu.<\/p>\n<\/div>\n<\/div>\n<\/div>\n<\/div>\n<div class=\"flex min-h-[46px] justify-start\"><\/div>\n<\/div>\n<\/div>\n<\/article>","protected":false},"featured_media":15628,"template":"","meta":{"_kad_blocks_custom_css":"","_kad_blocks_head_custom_js":"","_kad_blocks_body_custom_js":"","_kad_blocks_footer_custom_js":"","_kad_post_transparent":"","_kad_post_title":"","_kad_post_layout":"","_kad_post_sidebar_id":"","_kad_post_content_style":"","_kad_post_vertical_padding":"","_kad_post_feature":"","_kad_post_feature_position":"","_kad_post_header":false,"_kad_post_footer":false},"product_brand":[326],"product_cat":[32,31,245],"product_tag":[],"class_list":{"0":"post-3247","1":"product","2":"type-product","3":"status-publish","4":"has-post-thumbnail","6":"product_brand-under-armour","7":"product_cat-kluby-angielskie","8":"product_cat-kluby-europejskie","9":"product_cat-tottenham-hotspur-fc","10":"pa_rozmiar-m","12":"first","13":"instock","14":"taxable","15":"shipping-taxable","16":"purchasable","17":"product-type-simple","18":"entry","19":"content-bg","20":"loop-entry"},"taxonomy_info":{"product_brand":[{"value":326,"label":"Under Armour"}],"product_cat":[{"value":32,"label":"Kluby Angielskie"},{"value":31,"label":"Kluby Europejskie"},{"value":245,"label":"Tottenham Hotspur FC"}],"pa_rozmiar":[{"value":28,"label":"M"}]},"featured_image_src_large":["https:\/\/fts.you2.pl\/wp-content\/uploads\/2025\/09\/Photoroom_009_20250815_123937-1024x1024.png",1024,1024,true],"author_info":[],"comment_info":"","_links":{"self":[{"href":"https:\/\/fts.you2.pl\/en\/wp-json\/wp\/v2\/product\/3247","targetHints":{"allow":["GET"]}}],"collection":[{"href":"https:\/\/fts.you2.pl\/en\/wp-json\/wp\/v2\/product"}],"about":[{"href":"https:\/\/fts.you2.pl\/en\/wp-json\/wp\/v2\/types\/product"}],"wp:featuredmedia":[{"embeddable":true,"href":"https:\/\/fts.you2.pl\/en\/wp-json\/wp\/v2\/media\/15628"}],"wp:attachment":[{"href":"https:\/\/fts.you2.pl\/en\/wp-json\/wp\/v2\/media?parent=3247"}],"wp:term":[{"taxonomy":"product_brand","embeddable":true,"href":"https:\/\/fts.you2.pl\/en\/wp-json\/wp\/v2\/product_brand?post=3247"},{"taxonomy":"product_cat","embeddable":true,"href":"https:\/\/fts.you2.pl\/en\/wp-json\/wp\/v2\/product_cat?post=3247"},{"taxonomy":"product_tag","embeddable":true,"href":"https:\/\/fts.you2.pl\/en\/wp-json\/wp\/v2\/product_tag?post=3247"}],"curies":[{"name":"wp","href":"https:\/\/api.w.org\/{rel}","templated":true}]}}