{"id":3248,"date":"2025-08-17T15:56:45","date_gmt":"2025-08-17T13:56:45","guid":{"rendered":"https:\/\/fts.you2.pl\/index.php\/produkt\/koszulka-pilkarska-tottenham-hotspur-fc-2019-20-home-s\/"},"modified":"2025-09-19T17:55:32","modified_gmt":"2025-09-19T15:55:32","slug":"koszulka-pilkarska-tottenham-hotspur-fc-2019-20-home-s","status":"publish","type":"product","link":"https:\/\/fts.you2.pl\/en\/koszulka-pilkarska-tottenham-hotspur-fc-2019-20-home-s\/","title":{"rendered":"Koszulka pi\u0142karska Tottenham Hotspur FC 2019\/20 Home [S]"},"content":{"rendered":"<p><strong>Klub:<\/strong> Tottenham Hotspur FC<\/p>\n<p><strong>Sezon:<\/strong> 2019\/20 Home<\/p>\n<p><strong>Rozmiar: <\/strong>S<\/p>\n<p><strong>Stan:<\/strong> Doskona\u0142y<\/p>\n<p><strong>Wymiary (szeroko\u015b\u0107 pod pachami\/d\u0142ugo\u015b\u0107) w cm: <\/strong>48\/67<\/p>","protected":false},"excerpt":{"rendered":"<div class=\"relative flex basis-auto flex-col -mb-(--composer-overlap-px) [--composer-overlap-px:28px] grow overflow-hidden\">\n<div class=\"relative h-full\">\n<div class=\"flex h-full flex-col overflow-y-auto [scrollbar-gutter:stable_both-edges] @[84rem]\/thread:pt-(--header-height)\">\n<div class=\"@thread-xl\/thread:pt-header-height flex flex-col text-sm pb-25\">\n<article class=\"text-token-text-primary w-full focus:outline-none scroll-mt-[calc(var(--header-height)+min(200px,max(70px,20svh)))]\" dir=\"auto\" tabindex=\"-1\" data-turn-id=\"request-6889f6f2-4b18-832f-a18d-67852bf3e672-5\" data-testid=\"conversation-turn-196\" data-scroll-anchor=\"true\" data-turn=\"assistant\">\n<div class=\"text-base my-auto mx-auto pb-10 [--thread-content-margin:--spacing(4)] @[37rem]:[--thread-content-margin:--spacing(6)] @[72rem]:[--thread-content-margin:--spacing(16)] px-(--thread-content-margin)\">\n<div class=\"[--thread-content-max-width:32rem] @[34rem]:[--thread-content-max-width:40rem] @[64rem]:[--thread-content-max-width:48rem] mx-auto max-w-(--thread-content-max-width) flex-1 group\/turn-messages focus-visible:outline-hidden relative flex w-full min-w-0 flex-col agent-turn\" tabindex=\"-1\">\n<div class=\"flex max-w-full flex-col grow\">\n<div class=\"min-h-8 text-message relative flex w-full flex-col items-end gap-2 text-start break-words whitespace-normal [.text-message+&amp;]:mt-5\" dir=\"auto\" data-message-author-role=\"assistant\" data-message-id=\"0d17c053-1dbd-45fe-9e9e-17ed0018fd8f\" data-message-model-slug=\"gpt-5\">\n<div class=\"flex w-full flex-col gap-1 empty:hidden first:pt-[3px]\">\n<div class=\"markdown prose dark:prose-invert w-full break-words light markdown-new-styling\">\n<p data-start=\"0\" data-end=\"86\"><strong data-start=\"0\" data-end=\"84\">Oryginalna domowa koszulka pi\u0142karska Tottenhamu Hotspur z sezonu 2019\/20 \u2013 produkcji Nike.<\/strong><\/p>\n<p data-start=\"88\" data-end=\"496\">Ta <strong data-start=\"91\" data-end=\"157\">oryginalna domowa koszulka Tottenhamu Hotspur z sezonu 2019\/20<\/strong>, wyprodukowana przez <strong data-start=\"179\" data-end=\"187\">Nike<\/strong>, to oficjalny model noszony przez \u201eKoguty\u201d w rozgrywkach Premier League oraz w europejskich pucharach. Utrzymana w <strong data-start=\"303\" data-end=\"323\">klasycznej bieli<\/strong>, z subtelnymi <strong data-start=\"338\" data-end=\"367\">granatowymi wyko\u0144czeniami<\/strong> na ko\u0142nierzyku i r\u0119kawach, koszulka zachowuje elegancki, minimalistyczny styl b\u0119d\u0105cy znakiem rozpoznawczym londy\u0144skiego klubu.<\/p>\n<p data-start=\"498\" data-end=\"880\">Na froncie znajduje si\u0119 <strong data-start=\"522\" data-end=\"559\">haftowany herb Tottenhamu Hotspur<\/strong>, logo <strong data-start=\"566\" data-end=\"574\">Nike<\/strong> oraz sponsor g\u0142\u00f3wny <strong data-start=\"595\" data-end=\"602\">AIA<\/strong> w kontrastowej czerwieni, co dodaje koszulce wyrazisto\u015bci. Dzi\u0119ki materia\u0142owi zastosowanemu w koszulce, \u015bwietnie sprawdza si\u0119 ona zar\u00f3wno podczas gry, jak i w codziennym u\u017cytkowaniu.<\/p>\n<p data-start=\"882\" data-end=\"1120\">Sezon 2019\/20 by\u0142 dla Tottenhamu okresem zmian \u2013 dru\u017cyn\u0119 prowadzi\u0142 najpierw <strong data-start=\"958\" data-end=\"981\">Mauricio Pochettino<\/strong>, a nast\u0119pnie <strong data-start=\"995\" data-end=\"1012\">Jos\u00e9 Mourinho<\/strong>, a na boisku wyst\u0119powali tacy zawodnicy jak <strong data-start=\"1057\" data-end=\"1097\">Harry Kane, Son Heung-min, Dele Alli<\/strong> czy <strong data-start=\"1102\" data-end=\"1117\">Hugo Lloris<\/strong>.<\/p>\n<p data-start=\"1122\" data-end=\"1323\" data-is-last-node=\"\" data-is-only-node=\"\">To koszulka, kt\u00f3ra \u0142\u0105czy <strong data-start=\"1147\" data-end=\"1199\">tradycj\u0119 klubowych barw z nowoczesnym wykonaniem<\/strong>. Doskona\u0142y wyb\u00f3r dla fan\u00f3w \u201eKogut\u00f3w\u201d i kolekcjoner\u00f3w poszukuj\u0105cych <strong data-start=\"1267\" data-end=\"1322\">autentycznego stroju meczowego z ery Premier League<\/strong>.<\/p>\n<\/div>\n<\/div>\n<\/div>\n<\/div>\n<\/div>\n<\/div>\n<\/article>\n<\/div>\n<\/div>\n<\/div>\n<\/div>","protected":false},"featured_media":15640,"template":"","meta":{"_kad_blocks_custom_css":"","_kad_blocks_head_custom_js":"","_kad_blocks_body_custom_js":"","_kad_blocks_footer_custom_js":"","_kad_post_transparent":"","_kad_post_title":"","_kad_post_layout":"","_kad_post_sidebar_id":"","_kad_post_content_style":"","_kad_post_vertical_padding":"","_kad_post_feature":"","_kad_post_feature_position":"","_kad_post_header":false,"_kad_post_footer":false},"product_brand":[55],"product_cat":[32,31,245],"product_tag":[],"class_list":{"0":"post-3248","1":"product","2":"type-product","3":"status-publish","4":"has-post-thumbnail","6":"product_brand-nike","7":"product_cat-kluby-angielskie","8":"product_cat-kluby-europejskie","9":"product_cat-tottenham-hotspur-fc","10":"pa_rozmiar-s","12":"first","13":"instock","14":"taxable","15":"shipping-taxable","16":"purchasable","17":"product-type-simple","18":"entry","19":"content-bg","20":"loop-entry"},"taxonomy_info":{"product_brand":[{"value":55,"label":"Nike"}],"product_cat":[{"value":32,"label":"Kluby Angielskie"},{"value":31,"label":"Kluby Europejskie"},{"value":245,"label":"Tottenham Hotspur FC"}],"pa_rozmiar":[{"value":19,"label":"S"}]},"featured_image_src_large":["https:\/\/fts.you2.pl\/wp-content\/uploads\/2025\/09\/Photoroom_096_20250815_123937-1024x1024.png",1024,1024,true],"author_info":[],"comment_info":"","_links":{"self":[{"href":"https:\/\/fts.you2.pl\/en\/wp-json\/wp\/v2\/product\/3248","targetHints":{"allow":["GET"]}}],"collection":[{"href":"https:\/\/fts.you2.pl\/en\/wp-json\/wp\/v2\/product"}],"about":[{"href":"https:\/\/fts.you2.pl\/en\/wp-json\/wp\/v2\/types\/product"}],"wp:featuredmedia":[{"embeddable":true,"href":"https:\/\/fts.you2.pl\/en\/wp-json\/wp\/v2\/media\/15640"}],"wp:attachment":[{"href":"https:\/\/fts.you2.pl\/en\/wp-json\/wp\/v2\/media?parent=3248"}],"wp:term":[{"taxonomy":"product_brand","embeddable":true,"href":"https:\/\/fts.you2.pl\/en\/wp-json\/wp\/v2\/product_brand?post=3248"},{"taxonomy":"product_cat","embeddable":true,"href":"https:\/\/fts.you2.pl\/en\/wp-json\/wp\/v2\/product_cat?post=3248"},{"taxonomy":"product_tag","embeddable":true,"href":"https:\/\/fts.you2.pl\/en\/wp-json\/wp\/v2\/product_tag?post=3248"}],"curies":[{"name":"wp","href":"https:\/\/api.w.org\/{rel}","templated":true}]}}