{"id":3249,"date":"2025-08-17T15:56:44","date_gmt":"2025-08-17T13:56:44","guid":{"rendered":"https:\/\/fts.you2.pl\/index.php\/produkt\/koszulka-pilkarska-west-bromwich-albion-2015-16-home-xxl\/"},"modified":"2025-09-19T17:55:59","modified_gmt":"2025-09-19T15:55:59","slug":"koszulka-pilkarska-west-bromwich-albion-2015-16-home-xxl","status":"publish","type":"product","link":"https:\/\/fts.you2.pl\/en\/koszulka-pilkarska-west-bromwich-albion-2015-16-home-xxl\/","title":{"rendered":"Koszulka pi\u0142karska West Bromwich Albion 2015\/16 Home [XXL]"},"content":{"rendered":"<p><strong>Klub:<\/strong> West Bromwich Albion<\/p>\n<p><strong>Sezon:<\/strong> 2015\/16 Home<\/p>\n<p><strong>Rozmiar: <\/strong>XXL<\/p>\n<p><strong>Stan:<\/strong> Doskona\u0142y<\/p>\n<p><strong>Wymiary (szeroko\u015b\u0107 pod pachami\/d\u0142ugo\u015b\u0107) w cm: <\/strong>67\/80<\/p>","protected":false},"excerpt":{"rendered":"<article class=\"text-token-text-primary w-full focus:outline-none scroll-mt-[calc(var(--header-height)+min(200px,max(70px,20svh)))]\" dir=\"auto\" tabindex=\"-1\" data-turn-id=\"request-6889f6f2-4b18-832f-a18d-67852bf3e672-7\" data-testid=\"conversation-turn-200\" data-scroll-anchor=\"true\" data-turn=\"assistant\">\n<div class=\"text-base my-auto mx-auto pb-10 [--thread-content-margin:--spacing(4)] @[37rem]:[--thread-content-margin:--spacing(6)] @[72rem]:[--thread-content-margin:--spacing(16)] px-(--thread-content-margin)\">\n<div class=\"[--thread-content-max-width:32rem] @[34rem]:[--thread-content-max-width:40rem] @[64rem]:[--thread-content-max-width:48rem] mx-auto max-w-(--thread-content-max-width) flex-1 group\/turn-messages focus-visible:outline-hidden relative flex w-full min-w-0 flex-col agent-turn\" tabindex=\"-1\">\n<div class=\"flex max-w-full flex-col grow\">\n<div class=\"min-h-8 text-message relative flex w-full flex-col items-end gap-2 text-start break-words whitespace-normal [.text-message+&amp;]:mt-5\" dir=\"auto\" data-message-author-role=\"assistant\" data-message-id=\"7740b1d8-4e6f-460d-a225-2a0724bc9aa7\" data-message-model-slug=\"gpt-5\">\n<div class=\"flex w-full flex-col gap-1 empty:hidden first:pt-[3px]\">\n<div class=\"markdown prose dark:prose-invert w-full break-words light markdown-new-styling\">\n<p data-start=\"0\" data-end=\"91\"><strong data-start=\"0\" data-end=\"89\">Oryginalna domowa koszulka West Bromwich Albion z sezonu 2015\/16 \u2013 produkcji Adidasa.<\/strong><\/p>\n<p data-start=\"93\" data-end=\"521\">Ta <strong data-start=\"96\" data-end=\"164\">oryginalna domowa koszulka West Bromwich Albion z sezonu 2015\/16<\/strong>, wyprodukowana przez <strong data-start=\"186\" data-end=\"197\">Adidasa<\/strong>, to klasyczny model w barwach \u201eThe Baggies\u201d, noszony podczas mecz\u00f3w Premier League w tamtym sezonie. Utrzymana w <strong data-start=\"311\" data-end=\"360\">bia\u0142ym kolorze z granatowymi pionowymi pasami <\/strong>i czerwonymi wstawkami na ko\u0142nierzu i r\u0119kawkach, zachowuje tradycyjny wygl\u0105d klubowych stroj\u00f3w, a charakterystyczne <strong data-start=\"429\" data-end=\"451\">trzy paski Adidasa<\/strong> w bieli biegn\u0105 wzd\u0142u\u017c ramion, dodaj\u0105c jej nowoczesnego akcentu.<\/p>\n<p data-start=\"523\" data-end=\"811\">Na piersi znajduje si\u0119 <strong data-start=\"546\" data-end=\"585\">haftowany herb West Bromwich Albion<\/strong>, logo <strong data-start=\"592\" data-end=\"603\">Adidasa<\/strong> oraz sponsor g\u0142\u00f3wny <strong data-start=\"624\" data-end=\"634\">TLCBET<\/strong> w kontrastowej czerwieni. Koszulka zosta\u0142a wykonana z materia\u0142u w technologii <strong data-start=\"713\" data-end=\"726\">climacool<\/strong>, zapewniaj\u0105cej <strong data-start=\"742\" data-end=\"808\">doskona\u0142\u0105 wentylacj\u0119, odprowadzanie wilgoci i komfort noszenia<\/strong>.<\/p>\n<p data-start=\"813\" data-end=\"1018\">Sezon 2015\/16 up\u0142yn\u0105\u0142 pod znakiem stabilnej gry w Premier League \u2013 dru\u017cyn\u0119 prowadzi\u0142 <strong data-start=\"898\" data-end=\"912\">Tony Pulis<\/strong>, a na boisku wyst\u0119powali m.in. <strong data-start=\"944\" data-end=\"995\">Darren Fletcher, Saido Berahino, James Morrison<\/strong> czy <strong data-start=\"1000\" data-end=\"1015\">Jonny Evans<\/strong>.<\/p>\n<p data-start=\"1020\" data-end=\"1198\" data-is-last-node=\"\" data-is-only-node=\"\">To koszulka, kt\u00f3ra \u0142\u0105czy <strong data-start=\"1045\" data-end=\"1090\">klubow\u0105 tradycj\u0119 z nowoczesnym wykonaniem<\/strong>. Idealna propozycja dla kibic\u00f3w<strong> West Bromwich Albion<\/strong> oraz kolekcjoner\u00f3w oryginalnych stroj\u00f3w z ery Adidasa.<\/p>\n<\/div>\n<\/div>\n<\/div>\n<\/div>\n<\/div>\n<\/div>\n<\/article>","protected":false},"featured_media":15646,"template":"","meta":{"_kad_blocks_custom_css":"","_kad_blocks_head_custom_js":"","_kad_blocks_body_custom_js":"","_kad_blocks_footer_custom_js":"","_kad_post_transparent":"","_kad_post_title":"","_kad_post_layout":"","_kad_post_sidebar_id":"","_kad_post_content_style":"","_kad_post_vertical_padding":"","_kad_post_feature":"","_kad_post_feature_position":"","_kad_post_header":false,"_kad_post_footer":false},"product_brand":[45],"product_cat":[32,31,33],"product_tag":[],"class_list":{"0":"post-3249","1":"product","2":"type-product","3":"status-publish","4":"has-post-thumbnail","6":"product_brand-adidas","7":"product_cat-kluby-angielskie","8":"product_cat-kluby-europejskie","9":"product_cat-pozostale-kluby-angielskie","10":"pa_rozmiar-xxl","12":"first","13":"instock","14":"taxable","15":"shipping-taxable","16":"purchasable","17":"product-type-simple","18":"entry","19":"content-bg","20":"loop-entry"},"taxonomy_info":{"product_brand":[{"value":45,"label":"Adidas"}],"product_cat":[{"value":32,"label":"Kluby Angielskie"},{"value":31,"label":"Kluby Europejskie"},{"value":33,"label":"Pozosta\u0142e kluby angielskie"}],"pa_rozmiar":[{"value":71,"label":"XXL"}]},"featured_image_src_large":["https:\/\/fts.you2.pl\/wp-content\/uploads\/2025\/09\/Photoroom_066_20250815_123937-1024x1024.png",1024,1024,true],"author_info":[],"comment_info":"","_links":{"self":[{"href":"https:\/\/fts.you2.pl\/en\/wp-json\/wp\/v2\/product\/3249","targetHints":{"allow":["GET"]}}],"collection":[{"href":"https:\/\/fts.you2.pl\/en\/wp-json\/wp\/v2\/product"}],"about":[{"href":"https:\/\/fts.you2.pl\/en\/wp-json\/wp\/v2\/types\/product"}],"wp:featuredmedia":[{"embeddable":true,"href":"https:\/\/fts.you2.pl\/en\/wp-json\/wp\/v2\/media\/15646"}],"wp:attachment":[{"href":"https:\/\/fts.you2.pl\/en\/wp-json\/wp\/v2\/media?parent=3249"}],"wp:term":[{"taxonomy":"product_brand","embeddable":true,"href":"https:\/\/fts.you2.pl\/en\/wp-json\/wp\/v2\/product_brand?post=3249"},{"taxonomy":"product_cat","embeddable":true,"href":"https:\/\/fts.you2.pl\/en\/wp-json\/wp\/v2\/product_cat?post=3249"},{"taxonomy":"product_tag","embeddable":true,"href":"https:\/\/fts.you2.pl\/en\/wp-json\/wp\/v2\/product_tag?post=3249"}],"curies":[{"name":"wp","href":"https:\/\/api.w.org\/{rel}","templated":true}]}}