{"id":3253,"date":"2025-08-17T15:56:41","date_gmt":"2025-08-17T13:56:41","guid":{"rendered":"https:\/\/fts.you2.pl\/index.php\/produkt\/koszulka-pilkarska-wolverhampton-wanderers-1988-89-home-xl\/"},"modified":"2025-09-19T17:57:51","modified_gmt":"2025-09-19T15:57:51","slug":"koszulka-pilkarska-wolverhampton-wanderers-1988-89-home-xl","status":"publish","type":"product","link":"https:\/\/fts.you2.pl\/en\/koszulka-pilkarska-wolverhampton-wanderers-1988-89-home-xl\/","title":{"rendered":"Koszulka pi\u0142karska Wolverhampton Wanderers 1988\/89 Home [XL]"},"content":{"rendered":"<p><strong>Klub:<\/strong> Wolverhampton Wanderers<\/p>\n<p><strong>Sezon:<\/strong> 1988\/89 Home<\/p>\n<p><strong>Rozmiar: <\/strong>XL<\/p>\n<p><strong>Stan:<\/strong> Dobry &#8211; uszkodzony nadruk sponsora na froncie.<\/p>\n<p><strong>Wymiary (szeroko\u015b\u0107 pod pachami\/d\u0142ugo\u015b\u0107) w cm: <\/strong>54\/79<\/p>","protected":false},"excerpt":{"rendered":"<div class=\"relative flex basis-auto flex-col -mb-(--composer-overlap-px) [--composer-overlap-px:28px] grow overflow-hidden\">\n<div class=\"relative h-full\">\n<div class=\"flex h-full flex-col overflow-y-auto [scrollbar-gutter:stable_both-edges] @[84rem]\/thread:pt-(--header-height)\">\n<div class=\"@thread-xl\/thread:pt-header-height flex flex-col text-sm pb-25\">\n<article class=\"text-token-text-primary w-full focus:outline-none scroll-mt-[calc(var(--header-height)+min(200px,max(70px,20svh)))]\" dir=\"auto\" tabindex=\"-1\" data-turn-id=\"request-6889f6f2-4b18-832f-a18d-67852bf3e672-12\" data-testid=\"conversation-turn-210\" data-scroll-anchor=\"true\" data-turn=\"assistant\">\n<div class=\"text-base my-auto mx-auto pb-10 [--thread-content-margin:--spacing(4)] @[37rem]:[--thread-content-margin:--spacing(6)] @[72rem]:[--thread-content-margin:--spacing(16)] px-(--thread-content-margin)\">\n<div class=\"[--thread-content-max-width:32rem] @[34rem]:[--thread-content-max-width:40rem] @[64rem]:[--thread-content-max-width:48rem] mx-auto max-w-(--thread-content-max-width) flex-1 group\/turn-messages focus-visible:outline-hidden relative flex w-full min-w-0 flex-col agent-turn\" tabindex=\"-1\">\n<div class=\"flex max-w-full flex-col grow\">\n<div class=\"min-h-8 text-message relative flex w-full flex-col items-end gap-2 text-start break-words whitespace-normal [.text-message+&amp;]:mt-5\" dir=\"auto\" data-message-author-role=\"assistant\" data-message-id=\"3510411c-326a-4d01-909d-30f739a6c7bd\" data-message-model-slug=\"gpt-5\">\n<div class=\"flex w-full flex-col gap-1 empty:hidden first:pt-[3px]\">\n<div class=\"markdown prose dark:prose-invert w-full break-words light markdown-new-styling\">\n<p data-start=\"0\" data-end=\"96\"><strong data-start=\"0\" data-end=\"94\">Oryginalna domowa koszulka Wolverhampton Wanderers z sezonu 1988\/89 \u2013 produkcji Scoreline.<\/strong><\/p>\n<p data-start=\"98\" data-end=\"490\">Ta <strong data-start=\"101\" data-end=\"172\">oryginalna domowa koszulka Wolverhampton Wanderers z sezonu 1988\/89<\/strong>, wyprodukowana przez firm\u0119 <strong data-start=\"200\" data-end=\"213\">Scoreline<\/strong>, to klasyczny model z ko\u0144c\u00f3wki lat 80., utrzymany w <strong data-start=\"266\" data-end=\"317\">charakterystycznym, pomara\u0144czowym kolorze<\/strong> b\u0119d\u0105cym znakiem rozpoznawczym<strong> \u201eWilk\u00f3w\u201d.<\/strong> Na froncie umieszczono <strong data-start=\"381\" data-end=\"403\">sponsora \u201eManders\u201d<\/strong>, kt\u00f3rego proste, wyraziste logo doskonale komponuje si\u0119 z retro stylistyk\u0105 koszulki.<\/p>\n<p data-start=\"492\" data-end=\"813\">Model wyr\u00f3\u017cnia si\u0119 typowym dla epoki krojem z <strong data-start=\"538\" data-end=\"563\">kr\u00f3tkim ko\u0142nierzykiem<\/strong>, a tak\u017ce subtelnym wzorem w tkaninie, nadaj\u0105cym jej unikalnego charakteru. Wykonana z materia\u0142\u00f3w stosowanych pod koniec lat 80., koszulka ma niepowtarzalny klimat tamtych czas\u00f3w i jest dzi\u015b cenionym elementem kolekcjonerskim.<\/p>\n<p data-start=\"815\" data-end=\"998\">Sezon 1988\/89 by\u0142 dla Wolves szczeg\u00f3lny \u2013 klub rywalizowa\u0142 w <strong>Third Division<\/strong>, a dru\u017cyn\u0119 prowadzili zawodnicy, kt\u00f3rzy w kolejnych latach stali si\u0119 wa\u017cnymi postaciami w historii klubu.<\/p>\n<p data-start=\"1000\" data-end=\"1161\" data-is-last-node=\"\" data-is-only-node=\"\">To wyj\u0105tkowy egzemplarz, kt\u00f3ry \u0142\u0105czy <strong data-start=\"1037\" data-end=\"1093\">retro design, klubow\u0105 tradycj\u0119 i historyczn\u0105 warto\u015b\u0107<\/strong>, b\u0119d\u0105c gratk\u0105 dla kolekcjoner\u00f3w oraz fan\u00f3w <strong>Wolverhampton Wanderers.<\/strong><\/p>\n<\/div>\n<\/div>\n<\/div>\n<\/div>\n<\/div>\n<\/div>\n<\/article>\n<\/div>\n<\/div>\n<\/div>\n<\/div>","protected":false},"featured_media":15681,"template":"","meta":{"_kad_blocks_custom_css":"","_kad_blocks_head_custom_js":"","_kad_blocks_body_custom_js":"","_kad_blocks_footer_custom_js":"","_kad_post_transparent":"","_kad_post_title":"","_kad_post_layout":"","_kad_post_sidebar_id":"","_kad_post_content_style":"","_kad_post_vertical_padding":"","_kad_post_feature":"","_kad_post_feature_position":"","_kad_post_header":false,"_kad_post_footer":false},"product_brand":[463],"product_cat":[32,31,33],"product_tag":[],"class_list":{"0":"post-3253","1":"product","2":"type-product","3":"status-publish","4":"has-post-thumbnail","6":"product_brand-scoreline","7":"product_cat-kluby-angielskie","8":"product_cat-kluby-europejskie","9":"product_cat-pozostale-kluby-angielskie","10":"pa_rozmiar-xl","12":"first","13":"instock","14":"taxable","15":"shipping-taxable","16":"purchasable","17":"product-type-simple","18":"entry","19":"content-bg","20":"loop-entry"},"taxonomy_info":{"product_brand":[{"value":463,"label":"Scoreline"}],"product_cat":[{"value":32,"label":"Kluby Angielskie"},{"value":31,"label":"Kluby Europejskie"},{"value":33,"label":"Pozosta\u0142e kluby angielskie"}],"pa_rozmiar":[{"value":57,"label":"XL"}]},"featured_image_src_large":["https:\/\/fts.you2.pl\/wp-content\/uploads\/2025\/09\/Photoroom_082_20250815_123937-1024x1024.png",1024,1024,true],"author_info":[],"comment_info":"","_links":{"self":[{"href":"https:\/\/fts.you2.pl\/en\/wp-json\/wp\/v2\/product\/3253","targetHints":{"allow":["GET"]}}],"collection":[{"href":"https:\/\/fts.you2.pl\/en\/wp-json\/wp\/v2\/product"}],"about":[{"href":"https:\/\/fts.you2.pl\/en\/wp-json\/wp\/v2\/types\/product"}],"wp:featuredmedia":[{"embeddable":true,"href":"https:\/\/fts.you2.pl\/en\/wp-json\/wp\/v2\/media\/15681"}],"wp:attachment":[{"href":"https:\/\/fts.you2.pl\/en\/wp-json\/wp\/v2\/media?parent=3253"}],"wp:term":[{"taxonomy":"product_brand","embeddable":true,"href":"https:\/\/fts.you2.pl\/en\/wp-json\/wp\/v2\/product_brand?post=3253"},{"taxonomy":"product_cat","embeddable":true,"href":"https:\/\/fts.you2.pl\/en\/wp-json\/wp\/v2\/product_cat?post=3253"},{"taxonomy":"product_tag","embeddable":true,"href":"https:\/\/fts.you2.pl\/en\/wp-json\/wp\/v2\/product_tag?post=3253"}],"curies":[{"name":"wp","href":"https:\/\/api.w.org\/{rel}","templated":true}]}}