{"id":3255,"date":"2025-08-25T15:56:27","date_gmt":"2025-08-25T13:56:27","guid":{"rendered":"https:\/\/fts.you2.pl\/index.php\/produkt\/koszulka-pilkarska-tottenham-hotspur-fc-2017-18-home-xxl\/"},"modified":"2025-09-19T17:58:40","modified_gmt":"2025-09-19T15:58:40","slug":"koszulka-pilkarska-tottenham-hotspur-fc-2017-18-home-xxl","status":"publish","type":"product","link":"https:\/\/fts.you2.pl\/en\/koszulka-pilkarska-tottenham-hotspur-fc-2017-18-home-xxl\/","title":{"rendered":"Koszulka pi\u0142karska Tottenham Hotspur FC 2017\/18 Home [XXL]"},"content":{"rendered":"<p><strong>Klub:<\/strong> Tottenham Hotspur FC<\/p>\n<p><strong>Sezon:<\/strong> 2017\/18 Home<\/p>\n<p><strong>Rozmiar: <\/strong>XXL<\/p>\n<p><strong>Stan:<\/strong> Bardzo dobry &#8211; drobne zabrudzenie na froncie.<\/p>\n<p><strong>Wymiary (szeroko\u015b\u0107 pod pachami\/d\u0142ugo\u015b\u0107) w cm: <\/strong>65\/79<\/p>","protected":false},"excerpt":{"rendered":"<p data-start=\"0\" data-end=\"88\"><strong data-start=\"0\" data-end=\"86\">Oryginalna koszulka pi\u0142karska Tottenham Hotspur z sezonu 2017\/18 \u2013 produkcji Nike.<\/strong><\/p>\n<p data-start=\"90\" data-end=\"477\">Ta <strong data-start=\"93\" data-end=\"159\">oryginalna domowa koszulka Tottenhamu Hotspur z sezonu 2017\/18<\/strong>, wyprodukowana przez <strong data-start=\"181\" data-end=\"189\">Nike<\/strong>, to klasyczny model w tradycyjnych <strong data-start=\"225\" data-end=\"254\">bia\u0142ych barwach \u201eKogut\u00f3w\u201d<\/strong>. By\u0142 to pierwszy sezon, w kt\u00f3rym klub wsp\u00f3\u0142pracowa\u0142 z Nike, a projekt wyr\u00f3\u017cnia\u0142 si\u0119 nowoczesnym, minimalistycznym designem z granatowym herbem w tarczy oraz subtelnymi detalami w tym samym kolorze.<\/p>\n<p data-start=\"479\" data-end=\"796\">Na froncie koszulki znalaz\u0142 si\u0119 <strong data-start=\"511\" data-end=\"538\">herb Tottenhamu Hotspur<\/strong>, logo <strong data-start=\"545\" data-end=\"553\">Nike<\/strong> oraz znak sponsora <strong data-start=\"573\" data-end=\"580\">AIA<\/strong>, kt\u00f3ry sta\u0142 si\u0119 charakterystycznym elementem stroj\u00f3w dru\u017cyny. Model wykonano w technologii <strong data-start=\"672\" data-end=\"688\">Nike Dri-FIT<\/strong>, dzi\u0119ki czemu zapewnia\u0142 pi\u0142karzom <strong data-start=\"723\" data-end=\"758\">lekko\u015b\u0107, przewiewno\u015b\u0107 i komfort<\/strong> podczas gry na najwy\u017cszym poziomie.<\/p>\n<p data-start=\"798\" data-end=\"1270\">Sezon <strong data-start=\"804\" data-end=\"815\">2017\/18<\/strong> by\u0142 dla Spurs wyj\u0105tkowy \u2013 dru\u017cyna prowadzona przez <strong data-start=\"867\" data-end=\"890\">Mauricio Pochettino<\/strong> rozgrywa\u0142a swoje mecze domowe na Wembley, w oczekiwaniu na otwarcie nowego stadionu. Tottenham zako\u0144czy\u0142 rozgrywki Premier League na <strong data-start=\"1024\" data-end=\"1038\">3. miejscu<\/strong>, a najwi\u0119kszymi gwiazdami zespo\u0142u byli m.in. <strong data-start=\"1084\" data-end=\"1157\">Harry Kane, Dele Alli, Christian Eriksen, Heung-min Son i Hugo Lloris<\/strong>. Kane zdoby\u0142 w lidze a\u017c <strong data-start=\"1182\" data-end=\"1193\">30 goli<\/strong>, potwierdzaj\u0105c swoj\u0105 pozycj\u0119 jednego z najlepszych napastnik\u00f3w na \u015bwiecie.<\/p>\n<p data-start=\"1272\" data-end=\"1504\">Ta koszulka to doskona\u0142a propozycja dla <strong data-start=\"1312\" data-end=\"1363\">kolekcjoner\u00f3w oryginalnych koszulek pi\u0142karskich<\/strong> oraz <strong data-start=\"1369\" data-end=\"1389\">fan\u00f3w Tottenhamu<\/strong>, kt\u00f3rzy chc\u0105 posiada\u0107 pami\u0105tk\u0119 z sezonu, w kt\u00f3rym klub umacnia\u0142 swoj\u0105 pozycj\u0119 w \u015bcis\u0142ej czo\u0142\u00f3wce Premier League.<\/p>","protected":false},"featured_media":15697,"template":"","meta":{"_kad_blocks_custom_css":"","_kad_blocks_head_custom_js":"","_kad_blocks_body_custom_js":"","_kad_blocks_footer_custom_js":"","_kad_post_transparent":"","_kad_post_title":"","_kad_post_layout":"","_kad_post_sidebar_id":"","_kad_post_content_style":"","_kad_post_vertical_padding":"","_kad_post_feature":"","_kad_post_feature_position":"","_kad_post_header":false,"_kad_post_footer":false},"product_brand":[55],"product_cat":[32,31,245],"product_tag":[],"class_list":{"0":"post-3255","1":"product","2":"type-product","3":"status-publish","4":"has-post-thumbnail","6":"product_brand-nike","7":"product_cat-kluby-angielskie","8":"product_cat-kluby-europejskie","9":"product_cat-tottenham-hotspur-fc","10":"pa_rozmiar-xxl","12":"first","13":"instock","14":"taxable","15":"shipping-taxable","16":"purchasable","17":"product-type-simple","18":"entry","19":"content-bg","20":"loop-entry"},"taxonomy_info":{"product_brand":[{"value":55,"label":"Nike"}],"product_cat":[{"value":32,"label":"Kluby Angielskie"},{"value":31,"label":"Kluby Europejskie"},{"value":245,"label":"Tottenham Hotspur FC"}],"pa_rozmiar":[{"value":71,"label":"XXL"}]},"featured_image_src_large":["https:\/\/fts.you2.pl\/wp-content\/uploads\/2025\/09\/Photoroom_064_20250825_124353-1024x1024.png",1024,1024,true],"author_info":[],"comment_info":"","_links":{"self":[{"href":"https:\/\/fts.you2.pl\/en\/wp-json\/wp\/v2\/product\/3255","targetHints":{"allow":["GET"]}}],"collection":[{"href":"https:\/\/fts.you2.pl\/en\/wp-json\/wp\/v2\/product"}],"about":[{"href":"https:\/\/fts.you2.pl\/en\/wp-json\/wp\/v2\/types\/product"}],"wp:featuredmedia":[{"embeddable":true,"href":"https:\/\/fts.you2.pl\/en\/wp-json\/wp\/v2\/media\/15697"}],"wp:attachment":[{"href":"https:\/\/fts.you2.pl\/en\/wp-json\/wp\/v2\/media?parent=3255"}],"wp:term":[{"taxonomy":"product_brand","embeddable":true,"href":"https:\/\/fts.you2.pl\/en\/wp-json\/wp\/v2\/product_brand?post=3255"},{"taxonomy":"product_cat","embeddable":true,"href":"https:\/\/fts.you2.pl\/en\/wp-json\/wp\/v2\/product_cat?post=3255"},{"taxonomy":"product_tag","embeddable":true,"href":"https:\/\/fts.you2.pl\/en\/wp-json\/wp\/v2\/product_tag?post=3255"}],"curies":[{"name":"wp","href":"https:\/\/api.w.org\/{rel}","templated":true}]}}