{"id":3257,"date":"2025-08-25T15:56:26","date_gmt":"2025-08-25T13:56:26","guid":{"rendered":"https:\/\/fts.you2.pl\/index.php\/produkt\/koszulka-pre-match-tottenham-hotspur-fc-2017-18-s\/"},"modified":"2025-09-19T17:59:34","modified_gmt":"2025-09-19T15:59:34","slug":"koszulka-pre-match-tottenham-hotspur-fc-2017-18-s","status":"publish","type":"product","link":"https:\/\/fts.you2.pl\/en\/koszulka-pre-match-tottenham-hotspur-fc-2017-18-s\/","title":{"rendered":"Koszulka pre-match Tottenham Hotspur FC 2017\/18 [S]"},"content":{"rendered":"<p><strong>Klub:<\/strong> Tottenham Hotspur FC<\/p>\n<p><strong>Sezon:<\/strong> 2017\/18<\/p>\n<p><strong>Rozmiar: <\/strong>S<\/p>\n<p><strong>Stan:<\/strong> Bardzo dobry &#8211; nieznacznie urwane szwy w dw\u00f3ch miejscach.<\/p>\n<p><strong>Wymiary (szeroko\u015b\u0107 pod pachami\/d\u0142ugo\u015b\u0107) w cm: <\/strong>46\/69<\/p>","protected":false},"excerpt":{"rendered":"<p data-start=\"0\" data-end=\"91\"><strong data-start=\"0\" data-end=\"89\">Oryginalna przedmeczowa koszulka Tottenham Hotspur z sezonu 2017\/18 \u2013 produkcji Nike.<\/strong><\/p>\n<p data-start=\"93\" data-end=\"557\">Ta <strong data-start=\"96\" data-end=\"168\">oryginalna przedmeczowa koszulka Tottenhamu Hotspur z sezonu 2017\/18<\/strong>, wyprodukowana przez <strong data-start=\"190\" data-end=\"198\">Nike<\/strong>, to efektowny model w nowoczesnym stylu, utrzymany w odcieniach <strong data-start=\"263\" data-end=\"285\">szaro\u015bci i granatu<\/strong>. Ca\u0142\u0105 powierzchni\u0119 koszulki zdobi\u0105 <strong data-start=\"321\" data-end=\"343\">geometryczne wzory<\/strong>, kt\u00f3re nadaj\u0105 jej dynamicznego i niepowtarzalnego charakteru. By\u0142a ona cz\u0119\u015bci\u0105 oficjalnej kolekcji treningowej i u\u017cywana przez pi\u0142karzy podczas rozgrzewek przed meczami Premier League i rozgrywkami europejskimi.<\/p>\n<p data-start=\"559\" data-end=\"802\">Na piersi znajduje si\u0119 <strong data-start=\"582\" data-end=\"609\">herb Tottenhamu Hotspur<\/strong> oraz logo <strong data-start=\"620\" data-end=\"628\">Nike<\/strong>, a ca\u0142o\u015b\u0107 wykonano z lekkiego materia\u0142u w technologii <strong data-start=\"683\" data-end=\"699\">Nike Dri-FIT<\/strong>, zapewniaj\u0105cej <strong data-start=\"715\" data-end=\"770\">oddychalno\u015b\u0107, odprowadzanie wilgoci i pe\u0142en komfort<\/strong> w trakcie przygotowa\u0144 do gry.<\/p>\n<p data-start=\"804\" data-end=\"1189\">Sezon <strong data-start=\"810\" data-end=\"821\">2017\/18<\/strong> by\u0142 wa\u017cnym etapem w historii Tottenhamu \u2013 dru\u017cyna <strong data-start=\"872\" data-end=\"895\">Mauricio Pochettino<\/strong> rozgrywa\u0142a swoje mecze domowe na Wembley, oczekuj\u0105c na otwarcie nowego stadionu. Spurs zako\u0144czyli rozgrywki na <strong data-start=\"1007\" data-end=\"1038\">3. miejscu w Premier League<\/strong>, a wiod\u0105cymi postaciami zespo\u0142u byli m.in. <strong data-start=\"1082\" data-end=\"1142\">Harry Kane, Christian Eriksen, Dele Alli i Heung-min Son<\/strong>, kt\u00f3rzy stanowili o sile ofensywnej dru\u017cyny.<\/p>\n<p data-start=\"1191\" data-end=\"1419\">Ta koszulka to \u015bwietny wyb\u00f3r dla <strong data-start=\"1224\" data-end=\"1275\">kolekcjoner\u00f3w oryginalnych koszulek pi\u0142karskich<\/strong> oraz wiernych <strong data-start=\"1290\" data-end=\"1310\">fan\u00f3w Tottenhamu<\/strong>, kt\u00f3rzy chc\u0105 posiada\u0107 unikatowy element odzie\u017cy przedmeczowej z pierwszego sezonu wsp\u00f3\u0142pracy klubu z Nike.<\/p>","protected":false},"featured_media":15714,"template":"","meta":{"_kad_blocks_custom_css":"","_kad_blocks_head_custom_js":"","_kad_blocks_body_custom_js":"","_kad_blocks_footer_custom_js":"","_kad_post_transparent":"","_kad_post_title":"","_kad_post_layout":"","_kad_post_sidebar_id":"","_kad_post_content_style":"","_kad_post_vertical_padding":"","_kad_post_feature":"","_kad_post_feature_position":"","_kad_post_header":false,"_kad_post_footer":false},"product_brand":[55],"product_cat":[25,32,31,26,245],"product_tag":[],"class_list":{"0":"post-3257","1":"product","2":"type-product","3":"status-publish","4":"has-post-thumbnail","6":"product_brand-nike","7":"product_cat-inne","8":"product_cat-kluby-angielskie","9":"product_cat-kluby-europejskie","10":"product_cat-kurtki-bluzy-trening","11":"product_cat-tottenham-hotspur-fc","12":"pa_rozmiar-s","14":"first","15":"instock","16":"taxable","17":"shipping-taxable","18":"purchasable","19":"product-type-simple","20":"entry","21":"content-bg","22":"loop-entry"},"taxonomy_info":{"product_brand":[{"value":55,"label":"Nike"}],"product_cat":[{"value":25,"label":"Inne"},{"value":32,"label":"Kluby Angielskie"},{"value":31,"label":"Kluby Europejskie"},{"value":26,"label":"Kurtki\/bluzy\/trening"},{"value":245,"label":"Tottenham Hotspur FC"}],"pa_rozmiar":[{"value":19,"label":"S"}]},"featured_image_src_large":["https:\/\/fts.you2.pl\/wp-content\/uploads\/2025\/09\/Photoroom_066_20250825_124353-1024x1024.png",1024,1024,true],"author_info":[],"comment_info":"","_links":{"self":[{"href":"https:\/\/fts.you2.pl\/en\/wp-json\/wp\/v2\/product\/3257","targetHints":{"allow":["GET"]}}],"collection":[{"href":"https:\/\/fts.you2.pl\/en\/wp-json\/wp\/v2\/product"}],"about":[{"href":"https:\/\/fts.you2.pl\/en\/wp-json\/wp\/v2\/types\/product"}],"wp:featuredmedia":[{"embeddable":true,"href":"https:\/\/fts.you2.pl\/en\/wp-json\/wp\/v2\/media\/15714"}],"wp:attachment":[{"href":"https:\/\/fts.you2.pl\/en\/wp-json\/wp\/v2\/media?parent=3257"}],"wp:term":[{"taxonomy":"product_brand","embeddable":true,"href":"https:\/\/fts.you2.pl\/en\/wp-json\/wp\/v2\/product_brand?post=3257"},{"taxonomy":"product_cat","embeddable":true,"href":"https:\/\/fts.you2.pl\/en\/wp-json\/wp\/v2\/product_cat?post=3257"},{"taxonomy":"product_tag","embeddable":true,"href":"https:\/\/fts.you2.pl\/en\/wp-json\/wp\/v2\/product_tag?post=3257"}],"curies":[{"name":"wp","href":"https:\/\/api.w.org\/{rel}","templated":true}]}}