{"id":3258,"date":"2025-08-25T15:56:25","date_gmt":"2025-08-25T13:56:25","guid":{"rendered":"https:\/\/fts.you2.pl\/index.php\/produkt\/koszulka-pilkarska-reading-fc-2008-09-home-xl\/"},"modified":"2025-09-19T17:59:59","modified_gmt":"2025-09-19T15:59:59","slug":"koszulka-pilkarska-reading-fc-2008-09-home-xl","status":"publish","type":"product","link":"https:\/\/fts.you2.pl\/en\/koszulka-pilkarska-reading-fc-2008-09-home-xl\/","title":{"rendered":"Koszulka pi\u0142karska Reading FC 2008\/09 Home [XL]"},"content":{"rendered":"<p><strong>Klub:<\/strong> Reading FC<\/p>\n<p><strong>Sezon:<\/strong> 2008\/09 Home<\/p>\n<p><strong>Rozmiar: <\/strong>XL<\/p>\n<p><strong>Stan:<\/strong> Bardzo dobry &#8211; starta nalepka z rozmiarem na karku oraz kilka mikro zaci\u0105gni\u0119\u0107 na r\u0119kawach.<\/p>\n<p><strong>Wymiary (szeroko\u015b\u0107 pod pachami\/d\u0142ugo\u015b\u0107) w cm: <\/strong>58\/72<\/p>","protected":false},"excerpt":{"rendered":"<p data-start=\"0\" data-end=\"81\"><strong data-start=\"0\" data-end=\"79\">Oryginalna koszulka pi\u0142karska Reading FC z sezonu 2008\/09 \u2013 produkcji Pumy.<\/strong><\/p>\n<p data-start=\"83\" data-end=\"412\">Ta <strong data-start=\"86\" data-end=\"144\">oryginalna domowa koszulka Reading FC z sezonu 2008\/09<\/strong>, wyprodukowana przez <strong data-start=\"166\" data-end=\"174\">Pum\u0119<\/strong>, to klasyczny model w charakterystycznych dla \u201eThe Royals\u201d <strong data-start=\"234\" data-end=\"272\">bia\u0142o-niebieskich pasach poziomych<\/strong>. Wersja z <strong data-start=\"283\" data-end=\"301\">d\u0142ugim r\u0119kawem<\/strong> wyr\u00f3\u017cnia si\u0119 eleganckim krojem oraz detalami typowymi dla projekt\u00f3w Pumy z ko\u0144ca pierwszej dekady XXI wieku.<\/p>\n<p data-start=\"414\" data-end=\"732\">Na froncie koszulki znajduj\u0105 si\u0119 <strong data-start=\"447\" data-end=\"466\">herb Reading FC<\/strong>, logo <strong data-start=\"473\" data-end=\"481\">Pumy<\/strong> oraz znak sponsora <strong>Waitrose<\/strong>, dobrze kojarzony przez kibic\u00f3w z tamtego okresu. Model wykonano z materia\u0142u w technologii <strong data-start=\"604\" data-end=\"624\">Puma Performance<\/strong>, zapewniaj\u0105cego <strong data-start=\"641\" data-end=\"677\">lekko\u015b\u0107, przewiewno\u015b\u0107 i trwa\u0142o\u015b\u0107<\/strong>, co czyni\u0142o go funkcjonalnym i wygodnym podczas gry.<\/p>\n<p data-start=\"734\" data-end=\"1227\">Sezon <strong data-start=\"740\" data-end=\"751\">2008\/09<\/strong> by\u0142 dla Reading czasem rywalizacji w <strong data-start=\"789\" data-end=\"805\">Championship<\/strong>, po spadku z Premier League rok wcze\u015bniej. Dru\u017cyna prowadzona najpierw przez <strong data-start=\"883\" data-end=\"903\">Steve\u2019a Coppella<\/strong>, a p\u00f3\u017aniej <strong data-start=\"915\" data-end=\"936\">Brendana Rodgersa<\/strong>, walczy\u0142a o powr\u00f3t do najwy\u017cszej klasy rozgrywkowej, ko\u0144cz\u0105c lig\u0119 na miejscach bara\u017cowych, jednak nie zdo\u0142a\u0142a awansowa\u0107 do elity. W tamtym okresie w barwach Reading wyst\u0119powali m.in. <strong data-start=\"1120\" data-end=\"1177\">Kevin Doyle, Stephen Hunt, James Harper i Andre Bikey<\/strong>, kt\u00f3rzy nale\u017celi do kluczowych postaci zespo\u0142u.<\/p>\n<p data-start=\"1229\" data-end=\"1430\">Ta koszulka to \u015bwietna propozycja dla <strong data-start=\"1267\" data-end=\"1318\">kolekcjoner\u00f3w oryginalnych koszulek pi\u0142karskich<\/strong> oraz fan\u00f3w Reading FC, kt\u00f3rzy chc\u0105 posiada\u0107 autentyczny egzemplarz z sezonu walki o powr\u00f3t do <strong>Premier League<\/strong>.<\/p>","protected":false},"featured_media":15724,"template":"","meta":{"_kad_blocks_custom_css":"","_kad_blocks_head_custom_js":"","_kad_blocks_body_custom_js":"","_kad_blocks_footer_custom_js":"","_kad_post_transparent":"","_kad_post_title":"","_kad_post_layout":"","_kad_post_sidebar_id":"","_kad_post_content_style":"","_kad_post_vertical_padding":"","_kad_post_feature":"","_kad_post_feature_position":"","_kad_post_header":false,"_kad_post_footer":false},"product_brand":[86],"product_cat":[32,31,33],"product_tag":[],"class_list":{"0":"post-3258","1":"product","2":"type-product","3":"status-publish","4":"has-post-thumbnail","6":"product_brand-puma","7":"product_cat-kluby-angielskie","8":"product_cat-kluby-europejskie","9":"product_cat-pozostale-kluby-angielskie","10":"pa_rozmiar-xl","12":"first","13":"instock","14":"taxable","15":"shipping-taxable","16":"purchasable","17":"product-type-simple","18":"entry","19":"content-bg","20":"loop-entry"},"taxonomy_info":{"product_brand":[{"value":86,"label":"Puma"}],"product_cat":[{"value":32,"label":"Kluby Angielskie"},{"value":31,"label":"Kluby Europejskie"},{"value":33,"label":"Pozosta\u0142e kluby angielskie"}],"pa_rozmiar":[{"value":57,"label":"XL"}]},"featured_image_src_large":["https:\/\/fts.you2.pl\/wp-content\/uploads\/2025\/09\/Photoroom_088_20250825_124353-1024x1024.png",1024,1024,true],"author_info":[],"comment_info":"","_links":{"self":[{"href":"https:\/\/fts.you2.pl\/en\/wp-json\/wp\/v2\/product\/3258","targetHints":{"allow":["GET"]}}],"collection":[{"href":"https:\/\/fts.you2.pl\/en\/wp-json\/wp\/v2\/product"}],"about":[{"href":"https:\/\/fts.you2.pl\/en\/wp-json\/wp\/v2\/types\/product"}],"wp:featuredmedia":[{"embeddable":true,"href":"https:\/\/fts.you2.pl\/en\/wp-json\/wp\/v2\/media\/15724"}],"wp:attachment":[{"href":"https:\/\/fts.you2.pl\/en\/wp-json\/wp\/v2\/media?parent=3258"}],"wp:term":[{"taxonomy":"product_brand","embeddable":true,"href":"https:\/\/fts.you2.pl\/en\/wp-json\/wp\/v2\/product_brand?post=3258"},{"taxonomy":"product_cat","embeddable":true,"href":"https:\/\/fts.you2.pl\/en\/wp-json\/wp\/v2\/product_cat?post=3258"},{"taxonomy":"product_tag","embeddable":true,"href":"https:\/\/fts.you2.pl\/en\/wp-json\/wp\/v2\/product_tag?post=3258"}],"curies":[{"name":"wp","href":"https:\/\/api.w.org\/{rel}","templated":true}]}}