{"id":3264,"date":"2025-08-25T15:56:20","date_gmt":"2025-08-25T13:56:20","guid":{"rendered":"https:\/\/fts.you2.pl\/index.php\/produkt\/koszulka-bawelniana-manchester-city-2023-24-l\/"},"modified":"2025-09-19T18:03:17","modified_gmt":"2025-09-19T16:03:17","slug":"koszulka-bawelniana-manchester-city-2023-24-l","status":"publish","type":"product","link":"https:\/\/fts.you2.pl\/en\/koszulka-bawelniana-manchester-city-2023-24-l\/","title":{"rendered":"Koszulka bawe\u0142niana Manchester City 2023\/24 [L]"},"content":{"rendered":"<p><strong>Klub:<\/strong> Manchester City<\/p>\n<p><strong>Sezon:<\/strong> 2023\/24<\/p>\n<p><strong>Rozmiar: <\/strong>L<\/p>\n<p><strong>Stan:<\/strong> Doskona\u0142y<\/p>\n<p><strong>Wymiary (szeroko\u015b\u0107 pod pachami\/d\u0142ugo\u015b\u0107) w cm: <\/strong>51\/74<\/p>","protected":false},"excerpt":{"rendered":"<p data-start=\"0\" data-end=\"86\"><strong data-start=\"0\" data-end=\"84\">Oryginalna koszulka pi\u0142karska Manchester City z sezonu 2023\/24 \u2013 produkcji Pumy.<\/strong><\/p>\n<p data-start=\"88\" data-end=\"520\">Ta <strong data-start=\"91\" data-end=\"148\">bawe\u0142niana koszulka Manchesteru City z sezonu 2023\/24<\/strong>, wyprodukowana przez <strong data-start=\"170\" data-end=\"178\">Pum\u0119<\/strong>, to stylowy model w <strong data-start=\"199\" data-end=\"218\">czarnym kolorze<\/strong>, prze\u0142amany kontrastuj\u0105cymi <strong data-start=\"247\" data-end=\"272\">turkusowymi r\u0119kawkami<\/strong>, kt\u00f3re nadaj\u0105 jej nowoczesnego i energetycznego charakteru. Na froncie wyr\u00f3\u017cniaj\u0105 si\u0119 <strong data-start=\"359\" data-end=\"379\">r\u00f3\u017cowe logo Pumy<\/strong> oraz <strong data-start=\"385\" data-end=\"417\">herb klubowy Manchester City<\/strong>, co tworzy unikatowe zestawienie barw, idealnie wpisuj\u0105ce si\u0119 w dynamiczny wizerunek \u201eThe Citizens\u201d.<\/p>\n<p data-start=\"522\" data-end=\"845\">Koszulka zosta\u0142a wykonana z wysokiej jako\u015bci <strong data-start=\"567\" data-end=\"578\">bawe\u0142ny<\/strong>, dzi\u0119ki czemu jest <strong data-start=\"598\" data-end=\"631\">mi\u0119kka, wygodna i oddychaj\u0105ca<\/strong>, doskonale sprawdzaj\u0105c si\u0119 w codziennym u\u017cytkowaniu, jak i jako element kibicowskiej garderoby. Jej minimalistyczny design z odwa\u017cnym po\u0142\u0105czeniem kolor\u00f3w podkre\u015bla nowoczesny styl kolekcji Pumy z sezonu 2023\/24.<\/p>\n<p data-start=\"847\" data-end=\"1192\">Sezon <strong data-start=\"853\" data-end=\"864\">2023\/24<\/strong> to kolejny rok wielkich ambicji Manchesteru City pod wodz\u0105 <strong data-start=\"924\" data-end=\"943\">Pepa Guardioli<\/strong>, kiedy klub, po historycznym tryplecie zdobytym rok wcze\u015bniej, walczy\u0142 o utrzymanie pozycji jednego z najlepszych zespo\u0142\u00f3w w Europie. Tego typu koszulki klubowe sta\u0142y si\u0119 popularnym wyborem w\u015br\u00f3d fan\u00f3w, \u0142\u0105cz\u0105c sportowy charakter z casualow\u0105 mod\u0105.<\/p>\n<p data-start=\"1194\" data-end=\"1365\">To doskona\u0142a propozycja dla <strong data-start=\"1222\" data-end=\"1248\">fan\u00f3w Manchesteru City<\/strong> oraz <strong data-start=\"1254\" data-end=\"1303\">kolekcjoner\u00f3w oryginalnych koszulek klubowych<\/strong>, kt\u00f3rzy ceni\u0105 unikatowe projekty i wysok\u0105 jako\u015b\u0107 wykonania.<\/p>","protected":false},"featured_media":15774,"template":"","meta":{"_kad_blocks_custom_css":"","_kad_blocks_head_custom_js":"","_kad_blocks_body_custom_js":"","_kad_blocks_footer_custom_js":"","_kad_post_transparent":"","_kad_post_title":"","_kad_post_layout":"","_kad_post_sidebar_id":"","_kad_post_content_style":"","_kad_post_vertical_padding":"","_kad_post_feature":"","_kad_post_feature_position":"","_kad_post_header":false,"_kad_post_footer":false},"product_brand":[86],"product_cat":[25,32,31,26,308],"product_tag":[],"class_list":{"0":"post-3264","1":"product","2":"type-product","3":"status-publish","4":"has-post-thumbnail","6":"product_brand-puma","7":"product_cat-inne","8":"product_cat-kluby-angielskie","9":"product_cat-kluby-europejskie","10":"product_cat-kurtki-bluzy-trening","11":"product_cat-manchester-city","12":"pa_rozmiar-l","14":"first","15":"instock","16":"taxable","17":"shipping-taxable","18":"purchasable","19":"product-type-simple","20":"entry","21":"content-bg","22":"loop-entry"},"taxonomy_info":{"product_brand":[{"value":86,"label":"Puma"}],"product_cat":[{"value":25,"label":"Inne"},{"value":32,"label":"Kluby Angielskie"},{"value":31,"label":"Kluby Europejskie"},{"value":26,"label":"Kurtki\/bluzy\/trening"},{"value":308,"label":"Manchester City"}],"pa_rozmiar":[{"value":39,"label":"L"}]},"featured_image_src_large":["https:\/\/fts.you2.pl\/wp-content\/uploads\/2025\/09\/Photoroom_094_20250825_124353-1024x1024.png",1024,1024,true],"author_info":[],"comment_info":"","_links":{"self":[{"href":"https:\/\/fts.you2.pl\/en\/wp-json\/wp\/v2\/product\/3264","targetHints":{"allow":["GET"]}}],"collection":[{"href":"https:\/\/fts.you2.pl\/en\/wp-json\/wp\/v2\/product"}],"about":[{"href":"https:\/\/fts.you2.pl\/en\/wp-json\/wp\/v2\/types\/product"}],"wp:featuredmedia":[{"embeddable":true,"href":"https:\/\/fts.you2.pl\/en\/wp-json\/wp\/v2\/media\/15774"}],"wp:attachment":[{"href":"https:\/\/fts.you2.pl\/en\/wp-json\/wp\/v2\/media?parent=3264"}],"wp:term":[{"taxonomy":"product_brand","embeddable":true,"href":"https:\/\/fts.you2.pl\/en\/wp-json\/wp\/v2\/product_brand?post=3264"},{"taxonomy":"product_cat","embeddable":true,"href":"https:\/\/fts.you2.pl\/en\/wp-json\/wp\/v2\/product_cat?post=3264"},{"taxonomy":"product_tag","embeddable":true,"href":"https:\/\/fts.you2.pl\/en\/wp-json\/wp\/v2\/product_tag?post=3264"}],"curies":[{"name":"wp","href":"https:\/\/api.w.org\/{rel}","templated":true}]}}