{"id":3266,"date":"2025-08-25T15:56:18","date_gmt":"2025-08-25T13:56:18","guid":{"rendered":"https:\/\/fts.you2.pl\/index.php\/produkt\/koszulka-pre-match-manchester-city-2023-24-s\/"},"modified":"2025-09-19T18:04:26","modified_gmt":"2025-09-19T16:04:26","slug":"koszulka-pre-match-manchester-city-2023-24-s","status":"publish","type":"product","link":"https:\/\/fts.you2.pl\/en\/koszulka-pre-match-manchester-city-2023-24-s\/","title":{"rendered":"Koszulka pre-match Manchester City 2023\/24 [S]"},"content":{"rendered":"<p><strong>Klub:<\/strong> Manchester City<\/p>\n<p><strong>Sezon:<\/strong> 2023\/24<\/p>\n<p><strong>Rozmiar: <\/strong>S<\/p>\n<p><strong>Stan:<\/strong> Doskona\u0142y<\/p>\n<p><strong>Wymiary (szeroko\u015b\u0107 pod pachami\/d\u0142ugo\u015b\u0107) w cm: <\/strong>46\/70<\/p>","protected":false},"excerpt":{"rendered":"<p data-start=\"0\" data-end=\"89\"><strong data-start=\"0\" data-end=\"87\">Oryginalna przedmeczowa koszulka Manchester City z sezonu 2023\/24 \u2013 produkcji Pumy.<\/strong><\/p>\n<p data-start=\"91\" data-end=\"500\">Ta <strong data-start=\"94\" data-end=\"163\">oryginalna przedmeczowa koszulka Manchester City z sezonu 2023\/24<\/strong>, wyprodukowana przez <strong data-start=\"185\" data-end=\"193\">Pum\u0119<\/strong>, to nowoczesny i efektowny model, kt\u00f3ry wyr\u00f3\u017cnia si\u0119 <strong data-start=\"247\" data-end=\"262\">czarn\u0105 baz\u0105<\/strong> uzupe\u0142nion\u0105 o dynamiczne <strong data-start=\"288\" data-end=\"318\">r\u00f3\u017cowe i turkusowe wstawki<\/strong>. Energetyczny, geometryczny wz\u00f3r podkre\u015bla nowoczesny charakter klubu i idealnie wpisuje si\u0119 w odwa\u017cny styl kolekcji treningowej \u201eThe Citizens\u201d z tego sezonu.<\/p>\n<p data-start=\"502\" data-end=\"852\">Na piersi umieszczono <strong data-start=\"524\" data-end=\"549\">herb Manchesteru City<\/strong> oraz logo <strong data-start=\"560\" data-end=\"568\">Pumy<\/strong>, co nadaje koszulce autentyczny charakter. Wykonana zosta\u0142a z materia\u0142u w technologii <strong data-start=\"655\" data-end=\"671\">Puma DryCell<\/strong>, dzi\u0119ki czemu gwarantowa\u0142a zawodnikom <strong data-start=\"710\" data-end=\"769\">lekko\u015b\u0107, przewiewno\u015b\u0107 i skuteczne odprowadzanie wilgoci<\/strong> podczas rozgrzewek i przygotowa\u0144 do mecz\u00f3w w Premier League oraz Lidze Mistrz\u00f3w.<\/p>\n<p data-start=\"854\" data-end=\"1187\">Sezon <strong data-start=\"860\" data-end=\"871\">2023\/24<\/strong> by\u0142 kolejnym etapem w dominacji Manchesteru City pod wodz\u0105 <strong data-start=\"931\" data-end=\"950\">Pep\u2019a Guardioli<\/strong>, po historycznym zdobyciu potr\u00f3jnej korony rok wcze\u015bniej. Dru\u017cyna kontynuowa\u0142a swoj\u0105 walk\u0119 o kolejne trofea, a koszulki takie jak ta towarzyszy\u0142y pi\u0142karzom podczas rozgrzewek przed kluczowymi spotkaniami na Etihad Stadium i w Europie.<\/p>\n<p data-start=\"1189\" data-end=\"1436\">To wyj\u0105tkowa propozycja dla <strong data-start=\"1217\" data-end=\"1268\">kolekcjoner\u00f3w oryginalnych koszulek pi\u0142karskich<\/strong> oraz wiernych <strong data-start=\"1283\" data-end=\"1309\">fan\u00f3w Manchesteru City<\/strong>, kt\u00f3rzy chc\u0105 posiada\u0107 unikatowy element odzie\u017cy zwi\u0105zanego z jednym z najbardziej dominuj\u0105cych klub\u00f3w wsp\u00f3\u0142czesnego futbolu.<\/p>","protected":false},"featured_media":15789,"template":"","meta":{"_kad_blocks_custom_css":"","_kad_blocks_head_custom_js":"","_kad_blocks_body_custom_js":"","_kad_blocks_footer_custom_js":"","_kad_post_transparent":"","_kad_post_title":"","_kad_post_layout":"","_kad_post_sidebar_id":"","_kad_post_content_style":"","_kad_post_vertical_padding":"","_kad_post_feature":"","_kad_post_feature_position":"","_kad_post_header":false,"_kad_post_footer":false},"product_brand":[86],"product_cat":[25,32,31,26,308],"product_tag":[],"class_list":{"0":"post-3266","1":"product","2":"type-product","3":"status-publish","4":"has-post-thumbnail","6":"product_brand-puma","7":"product_cat-inne","8":"product_cat-kluby-angielskie","9":"product_cat-kluby-europejskie","10":"product_cat-kurtki-bluzy-trening","11":"product_cat-manchester-city","12":"pa_rozmiar-s","14":"first","15":"instock","16":"taxable","17":"shipping-taxable","18":"purchasable","19":"product-type-simple","20":"entry","21":"content-bg","22":"loop-entry"},"taxonomy_info":{"product_brand":[{"value":86,"label":"Puma"}],"product_cat":[{"value":25,"label":"Inne"},{"value":32,"label":"Kluby Angielskie"},{"value":31,"label":"Kluby Europejskie"},{"value":26,"label":"Kurtki\/bluzy\/trening"},{"value":308,"label":"Manchester City"}],"pa_rozmiar":[{"value":19,"label":"S"}]},"featured_image_src_large":["https:\/\/fts.you2.pl\/wp-content\/uploads\/2025\/09\/Photoroom_056_20250825_124353-1024x1024.png",1024,1024,true],"author_info":[],"comment_info":"","_links":{"self":[{"href":"https:\/\/fts.you2.pl\/en\/wp-json\/wp\/v2\/product\/3266","targetHints":{"allow":["GET"]}}],"collection":[{"href":"https:\/\/fts.you2.pl\/en\/wp-json\/wp\/v2\/product"}],"about":[{"href":"https:\/\/fts.you2.pl\/en\/wp-json\/wp\/v2\/types\/product"}],"wp:featuredmedia":[{"embeddable":true,"href":"https:\/\/fts.you2.pl\/en\/wp-json\/wp\/v2\/media\/15789"}],"wp:attachment":[{"href":"https:\/\/fts.you2.pl\/en\/wp-json\/wp\/v2\/media?parent=3266"}],"wp:term":[{"taxonomy":"product_brand","embeddable":true,"href":"https:\/\/fts.you2.pl\/en\/wp-json\/wp\/v2\/product_brand?post=3266"},{"taxonomy":"product_cat","embeddable":true,"href":"https:\/\/fts.you2.pl\/en\/wp-json\/wp\/v2\/product_cat?post=3266"},{"taxonomy":"product_tag","embeddable":true,"href":"https:\/\/fts.you2.pl\/en\/wp-json\/wp\/v2\/product_tag?post=3266"}],"curies":[{"name":"wp","href":"https:\/\/api.w.org\/{rel}","templated":true}]}}