{"id":3269,"date":"2025-08-25T15:56:16","date_gmt":"2025-08-25T13:56:16","guid":{"rendered":"https:\/\/fts.you2.pl\/index.php\/produkt\/kurtka-pilkarska-liverpool-fc-2002-04-home-l\/"},"modified":"2025-09-19T18:06:07","modified_gmt":"2025-09-19T16:06:07","slug":"kurtka-pilkarska-liverpool-fc-2002-04-home-l","status":"publish","type":"product","link":"https:\/\/fts.you2.pl\/en\/kurtka-pilkarska-liverpool-fc-2002-04-home-l\/","title":{"rendered":"Kurtka pi\u0142karska Liverpool FC 2002\/04 Home [L]"},"content":{"rendered":"<p><strong>Klub:<\/strong> Liverpool FC<\/p>\n<p><strong>Sezon:<\/strong> 2002\/04 Home<\/p>\n<p><strong>Rozmiar: <\/strong>L<\/p>\n<p><strong>Stan:<\/strong> Dobry &#8211; nieznacznie uszkodzone nadruki na plecach oraz jedno drobne zabrudzenie.<\/p>\n<p><strong>Wymiary (szeroko\u015b\u0107 pod pachami\/d\u0142ugo\u015b\u0107) w cm: <\/strong>61\/70(prz\u00f3d), 81(ty\u0142)<\/p>","protected":false},"excerpt":{"rendered":"<p data-start=\"0\" data-end=\"83\"><strong data-start=\"0\" data-end=\"81\">Oryginalna kurtka pi\u0142karska Liverpool FC z lat 2002\u20132004 \u2013 produkcji Reeboka.<\/strong><\/p>\n<p data-start=\"85\" data-end=\"414\">Ta <strong data-start=\"88\" data-end=\"157\">oryginalna czerwona kurtka pi\u0142karska Liverpool FC z lat 2002\u20132004<\/strong>, wyprodukowana przez <strong data-start=\"179\" data-end=\"190\">Reeboka<\/strong>, to klasyczny element klubowej odzie\u017cy z pocz\u0105tku XXI wieku. Utrzymana w tradycyjnych <strong data-start=\"277\" data-end=\"310\">czerwonych barwach \u201eThe Reds\u201d<\/strong>, wyr\u00f3\u017cnia si\u0119 <strong data-start=\"325\" data-end=\"357\">niepe\u0142nym zamkiem na froncie<\/strong>, co nadaje jej sportowego i funkcjonalnego charakteru.<\/p>\n<p data-start=\"416\" data-end=\"740\">Na piersi umieszczono <strong data-start=\"438\" data-end=\"460\">herb Liverpoolu FC<\/strong>, logo <strong data-start=\"467\" data-end=\"478\">Reeboka, <\/strong>a na plecach\u00a0znak sponsora <strong data-start=\"498\" data-end=\"511\">Carlsberg<\/strong>, kt\u00f3ry w tamtym okresie nieod\u0142\u0105cznie towarzyszy\u0142 wizerunkowi klubu. Kurtka zosta\u0142a wykonana z materia\u0142u o w\u0142a\u015bciwo\u015bciach oddychaj\u0105cych, dzi\u0119ki czemu zapewnia\u0142a zawodnikom <strong data-start=\"683\" data-end=\"703\">komfort i wygod\u0119<\/strong> podczas trening\u00f3w oraz rozgrzewek.<\/p>\n<p data-start=\"742\" data-end=\"1097\">Lata <strong data-start=\"747\" data-end=\"760\">2002\u20132004<\/strong> by\u0142y dla Liverpoolu czasem gry pod wodz\u0105 <strong data-start=\"802\" data-end=\"823\">G\u00e9rarda Houlliera<\/strong>, w kt\u00f3rych klub rywalizowa\u0142 o czo\u0142owe lokaty w Premier League oraz wyst\u0119powa\u0142 na arenie europejskiej. W tym okresie barwy zespo\u0142u reprezentowali m.in. <strong data-start=\"975\" data-end=\"1056\">Steven Gerrard, Michael Owen, Sami Hyypi\u00e4, Dietmar Hamann czy Jamie Carragher<\/strong>, b\u0119d\u0105cy kluczowymi postaciami dru\u017cyny.<\/p>\n<p data-start=\"1099\" data-end=\"1307\">Ta kurtka to wyj\u0105tkowa propozycja dla <strong data-start=\"1137\" data-end=\"1186\">kolekcjoner\u00f3w oryginalnej odzie\u017cy pi\u0142karskiej<\/strong> oraz wiernych <strong data-start=\"1201\" data-end=\"1221\">fan\u00f3w Liverpoolu<\/strong>, kt\u00f3rzy chc\u0105 posiada\u0107 autentyczny element klubowej garderoby z pocz\u0105tk\u00f3w XXI wieku.<\/p>","protected":false},"featured_media":15812,"template":"","meta":{"_kad_blocks_custom_css":"","_kad_blocks_head_custom_js":"","_kad_blocks_body_custom_js":"","_kad_blocks_footer_custom_js":"","_kad_post_transparent":"","_kad_post_title":"","_kad_post_layout":"","_kad_post_sidebar_id":"","_kad_post_content_style":"","_kad_post_vertical_padding":"","_kad_post_feature":"","_kad_post_feature_position":"","_kad_post_header":false,"_kad_post_footer":false},"product_brand":[30],"product_cat":[25,32,31,26,125],"product_tag":[],"class_list":{"0":"post-3269","1":"product","2":"type-product","3":"status-publish","4":"has-post-thumbnail","6":"product_brand-reebok","7":"product_cat-inne","8":"product_cat-kluby-angielskie","9":"product_cat-kluby-europejskie","10":"product_cat-kurtki-bluzy-trening","11":"product_cat-liverpool-fc","12":"pa_rozmiar-l","14":"first","15":"instock","16":"taxable","17":"shipping-taxable","18":"purchasable","19":"product-type-simple","20":"entry","21":"content-bg","22":"loop-entry"},"taxonomy_info":{"product_brand":[{"value":30,"label":"Reebok"}],"product_cat":[{"value":25,"label":"Inne"},{"value":32,"label":"Kluby Angielskie"},{"value":31,"label":"Kluby Europejskie"},{"value":26,"label":"Kurtki\/bluzy\/trening"},{"value":125,"label":"Liverpool FC"}],"pa_rozmiar":[{"value":39,"label":"L"}]},"featured_image_src_large":["https:\/\/fts.you2.pl\/wp-content\/uploads\/2025\/09\/Photoroom_000_20250825_124353-1024x1024.png",1024,1024,true],"author_info":[],"comment_info":"","_links":{"self":[{"href":"https:\/\/fts.you2.pl\/en\/wp-json\/wp\/v2\/product\/3269","targetHints":{"allow":["GET"]}}],"collection":[{"href":"https:\/\/fts.you2.pl\/en\/wp-json\/wp\/v2\/product"}],"about":[{"href":"https:\/\/fts.you2.pl\/en\/wp-json\/wp\/v2\/types\/product"}],"wp:featuredmedia":[{"embeddable":true,"href":"https:\/\/fts.you2.pl\/en\/wp-json\/wp\/v2\/media\/15812"}],"wp:attachment":[{"href":"https:\/\/fts.you2.pl\/en\/wp-json\/wp\/v2\/media?parent=3269"}],"wp:term":[{"taxonomy":"product_brand","embeddable":true,"href":"https:\/\/fts.you2.pl\/en\/wp-json\/wp\/v2\/product_brand?post=3269"},{"taxonomy":"product_cat","embeddable":true,"href":"https:\/\/fts.you2.pl\/en\/wp-json\/wp\/v2\/product_cat?post=3269"},{"taxonomy":"product_tag","embeddable":true,"href":"https:\/\/fts.you2.pl\/en\/wp-json\/wp\/v2\/product_tag?post=3269"}],"curies":[{"name":"wp","href":"https:\/\/api.w.org\/{rel}","templated":true}]}}