{"id":3270,"date":"2025-08-25T15:56:16","date_gmt":"2025-08-25T13:56:16","guid":{"rendered":"https:\/\/fts.you2.pl\/index.php\/produkt\/koszulka-pilkarska-liverpool-fc-2013-14-home-m\/"},"modified":"2025-09-19T18:06:40","modified_gmt":"2025-09-19T16:06:40","slug":"koszulka-pilkarska-liverpool-fc-2013-14-home-m","status":"publish","type":"product","link":"https:\/\/fts.you2.pl\/en\/koszulka-pilkarska-liverpool-fc-2013-14-home-m\/","title":{"rendered":"Koszulka pi\u0142karska Liverpool FC 2013\/14 Home [M]"},"content":{"rendered":"<p><strong>Klub:<\/strong> Liverpool FC<\/p>\n<p><strong>Sezon:<\/strong> 2013\/14 Home<\/p>\n<p><strong>Rozmiar: <\/strong>M<\/p>\n<p><strong>Stan:<\/strong> Dobry &#8211; nieznacznie pop\u0119kany nadruk sponsora na froncie oraz kilka niewielkich zaci\u0105gni\u0119\u0107 na froncie, u do\u0142u koszulki.<\/p>\n<p><strong>Wymiary (szeroko\u015b\u0107 pod pachami\/d\u0142ugo\u015b\u0107) w cm: <\/strong>51\/73<\/p>","protected":false},"excerpt":{"rendered":"<p data-start=\"0\" data-end=\"86\"><strong data-start=\"0\" data-end=\"84\">Oryginalna koszulka pi\u0142karska Liverpool FC z sezonu 2013\/14 \u2013 produkcji Warrior.<\/strong><\/p>\n<p data-start=\"88\" data-end=\"599\">Ta <strong data-start=\"91\" data-end=\"151\">oryginalna domowa koszulka Liverpool FC z sezonu 2013\/14<\/strong>, wyprodukowana przez <strong data-start=\"173\" data-end=\"190\">mark\u0119 Warrior<\/strong>, to klasyczny model w tradycyjnych <strong data-start=\"226\" data-end=\"259\">czerwonych barwach \u201eThe Reds\u201d<\/strong>, kt\u00f3ry zapisa\u0142 si\u0119 w pami\u0119ci kibic\u00f3w jako symbol jednego z najbardziej emocjonuj\u0105cych sezon\u00f3w w erze <strong>Premier League.<\/strong> Koszulka wyr\u00f3\u017cnia si\u0119 eleganckim krojem z bia\u0142ymi wyko\u0144czeniami na ko\u0142nierzyku i mankietach, a na froncie znajduj\u0105 si\u0119: <strong data-start=\"497\" data-end=\"536\">herb Liverpoolu FC w z\u0142otej tonacji<\/strong>, logo <strong data-start=\"543\" data-end=\"554\">Warrior<\/strong> oraz znak sponsora <strong data-start=\"574\" data-end=\"596\">Standard Chartered<\/strong>.<\/p>\n<p data-start=\"601\" data-end=\"798\">Model wykonany zosta\u0142 z lekkiego materia\u0142u w technologii <strong data-start=\"658\" data-end=\"670\">War-Tech<\/strong>, zapewniaj\u0105cej zawodnikom <strong data-start=\"697\" data-end=\"746\">komfort, przewiewno\u015b\u0107 i odprowadzanie wilgoci<\/strong> zar\u00f3wno podczas intensywnej gry, jak i trening\u00f3w.<\/p>\n<p data-start=\"800\" data-end=\"1322\">Sezon <strong data-start=\"806\" data-end=\"817\">2013\/14<\/strong> by\u0142 dla Liverpoolu niezwykle pami\u0119tny \u2013 dru\u017cyna prowadzona przez <strong data-start=\"883\" data-end=\"904\">Brendana Rodgersa<\/strong> do ostatnich kolejek walczy\u0142a o mistrzostwo Anglii, ostatecznie zajmuj\u0105c <strong data-start=\"978\" data-end=\"992\">2. miejsce<\/strong> w Premier League. Zesp\u00f3\u0142 zachwyca\u0142 ofensywnym stylem gry, a jego najwi\u0119kszymi gwiazdami byli <strong data-start=\"1086\" data-end=\"1101\">Luis Su\u00e1rez<\/strong>, kt\u00f3ry zdoby\u0142 31 bramek i zosta\u0142 kr\u00f3lem strzelc\u00f3w, oraz <strong data-start=\"1158\" data-end=\"1212\">Steven Gerrard, Daniel Sturridge i Raheem Sterling<\/strong>. To w\u0142a\u015bnie w tej koszulce Liverpool prze\u017cywa\u0142 emocje zwi\u0105zane z powrotem do walki o tytu\u0142 po wielu latach.<\/p>\n<p data-start=\"1324\" data-end=\"1558\">Ta koszulka to wyj\u0105tkowa propozycja dla <strong data-start=\"1364\" data-end=\"1415\">kolekcjoner\u00f3w oryginalnych koszulek pi\u0142karskich<\/strong> oraz wiernych <strong data-start=\"1430\" data-end=\"1450\">fan\u00f3w Liverpoolu<\/strong>, kt\u00f3rzy chc\u0105 posiada\u0107 pami\u0105tk\u0119 z jednego z najbardziej ekscytuj\u0105cych sezon\u00f3w w nowo\u017cytnej historii klubu.<\/p>","protected":false},"featured_media":15821,"template":"","meta":{"_kad_blocks_custom_css":"","_kad_blocks_head_custom_js":"","_kad_blocks_body_custom_js":"","_kad_blocks_footer_custom_js":"","_kad_post_transparent":"","_kad_post_title":"","_kad_post_layout":"","_kad_post_sidebar_id":"","_kad_post_content_style":"","_kad_post_vertical_padding":"","_kad_post_feature":"","_kad_post_feature_position":"","_kad_post_header":false,"_kad_post_footer":false},"product_brand":[124],"product_cat":[32,31,125],"product_tag":[],"class_list":{"0":"post-3270","1":"product","2":"type-product","3":"status-publish","4":"has-post-thumbnail","6":"product_brand-warrior","7":"product_cat-kluby-angielskie","8":"product_cat-kluby-europejskie","9":"product_cat-liverpool-fc","10":"pa_rozmiar-m","12":"first","13":"instock","14":"taxable","15":"shipping-taxable","16":"purchasable","17":"product-type-simple","18":"entry","19":"content-bg","20":"loop-entry"},"taxonomy_info":{"product_brand":[{"value":124,"label":"Warrior"}],"product_cat":[{"value":32,"label":"Kluby Angielskie"},{"value":31,"label":"Kluby Europejskie"},{"value":125,"label":"Liverpool FC"}],"pa_rozmiar":[{"value":28,"label":"M"}]},"featured_image_src_large":["https:\/\/fts.you2.pl\/wp-content\/uploads\/2025\/09\/Photoroom_006_20250825_124353-1024x1024.png",1024,1024,true],"author_info":[],"comment_info":"","_links":{"self":[{"href":"https:\/\/fts.you2.pl\/en\/wp-json\/wp\/v2\/product\/3270","targetHints":{"allow":["GET"]}}],"collection":[{"href":"https:\/\/fts.you2.pl\/en\/wp-json\/wp\/v2\/product"}],"about":[{"href":"https:\/\/fts.you2.pl\/en\/wp-json\/wp\/v2\/types\/product"}],"wp:featuredmedia":[{"embeddable":true,"href":"https:\/\/fts.you2.pl\/en\/wp-json\/wp\/v2\/media\/15821"}],"wp:attachment":[{"href":"https:\/\/fts.you2.pl\/en\/wp-json\/wp\/v2\/media?parent=3270"}],"wp:term":[{"taxonomy":"product_brand","embeddable":true,"href":"https:\/\/fts.you2.pl\/en\/wp-json\/wp\/v2\/product_brand?post=3270"},{"taxonomy":"product_cat","embeddable":true,"href":"https:\/\/fts.you2.pl\/en\/wp-json\/wp\/v2\/product_cat?post=3270"},{"taxonomy":"product_tag","embeddable":true,"href":"https:\/\/fts.you2.pl\/en\/wp-json\/wp\/v2\/product_tag?post=3270"}],"curies":[{"name":"wp","href":"https:\/\/api.w.org\/{rel}","templated":true}]}}