{"id":3273,"date":"2025-08-25T15:56:34","date_gmt":"2025-08-25T13:56:34","guid":{"rendered":"https:\/\/fts.you2.pl\/index.php\/produkt\/koszulka-pilkarska-liverpool-fc-2002-04-home-3xl\/"},"modified":"2025-09-19T18:08:09","modified_gmt":"2025-09-19T16:08:09","slug":"koszulka-pilkarska-liverpool-fc-2002-04-home-3xl","status":"publish","type":"product","link":"https:\/\/fts.you2.pl\/en\/koszulka-pilkarska-liverpool-fc-2002-04-home-3xl\/","title":{"rendered":"Koszulka pi\u0142karska Liverpool FC 2002\/04 Home [3XL]"},"content":{"rendered":"<p><strong>Klub:<\/strong> Liverpool FC<\/p>\n<p><strong>Sezon:<\/strong> 2002\/04 Home<\/p>\n<p><strong>Rozmiar: <\/strong>3XL<\/p>\n<p><strong>Stan:<\/strong> Doskona\u0142y<\/p>\n<p><strong>Wymiary (szeroko\u015b\u0107 pod pachami\/d\u0142ugo\u015b\u0107) w cm: <\/strong>68\/80<\/p>","protected":false},"excerpt":{"rendered":"<p data-start=\"0\" data-end=\"89\"><strong data-start=\"0\" data-end=\"87\">Oryginalna koszulka pi\u0142karska Liverpool FC z sezon\u00f3w 2002\u20132004 \u2013 produkcji Reeboka.<\/strong><\/p>\n<p data-start=\"91\" data-end=\"537\">Ta <strong data-start=\"94\" data-end=\"157\">oryginalna domowa koszulka Liverpool FC z sezon\u00f3w 2002\u20132004<\/strong>, wyprodukowana przez <strong data-start=\"179\" data-end=\"190\">Reeboka<\/strong>, to klasyczny model w tradycyjnych <strong data-start=\"226\" data-end=\"259\">czerwonych barwach \u201eThe Reds\u201d<\/strong>. Na froncie wyr\u00f3\u017cnia si\u0119 charakterystyczne, centralnie umieszczone logo sponsora <strong data-start=\"341\" data-end=\"354\">Carlsberg<\/strong>, kt\u00f3re przez lata by\u0142o nierozerwalnie zwi\u0105zane z klubem z Anfield. Projekt uzupe\u0142niaj\u0105 <strong data-start=\"442\" data-end=\"458\">bia\u0142e detale<\/strong> \u2013 logo Reeboka na froncie oraz herb Liverpoolu umieszczony centralnie.<\/p>\n<p data-start=\"539\" data-end=\"736\">Koszulka wykonana zosta\u0142a z wysokiej jako\u015bci materia\u0142\u00f3w sportowych, zapewniaj\u0105cych <strong data-start=\"622\" data-end=\"656\">lekko\u015b\u0107, przewiewno\u015b\u0107 i wygod\u0119<\/strong>, a jej kr\u00f3j odzwierciedla\u0142 estetyk\u0119 futbolowych stroj\u00f3w z pocz\u0105tku XXI wieku.<\/p>\n<p data-start=\"738\" data-end=\"1100\">W latach <strong data-start=\"747\" data-end=\"760\">2002\u20132004<\/strong> Liverpool rywalizowa\u0142 w Premier League i europejskich pucharach pod wodz\u0105 <strong data-start=\"835\" data-end=\"856\">G\u00e9rarda Houlliera<\/strong>. Dru\u017cyna z Anfield zdoby\u0142a w tym czasie <strong data-start=\"897\" data-end=\"919\">Puchar Ligi (2003)<\/strong>, a w sk\u0142adzie wyst\u0119powali zawodnicy, kt\u00f3rzy zapisali si\u0119 w historii klubu \u2013 m.in. <strong data-start=\"1002\" data-end=\"1097\">Steven Gerrard, Michael Owen, Sami Hyypi\u00e4, Dietmar Hamann, Jamie Carragher czy Emile Heskey<\/strong>.<\/p>\n<p data-start=\"1102\" data-end=\"1326\">Ta koszulka to \u015bwietna propozycja dla <strong data-start=\"1140\" data-end=\"1190\">kolekcjoner\u00f3w oryginalnych stroj\u00f3w pi\u0142karskich<\/strong> oraz <strong data-start=\"1196\" data-end=\"1216\">fan\u00f3w Liverpoolu<\/strong>, kt\u00f3rzy chc\u0105 posiada\u0107 pami\u0105tk\u0119 z pocz\u0105tku XXI wieku, ery poprzedzaj\u0105cej triumfy w Lidze Mistrz\u00f3w 2005 roku.<\/p>","protected":false},"featured_media":15851,"template":"","meta":{"_kad_blocks_custom_css":"","_kad_blocks_head_custom_js":"","_kad_blocks_body_custom_js":"","_kad_blocks_footer_custom_js":"","_kad_post_transparent":"","_kad_post_title":"","_kad_post_layout":"","_kad_post_sidebar_id":"","_kad_post_content_style":"","_kad_post_vertical_padding":"","_kad_post_feature":"","_kad_post_feature_position":"","_kad_post_header":false,"_kad_post_footer":false},"product_brand":[30],"product_cat":[32,31,125],"product_tag":[],"class_list":{"0":"post-3273","1":"product","2":"type-product","3":"status-publish","4":"has-post-thumbnail","6":"product_brand-reebok","7":"product_cat-kluby-angielskie","8":"product_cat-kluby-europejskie","9":"product_cat-liverpool-fc","10":"pa_rozmiar-3xl","12":"first","13":"instock","14":"taxable","15":"shipping-taxable","16":"purchasable","17":"product-type-simple","18":"entry","19":"content-bg","20":"loop-entry"},"taxonomy_info":{"product_brand":[{"value":30,"label":"Reebok"}],"product_cat":[{"value":32,"label":"Kluby Angielskie"},{"value":31,"label":"Kluby Europejskie"},{"value":125,"label":"Liverpool FC"}],"pa_rozmiar":[{"value":342,"label":"3XL"}]},"featured_image_src_large":["https:\/\/fts.you2.pl\/wp-content\/uploads\/2025\/09\/Photoroom_002_20250825_124353-1024x1024.png",1024,1024,true],"author_info":[],"comment_info":"","_links":{"self":[{"href":"https:\/\/fts.you2.pl\/en\/wp-json\/wp\/v2\/product\/3273","targetHints":{"allow":["GET"]}}],"collection":[{"href":"https:\/\/fts.you2.pl\/en\/wp-json\/wp\/v2\/product"}],"about":[{"href":"https:\/\/fts.you2.pl\/en\/wp-json\/wp\/v2\/types\/product"}],"wp:featuredmedia":[{"embeddable":true,"href":"https:\/\/fts.you2.pl\/en\/wp-json\/wp\/v2\/media\/15851"}],"wp:attachment":[{"href":"https:\/\/fts.you2.pl\/en\/wp-json\/wp\/v2\/media?parent=3273"}],"wp:term":[{"taxonomy":"product_brand","embeddable":true,"href":"https:\/\/fts.you2.pl\/en\/wp-json\/wp\/v2\/product_brand?post=3273"},{"taxonomy":"product_cat","embeddable":true,"href":"https:\/\/fts.you2.pl\/en\/wp-json\/wp\/v2\/product_cat?post=3273"},{"taxonomy":"product_tag","embeddable":true,"href":"https:\/\/fts.you2.pl\/en\/wp-json\/wp\/v2\/product_tag?post=3273"}],"curies":[{"name":"wp","href":"https:\/\/api.w.org\/{rel}","templated":true}]}}