{"id":3279,"date":"2025-08-25T15:56:30","date_gmt":"2025-08-25T13:56:30","guid":{"rendered":"https:\/\/fts.you2.pl\/index.php\/produkt\/koszulka-pilkarska-liverpool-fc-2017-18-home-11-m-salah-s\/"},"modified":"2025-09-19T18:10:52","modified_gmt":"2025-09-19T16:10:52","slug":"koszulka-pilkarska-liverpool-fc-2017-18-home-11-m-salah-s","status":"publish","type":"product","link":"https:\/\/fts.you2.pl\/en\/koszulka-pilkarska-liverpool-fc-2017-18-home-11-m-salah-s\/","title":{"rendered":"Koszulka pi\u0142karska Liverpool FC 2017\/18 Home 11 M. Salah [S]"},"content":{"rendered":"<p><strong>Klub:<\/strong> Liverpool FC<\/p>\n<p><strong>Sezon:<\/strong> 2017\/18 Home<\/p>\n<p><strong>Rozmiar: <\/strong>S<\/p>\n<p><strong>Stan:<\/strong> S\u0142aby &#8211; wyra\u017ane plamy na froncie koszulki, mikro p\u0119kni\u0119cia na nadruku sponsora oraz na paskach na plecach.<\/p>\n<p><strong>Wymiary (szeroko\u015b\u0107 pod pachami\/d\u0142ugo\u015b\u0107) w cm: <\/strong>51\/67<\/p>","protected":false},"excerpt":{"rendered":"<p data-start=\"0\" data-end=\"90\"><strong data-start=\"0\" data-end=\"88\">Oryginalna koszulka pi\u0142karska Liverpool FC z sezonu 2017\/18 \u2013 produkcji New Balance.<\/strong><\/p>\n<p data-start=\"92\" data-end=\"510\">Ta <strong data-start=\"95\" data-end=\"155\">oryginalna domowa koszulka Liverpool FC z sezonu 2017\/18<\/strong>, wyprodukowana przez <strong data-start=\"177\" data-end=\"192\">New Balance<\/strong>, to wyj\u0105tkowy model w tradycyjnych <strong data-start=\"228\" data-end=\"261\">czerwonych barwach \u201eThe Reds\u201d<\/strong>, nawi\u0105zuj\u0105cy swoim designem do klasycznych stroj\u00f3w z przesz\u0142o\u015bci. Wyposa\u017cona w oficjalny nadruk ligowy <strong data-start=\"365\" data-end=\"384\">Mohameda Salaha<\/strong> na plecach, upami\u0119tnia sezon, w kt\u00f3rym Egipcjanin szturmem podbi\u0142 Anfield i zapisa\u0142 si\u0119 z\u0142otymi zg\u0142oskami w historii klubu.<\/p>\n<p data-start=\"512\" data-end=\"934\">Koszulka wyr\u00f3\u017cnia si\u0119 eleganckim <strong data-start=\"545\" data-end=\"583\">bia\u0142ym ko\u0142nierzykiem w stylu retro<\/strong> oraz subtelnymi bia\u0142ymi akcentami na r\u0119kawkach. Na froncie znajduje si\u0119 <strong data-start=\"667\" data-end=\"703\">herb Liverpoolu w z\u0142otej tonacji<\/strong>, logo <strong data-start=\"710\" data-end=\"725\">New Balance<\/strong> oraz znak sponsora <strong data-start=\"745\" data-end=\"767\">Standard Chartered<\/strong>, co tworzy stylowy i autentyczny zestaw element\u00f3w. Wykonana w technologii <strong data-start=\"842\" data-end=\"852\">NB Dry<\/strong>, zapewnia\u0142a pi\u0142karzom <strong data-start=\"875\" data-end=\"919\">lekko\u015b\u0107, odprowadzanie wilgoci i komfort<\/strong> podczas gry.<\/p>\n<p data-start=\"936\" data-end=\"1362\">Sezon <strong data-start=\"942\" data-end=\"953\">2017\/18<\/strong> by\u0142 prze\u0142omowy \u2013 pod wodz\u0105 <strong data-start=\"981\" data-end=\"999\">J\u00fcrgena Kloppa<\/strong> Liverpool prezentowa\u0142 ofensywny i widowiskowy futbol, docieraj\u0105c a\u017c do <strong data-start=\"1071\" data-end=\"1105\">fina\u0142u Ligi Mistrz\u00f3w w Kijowie<\/strong>, gdzie zmierzy\u0142 si\u0119 z Realem Madryt. Najwi\u0119ksz\u0105 gwiazd\u0105 zespo\u0142u by\u0142 w\u0142a\u015bnie <strong data-start=\"1182\" data-end=\"1199\">Mohamed Salah<\/strong>, kt\u00f3ry w swoim debiutanckim sezonie zdoby\u0142 <strong data-start=\"1243\" data-end=\"1282\">44 bramki we wszystkich rozgrywkach<\/strong>, ustanawiaj\u0105c rekord Premier League z <strong data-start=\"1321\" data-end=\"1359\">32 golami w jednym sezonie ligowym<\/strong>.<\/p>\n<p data-start=\"1364\" data-end=\"1589\">Ta koszulka to niezwyk\u0142a propozycja dla <strong data-start=\"1404\" data-end=\"1454\">kolekcjoner\u00f3w oryginalnych stroj\u00f3w pi\u0142karskich<\/strong> oraz fan\u00f3w Liverpoolu, kt\u00f3rzy chc\u0105 posiada\u0107 pami\u0105tk\u0119 z sezonu, w kt\u00f3rym rozpocz\u0119\u0142a si\u0119 era dominacji \u201eThe Egyptian King\u201d na Anfield.<\/p>","protected":false},"featured_media":15906,"template":"","meta":{"_kad_blocks_custom_css":"","_kad_blocks_head_custom_js":"","_kad_blocks_body_custom_js":"","_kad_blocks_footer_custom_js":"","_kad_post_transparent":"","_kad_post_title":"","_kad_post_layout":"","_kad_post_sidebar_id":"","_kad_post_content_style":"","_kad_post_vertical_padding":"","_kad_post_feature":"","_kad_post_feature_position":"","_kad_post_header":false,"_kad_post_footer":false},"product_brand":[204],"product_cat":[32,31,125],"product_tag":[],"class_list":{"0":"post-3279","1":"product","2":"type-product","3":"status-publish","4":"has-post-thumbnail","6":"product_brand-new-balance","7":"product_cat-kluby-angielskie","8":"product_cat-kluby-europejskie","9":"product_cat-liverpool-fc","10":"pa_rozmiar-s","12":"first","13":"instock","14":"taxable","15":"shipping-taxable","16":"purchasable","17":"product-type-simple","18":"entry","19":"content-bg","20":"loop-entry"},"taxonomy_info":{"product_brand":[{"value":204,"label":"New Balance"}],"product_cat":[{"value":32,"label":"Kluby Angielskie"},{"value":31,"label":"Kluby Europejskie"},{"value":125,"label":"Liverpool FC"}],"pa_rozmiar":[{"value":19,"label":"S"}]},"featured_image_src_large":["https:\/\/fts.you2.pl\/wp-content\/uploads\/2025\/09\/Photoroom_015_20250825_124353-1024x1024.png",1024,1024,true],"author_info":[],"comment_info":"","_links":{"self":[{"href":"https:\/\/fts.you2.pl\/en\/wp-json\/wp\/v2\/product\/3279","targetHints":{"allow":["GET"]}}],"collection":[{"href":"https:\/\/fts.you2.pl\/en\/wp-json\/wp\/v2\/product"}],"about":[{"href":"https:\/\/fts.you2.pl\/en\/wp-json\/wp\/v2\/types\/product"}],"wp:featuredmedia":[{"embeddable":true,"href":"https:\/\/fts.you2.pl\/en\/wp-json\/wp\/v2\/media\/15906"}],"wp:attachment":[{"href":"https:\/\/fts.you2.pl\/en\/wp-json\/wp\/v2\/media?parent=3279"}],"wp:term":[{"taxonomy":"product_brand","embeddable":true,"href":"https:\/\/fts.you2.pl\/en\/wp-json\/wp\/v2\/product_brand?post=3279"},{"taxonomy":"product_cat","embeddable":true,"href":"https:\/\/fts.you2.pl\/en\/wp-json\/wp\/v2\/product_cat?post=3279"},{"taxonomy":"product_tag","embeddable":true,"href":"https:\/\/fts.you2.pl\/en\/wp-json\/wp\/v2\/product_tag?post=3279"}],"curies":[{"name":"wp","href":"https:\/\/api.w.org\/{rel}","templated":true}]}}