{"id":3282,"date":"2025-08-25T15:56:43","date_gmt":"2025-08-25T13:56:43","guid":{"rendered":"https:\/\/fts.you2.pl\/index.php\/produkt\/koszulka-treningowa-everton-fc-2016-17-xl\/"},"modified":"2025-09-19T18:12:40","modified_gmt":"2025-09-19T16:12:40","slug":"koszulka-treningowa-everton-fc-2016-17-xl","status":"publish","type":"product","link":"https:\/\/fts.you2.pl\/en\/koszulka-treningowa-everton-fc-2016-17-xl\/","title":{"rendered":"Koszulka treningowa Everton FC 2016\/17 [XL]"},"content":{"rendered":"<p><strong>Klub:<\/strong> Everton FC<\/p>\n<p><strong>Sezon:<\/strong> 2016\/17<\/p>\n<p><strong>Rozmiar: <\/strong>XL<\/p>\n<p><strong>Stan:<\/strong> Bardzo dobry &#8211; drobne zabrudzenia na niebieskim pasku na froncie.<\/p>\n<p><strong>Wymiary (szeroko\u015b\u0107 pod pachami\/d\u0142ugo\u015b\u0107) w cm: <\/strong>55\/71(prz\u00f3d), 75(ty\u0142)<\/p>","protected":false},"excerpt":{"rendered":"<p data-start=\"0\" data-end=\"83\"><strong data-start=\"0\" data-end=\"81\">Oryginalna koszulka treningowa Everton FC z sezonu 2016\/17 \u2013 produkcji Umbro.<\/strong><\/p>\n<p data-start=\"85\" data-end=\"438\">Ta <strong data-start=\"88\" data-end=\"151\">oryginalna koszulka treningowa Evertonu FC z sezonu 2016\/17<\/strong>, wyprodukowana przez <strong data-start=\"173\" data-end=\"182\">Umbro<\/strong>, to funkcjonalny model w <strong data-start=\"208\" data-end=\"227\">czarnym kolorze<\/strong> z charakterystycznymi <strong data-start=\"250\" data-end=\"298\">szarymi i niebieskimi akcentami na r\u0119kawkach<\/strong>. Jej nowoczesny design \u0142\u0105czy elegancj\u0119 i sportowy styl, czyni\u0105c j\u0105 \u015bwietnym wyborem zar\u00f3wno na trening, jak i do codziennego u\u017cytkowania.<\/p>\n<p data-start=\"440\" data-end=\"786\">Na froncie koszulki znajduje si\u0119 <strong data-start=\"473\" data-end=\"490\">herb Evertonu<\/strong>, logo <strong data-start=\"497\" data-end=\"506\">Umbro<\/strong> oraz znak sponsora <strong data-start=\"526\" data-end=\"540\">Chang Beer<\/strong>, co podkre\u015bla jej autentyczny klubowy charakter. Dzi\u0119ki zastosowaniu lekkiego, oddychaj\u0105cego materia\u0142u w technologii <strong data-start=\"658\" data-end=\"679\">Umbro Performance<\/strong>, koszulka zapewnia\u0142a pi\u0142karzom <strong data-start=\"711\" data-end=\"753\">komfort, przewiewno\u015b\u0107 i swobod\u0119 ruch\u00f3w<\/strong> podczas przygotowa\u0144 do mecz\u00f3w.<\/p>\n<p data-start=\"788\" data-end=\"1134\">Sezon <strong data-start=\"794\" data-end=\"805\">2016\/17<\/strong> by\u0142 dla Evertonu udany \u2013 dru\u017cyna prowadzona przez <strong data-start=\"856\" data-end=\"874\">Ronald Koemana<\/strong> zako\u0144czy\u0142a rozgrywki Premier League na <strong data-start=\"914\" data-end=\"928\">7. miejscu<\/strong>, zapewniaj\u0105c sobie udzia\u0142 w eliminacjach do europejskich puchar\u00f3w. Kluczow\u0105 rol\u0119 odegrali w\u00f3wczas m.in. <strong data-start=\"1033\" data-end=\"1099\">Romelu Lukaku, Ross Barkley, Idrissa Gueye czy Leighton Baines<\/strong>, kt\u00f3rzy stanowili trzon zespo\u0142u.<\/p>\n<p data-start=\"1136\" data-end=\"1381\">Ta koszulka to \u015bwietna propozycja dla <strong data-start=\"1174\" data-end=\"1208\">kolekcjoner\u00f3w odzie\u017cy klubowej<\/strong> oraz wiernych <strong data-start=\"1223\" data-end=\"1241\">fan\u00f3w Evertonu<\/strong>, kt\u00f3rzy chc\u0105 posiada\u0107 element oficjalnej kolekcji treningowej z jednego z najlepszych sezon\u00f3w \u201eThe Toffees\u201d w drugiej dekadzie XXI wieku.<\/p>","protected":false},"featured_media":15935,"template":"","meta":{"_kad_blocks_custom_css":"","_kad_blocks_head_custom_js":"","_kad_blocks_body_custom_js":"","_kad_blocks_footer_custom_js":"","_kad_post_transparent":"","_kad_post_title":"","_kad_post_layout":"","_kad_post_sidebar_id":"","_kad_post_content_style":"","_kad_post_vertical_padding":"","_kad_post_feature":"","_kad_post_feature_position":"","_kad_post_header":false,"_kad_post_footer":false},"product_brand":[21],"product_cat":[92,25,32,31,26],"product_tag":[],"class_list":{"0":"post-3282","1":"product","2":"type-product","3":"status-publish","4":"has-post-thumbnail","6":"product_brand-umbro","7":"product_cat-everton-fc","8":"product_cat-inne","9":"product_cat-kluby-angielskie","10":"product_cat-kluby-europejskie","11":"product_cat-kurtki-bluzy-trening","12":"pa_rozmiar-xl","14":"first","15":"instock","16":"taxable","17":"shipping-taxable","18":"purchasable","19":"product-type-simple","20":"entry","21":"content-bg","22":"loop-entry"},"taxonomy_info":{"product_brand":[{"value":21,"label":"Umbro"}],"product_cat":[{"value":92,"label":"Everton FC"},{"value":25,"label":"Inne"},{"value":32,"label":"Kluby Angielskie"},{"value":31,"label":"Kluby Europejskie"},{"value":26,"label":"Kurtki\/bluzy\/trening"}],"pa_rozmiar":[{"value":57,"label":"XL"}]},"featured_image_src_large":["https:\/\/fts.you2.pl\/wp-content\/uploads\/2025\/09\/Photoroom_078_20250825_124353-1024x1024.png",1024,1024,true],"author_info":[],"comment_info":"","_links":{"self":[{"href":"https:\/\/fts.you2.pl\/en\/wp-json\/wp\/v2\/product\/3282","targetHints":{"allow":["GET"]}}],"collection":[{"href":"https:\/\/fts.you2.pl\/en\/wp-json\/wp\/v2\/product"}],"about":[{"href":"https:\/\/fts.you2.pl\/en\/wp-json\/wp\/v2\/types\/product"}],"wp:featuredmedia":[{"embeddable":true,"href":"https:\/\/fts.you2.pl\/en\/wp-json\/wp\/v2\/media\/15935"}],"wp:attachment":[{"href":"https:\/\/fts.you2.pl\/en\/wp-json\/wp\/v2\/media?parent=3282"}],"wp:term":[{"taxonomy":"product_brand","embeddable":true,"href":"https:\/\/fts.you2.pl\/en\/wp-json\/wp\/v2\/product_brand?post=3282"},{"taxonomy":"product_cat","embeddable":true,"href":"https:\/\/fts.you2.pl\/en\/wp-json\/wp\/v2\/product_cat?post=3282"},{"taxonomy":"product_tag","embeddable":true,"href":"https:\/\/fts.you2.pl\/en\/wp-json\/wp\/v2\/product_tag?post=3282"}],"curies":[{"name":"wp","href":"https:\/\/api.w.org\/{rel}","templated":true}]}}