{"id":3287,"date":"2025-08-25T15:56:41","date_gmt":"2025-08-25T13:56:41","guid":{"rendered":"https:\/\/fts.you2.pl\/index.php\/produkt\/koszulka-pilkarska-brighton-hove-albion-2009-10-away-s\/"},"modified":"2025-09-19T18:14:52","modified_gmt":"2025-09-19T16:14:52","slug":"koszulka-pilkarska-brighton-hove-albion-2009-10-away-s","status":"publish","type":"product","link":"https:\/\/fts.you2.pl\/en\/koszulka-pilkarska-brighton-hove-albion-2009-10-away-s\/","title":{"rendered":"Koszulka pi\u0142karska Brighton &#038; Hove Albion 2009\/10 Away [S]"},"content":{"rendered":"<p><strong>Klub:<\/strong> Brighton &amp; Hove Albion<\/p>\n<p><strong>Sezon:<\/strong> 2009\/10 Away<\/p>\n<p><strong>Rozmiar: <\/strong>S<\/p>\n<p><strong>Stan:<\/strong> Bardzo dobry &#8211; uszkodzona nalepka na froncie oraz jedno mikro zaci\u0105gni\u0119cie.<\/p>\n<p><strong>Wymiary (szeroko\u015b\u0107 pod pachami\/d\u0142ugo\u015b\u0107) w cm: <\/strong>53\/64<\/p>","protected":false},"excerpt":{"rendered":"<p data-start=\"0\" data-end=\"94\"><strong data-start=\"0\" data-end=\"92\">Oryginalna koszulka pi\u0142karska Brighton &amp; Hove Albion z sezonu 2009\/10 \u2013 produkcji Erre\u00e0.<\/strong><\/p>\n<p data-start=\"96\" data-end=\"478\">Ta <strong data-start=\"99\" data-end=\"172\">oryginalna wyjazdowa koszulka Brighton &amp; Hove Albion z sezonu 2009\/10<\/strong>, wyprodukowana przez <strong data-start=\"194\" data-end=\"203\">Erre\u00e0<\/strong>, to efektowny model w klasycznym dla futbolu stylu, utrzymany w <strong data-start=\"268\" data-end=\"306\">czarno-czerwonych pionowych pasach<\/strong>. Kontrastowe barwy nadaj\u0105 jej dynamicznego charakteru i wyrazisto\u015bci, a jednocze\u015bnie stanowi\u0105 ciekaw\u0105 alternatyw\u0119 dla tradycyjnych niebiesko-bia\u0142ych barw \u201e<strong>The Seagulls<\/strong>\u201d.<\/p>\n<p data-start=\"480\" data-end=\"821\">Na piersi znajduje si\u0119 <strong data-start=\"503\" data-end=\"534\">herb Brighton &amp; Hove Albion<\/strong> oraz logo <strong data-start=\"545\" data-end=\"554\">Erre\u00e0<\/strong>, a ca\u0142o\u015b\u0107 uzupe\u0142nia znak sponsora z tamtego okresu, kt\u00f3ry dope\u0142nia autentycznego wygl\u0105du koszulki. Dzi\u0119ki wykonaniu z materia\u0142\u00f3w o w\u0142a\u015bciwo\u015bciach oddychaj\u0105cych, koszulka gwarantowa\u0142a pi\u0142karzom <strong data-start=\"748\" data-end=\"786\">komfort, trwa\u0142o\u015b\u0107 i swobod\u0119 ruch\u00f3w<\/strong> podczas intensywnej rywalizacji.<\/p>\n<p data-start=\"823\" data-end=\"1248\">Sezon <strong data-start=\"829\" data-end=\"840\">2009\/10<\/strong> by\u0142 dla Brighton &amp; Hove Albion czasem gry w <strong data-start=\"885\" data-end=\"899\">League One<\/strong>, czyli na trzecim szczeblu rozgrywek w Anglii. Dru\u017cyna, pod wodz\u0105 najpierw <strong>Russego Slade\u2019a<\/strong>, a nast\u0119pnie <strong data-start=\"1004\" data-end=\"1019\">Gusa Poyeta<\/strong>, zako\u0144czy\u0142a rozgrywki w dolnej cz\u0119\u015bci tabeli, jednak by\u0142 to okres przej\u015bciowy i wa\u017cny krok w stron\u0119 p\u00f3\u017aniejszego rozwoju klubu. To w\u0142a\u015bnie w kolejnych latach rozpocz\u0119\u0142a si\u0119 droga, kt\u00f3ra doprowadzi\u0142a Brighton do <strong>Premier League<\/strong>.<\/p>\n<p data-start=\"1250\" data-end=\"1475\">Ta koszulka to ciekawa propozycja dla <strong data-start=\"1288\" data-end=\"1338\">kolekcjoner\u00f3w oryginalnych stroj\u00f3w pi\u0142karskich<\/strong> oraz <strong data-start=\"1344\" data-end=\"1362\">fan\u00f3w Brighton<\/strong>, kt\u00f3rzy chc\u0105 posiada\u0107 pami\u0105tk\u0119 z czas\u00f3w, gdy klub konsekwentnie budowa\u0142 fundamenty pod swoje przysz\u0142e sukcesy.<\/p>","protected":false},"featured_media":15973,"template":"","meta":{"_kad_blocks_custom_css":"","_kad_blocks_head_custom_js":"","_kad_blocks_body_custom_js":"","_kad_blocks_footer_custom_js":"","_kad_post_transparent":"","_kad_post_title":"","_kad_post_layout":"","_kad_post_sidebar_id":"","_kad_post_content_style":"","_kad_post_vertical_padding":"","_kad_post_feature":"","_kad_post_feature_position":"","_kad_post_header":false,"_kad_post_footer":false},"product_brand":[84],"product_cat":[32,31,33],"product_tag":[],"class_list":{"0":"post-3287","1":"product","2":"type-product","3":"status-publish","4":"has-post-thumbnail","6":"product_brand-errea","7":"product_cat-kluby-angielskie","8":"product_cat-kluby-europejskie","9":"product_cat-pozostale-kluby-angielskie","10":"pa_rozmiar-s","12":"first","13":"instock","14":"taxable","15":"shipping-taxable","16":"purchasable","17":"product-type-simple","18":"entry","19":"content-bg","20":"loop-entry"},"taxonomy_info":{"product_brand":[{"value":84,"label":"Errea"}],"product_cat":[{"value":32,"label":"Kluby Angielskie"},{"value":31,"label":"Kluby Europejskie"},{"value":33,"label":"Pozosta\u0142e kluby angielskie"}],"pa_rozmiar":[{"value":19,"label":"S"}]},"featured_image_src_large":["https:\/\/fts.you2.pl\/wp-content\/uploads\/2025\/09\/Photoroom_080_20250825_124353-1024x1024.png",1024,1024,true],"author_info":[],"comment_info":"","_links":{"self":[{"href":"https:\/\/fts.you2.pl\/en\/wp-json\/wp\/v2\/product\/3287","targetHints":{"allow":["GET"]}}],"collection":[{"href":"https:\/\/fts.you2.pl\/en\/wp-json\/wp\/v2\/product"}],"about":[{"href":"https:\/\/fts.you2.pl\/en\/wp-json\/wp\/v2\/types\/product"}],"wp:featuredmedia":[{"embeddable":true,"href":"https:\/\/fts.you2.pl\/en\/wp-json\/wp\/v2\/media\/15973"}],"wp:attachment":[{"href":"https:\/\/fts.you2.pl\/en\/wp-json\/wp\/v2\/media?parent=3287"}],"wp:term":[{"taxonomy":"product_brand","embeddable":true,"href":"https:\/\/fts.you2.pl\/en\/wp-json\/wp\/v2\/product_brand?post=3287"},{"taxonomy":"product_cat","embeddable":true,"href":"https:\/\/fts.you2.pl\/en\/wp-json\/wp\/v2\/product_cat?post=3287"},{"taxonomy":"product_tag","embeddable":true,"href":"https:\/\/fts.you2.pl\/en\/wp-json\/wp\/v2\/product_tag?post=3287"}],"curies":[{"name":"wp","href":"https:\/\/api.w.org\/{rel}","templated":true}]}}