{"id":3288,"date":"2025-08-25T15:56:40","date_gmt":"2025-08-25T13:56:40","guid":{"rendered":"https:\/\/fts.you2.pl\/index.php\/produkt\/koszulka-pilkarska-bolton-wanderers-fc-2002-03-away-xl\/"},"modified":"2025-09-19T18:15:19","modified_gmt":"2025-09-19T16:15:19","slug":"koszulka-pilkarska-bolton-wanderers-fc-2002-03-away-xl","status":"publish","type":"product","link":"https:\/\/fts.you2.pl\/en\/koszulka-pilkarska-bolton-wanderers-fc-2002-03-away-xl\/","title":{"rendered":"Koszulka pi\u0142karska Bolton Wanderers FC 2002\/03 Away [XL]"},"content":{"rendered":"<p><strong>Klub:<\/strong> Bolton Wanderers FC<\/p>\n<p><strong>Sezon:<\/strong> 2002\/03 Away<\/p>\n<p><strong>Rozmiar: <\/strong>XL<\/p>\n<p><strong>Stan:<\/strong> Bardzo dobry &#8211; jedno mikro zaci\u0105gni\u0119cie na plecach.<\/p>\n<p><strong>Wymiary (szeroko\u015b\u0107 pod pachami\/d\u0142ugo\u015b\u0107) w cm: <\/strong>56\/78<\/p>","protected":false},"excerpt":{"rendered":"<p data-start=\"0\" data-end=\"90\"><strong data-start=\"0\" data-end=\"88\">Oryginalna koszulka pi\u0142karska Bolton Wanderers z sezonu 2002\/03 \u2013 produkcji Reeboka.<\/strong><\/p>\n<p data-start=\"92\" data-end=\"431\">Ta <strong data-start=\"95\" data-end=\"162\">oryginalna wyjazdowa koszulka Bolton Wanderers z sezonu 2002\/03<\/strong>, wyprodukowana przez <strong data-start=\"184\" data-end=\"195\">Reeboka<\/strong>, to klasyczny model w charakterystycznym po\u0142\u0105czeniu <strong data-start=\"248\" data-end=\"280\">\u017c\u00f3\u0142tego i granatowego koloru<\/strong>. Dynamiczny kontrast barw podkre\u015bla\u0142 nowoczesny styl pocz\u0105tku XXI wieku i stanowi\u0142 ciekaw\u0105 alternatyw\u0119 dla tradycyjnych bia\u0142ych barw \u201eThe Trotters\u201d.<\/p>\n<p data-start=\"433\" data-end=\"757\">Na piersi znalaz\u0142y si\u0119 <strong data-start=\"456\" data-end=\"481\">herb Bolton Wanderers<\/strong>, logo <strong data-start=\"488\" data-end=\"499\">Reeboka<\/strong> oraz znak sponsora <strong data-start=\"519\" data-end=\"529\">Reebok<\/strong>, co czyni\u0142o koszulk\u0119 sp\u00f3jn\u0105 i minimalistyczn\u0105 w designie. Wykonana z materia\u0142u o w\u0142a\u015bciwo\u015bciach oddychaj\u0105cych, zapewnia\u0142a zawodnikom <strong data-start=\"663\" data-end=\"705\">komfort, przewiewno\u015b\u0107 i swobod\u0119 ruch\u00f3w<\/strong> podczas gry w wymagaj\u0105cym sezonie Premier League.<\/p>\n<p data-start=\"759\" data-end=\"1218\">Rozgrywki <strong data-start=\"769\" data-end=\"780\">2002\/03<\/strong> by\u0142y dla Boltonu czasem ci\u0119\u017ckiej walki o utrzymanie w najwy\u017cszej klasie rozgrywkowej. Dru\u017cyna prowadzona przez <strong data-start=\"892\" data-end=\"912\">Sama Allardyce\u2019a<\/strong> zdo\u0142a\u0142a zaj\u0105\u0107 <strong data-start=\"927\" data-end=\"942\">17. miejsce<\/strong>, ratuj\u0105c ligowy byt dopiero w ko\u0144cowej fazie sezonu. W tamtym okresie w sk\u0142adzie wyst\u0119powali pi\u0142karze, kt\u00f3rzy zapisali si\u0119 w historii klubu \u2013 m.in. <strong data-start=\"1091\" data-end=\"1154\">Jay-Jay Okocha, Youri Djorkaeff, Ivan Campo czy Kevin Nolan<\/strong>, kt\u00f3rzy swoj\u0105 gr\u0105 dawali kibicom wiele niezapomnianych chwil.<\/p>\n<p data-start=\"1220\" data-end=\"1452\">Ta koszulka to wyj\u0105tkowa propozycja dla <strong data-start=\"1260\" data-end=\"1311\">kolekcjoner\u00f3w oryginalnych koszulek pi\u0142karskich<\/strong> oraz wiernych <strong data-start=\"1326\" data-end=\"1352\">fan\u00f3w Bolton Wanderers<\/strong>, kt\u00f3rzy chc\u0105 posiada\u0107 pami\u0105tk\u0119 z sezonu pe\u0142nego dramatycznej walki o pozostanie w Premier League.<\/p>","protected":false},"featured_media":15980,"template":"","meta":{"_kad_blocks_custom_css":"","_kad_blocks_head_custom_js":"","_kad_blocks_body_custom_js":"","_kad_blocks_footer_custom_js":"","_kad_post_transparent":"","_kad_post_title":"","_kad_post_layout":"","_kad_post_sidebar_id":"","_kad_post_content_style":"","_kad_post_vertical_padding":"","_kad_post_feature":"","_kad_post_feature_position":"","_kad_post_header":false,"_kad_post_footer":false},"product_brand":[30],"product_cat":[32,31,33],"product_tag":[],"class_list":{"0":"post-3288","1":"product","2":"type-product","3":"status-publish","4":"has-post-thumbnail","6":"product_brand-reebok","7":"product_cat-kluby-angielskie","8":"product_cat-kluby-europejskie","9":"product_cat-pozostale-kluby-angielskie","10":"pa_rozmiar-xl","12":"first","13":"instock","14":"taxable","15":"shipping-taxable","16":"purchasable","17":"product-type-simple","18":"entry","19":"content-bg","20":"loop-entry"},"taxonomy_info":{"product_brand":[{"value":30,"label":"Reebok"}],"product_cat":[{"value":32,"label":"Kluby Angielskie"},{"value":31,"label":"Kluby Europejskie"},{"value":33,"label":"Pozosta\u0142e kluby angielskie"}],"pa_rozmiar":[{"value":57,"label":"XL"}]},"featured_image_src_large":["https:\/\/fts.you2.pl\/wp-content\/uploads\/2025\/09\/Photoroom_068_20250825_124353-1024x1024.png",1024,1024,true],"author_info":[],"comment_info":"","_links":{"self":[{"href":"https:\/\/fts.you2.pl\/en\/wp-json\/wp\/v2\/product\/3288","targetHints":{"allow":["GET"]}}],"collection":[{"href":"https:\/\/fts.you2.pl\/en\/wp-json\/wp\/v2\/product"}],"about":[{"href":"https:\/\/fts.you2.pl\/en\/wp-json\/wp\/v2\/types\/product"}],"wp:featuredmedia":[{"embeddable":true,"href":"https:\/\/fts.you2.pl\/en\/wp-json\/wp\/v2\/media\/15980"}],"wp:attachment":[{"href":"https:\/\/fts.you2.pl\/en\/wp-json\/wp\/v2\/media?parent=3288"}],"wp:term":[{"taxonomy":"product_brand","embeddable":true,"href":"https:\/\/fts.you2.pl\/en\/wp-json\/wp\/v2\/product_brand?post=3288"},{"taxonomy":"product_cat","embeddable":true,"href":"https:\/\/fts.you2.pl\/en\/wp-json\/wp\/v2\/product_cat?post=3288"},{"taxonomy":"product_tag","embeddable":true,"href":"https:\/\/fts.you2.pl\/en\/wp-json\/wp\/v2\/product_tag?post=3288"}],"curies":[{"name":"wp","href":"https:\/\/api.w.org\/{rel}","templated":true}]}}