{"id":3290,"date":"2025-08-25T15:56:39","date_gmt":"2025-08-25T13:56:39","guid":{"rendered":"https:\/\/fts.you2.pl\/index.php\/produkt\/koszulka-pilkarska-aston-villa-2003-04-home-xxl\/"},"modified":"2025-09-19T18:15:57","modified_gmt":"2025-09-19T16:15:57","slug":"koszulka-pilkarska-aston-villa-2003-04-home-xxl","status":"publish","type":"product","link":"https:\/\/fts.you2.pl\/en\/koszulka-pilkarska-aston-villa-2003-04-home-xxl\/","title":{"rendered":"Koszulka pi\u0142karska Aston Villa 2003\/04 Home [XXL]"},"content":{"rendered":"<p><strong>Klub:<\/strong> Aston Villa<\/p>\n<p><strong>Sezon:<\/strong> 2003\/04 Home<\/p>\n<p><strong>Rozmiar: <\/strong>XXL<\/p>\n<p><strong>Stan:<\/strong> Doskona\u0142y<\/p>\n<p><strong>Wymiary (szeroko\u015b\u0107 pod pachami\/d\u0142ugo\u015b\u0107) w cm: <\/strong>67\/82(prz\u00f3d), 87(ty\u0142)<\/p>","protected":false},"excerpt":{"rendered":"<p data-start=\"0\" data-end=\"85\"><strong data-start=\"0\" data-end=\"83\">Oryginalna koszulka pi\u0142karska Aston Villi z sezonu 2003\/04 \u2013 produkcji Hummela.<\/strong><\/p>\n<p data-start=\"87\" data-end=\"530\">Ta <strong data-start=\"90\" data-end=\"149\">oryginalna domowa koszulka Aston Villi z sezonu 2003\/04<\/strong>, wyprodukowana przez <strong data-start=\"171\" data-end=\"182\">Hummela<\/strong>, to klasyczny model w tradycyjnych <strong data-start=\"218\" data-end=\"263\">bordowo-niebieskich barwach \u201eThe Villans\u201d<\/strong>. Jest to prosty, dwukolorowy projekt, bez charakterystycznych &#8222;chevron\u00f3w&#8217; du\u0144skiego producenta na r\u0119kawkach.<\/p>\n<p data-start=\"890\" data-end=\"1324\">Sezon <strong data-start=\"896\" data-end=\"907\">2003\/04<\/strong> by\u0142 dla Aston Villi czasem rywalizacji w<strong> Premier League<\/strong> pod wodz\u0105 mened\u017cera <strong data-start=\"984\" data-end=\"1006\">Davida O\u2019Leary\u2019ego<\/strong>. Dru\u017cyna zako\u0144czy\u0142a lig\u0119 na <strong data-start=\"1035\" data-end=\"1049\">6. miejscu<\/strong>, co stanowi\u0142o solidny wynik i pozwoli\u0142o na udzia\u0142 w rozgrywkach Pucharu Intertoto UEFA w kolejnym sezonie. W tamtym okresie w barwach Villi wyst\u0119powali m.in. <strong data-start=\"1208\" data-end=\"1274\">Juan Pablo \u00c1ngel, Gareth Barry, Olof Mellberg oraz Lee Hendrie<\/strong>, kt\u00f3rzy nale\u017celi do kluczowych postaci dru\u017cyny.<\/p>\n<p data-start=\"1326\" data-end=\"1552\">Ta koszulka to \u015bwietna propozycja dla <strong data-start=\"1364\" data-end=\"1414\">kolekcjoner\u00f3w oryginalnych stroj\u00f3w pi\u0142karskich<\/strong> oraz fan\u00f3w Aston Villi, kt\u00f3rzy chc\u0105 posiada\u0107 pami\u0105tk\u0119 z pocz\u0105tku XXI wieku i jednego z lepszych sezon\u00f3w w wykonaniu klubu z Birmingham.<\/p>","protected":false},"featured_media":15989,"template":"","meta":{"_kad_blocks_custom_css":"","_kad_blocks_head_custom_js":"","_kad_blocks_body_custom_js":"","_kad_blocks_footer_custom_js":"","_kad_post_transparent":"","_kad_post_title":"","_kad_post_layout":"","_kad_post_sidebar_id":"","_kad_post_content_style":"","_kad_post_vertical_padding":"","_kad_post_feature":"","_kad_post_feature_position":"","_kad_post_header":false,"_kad_post_footer":false},"product_brand":[201],"product_cat":[32,31,33],"product_tag":[],"class_list":{"0":"post-3290","1":"product","2":"type-product","3":"status-publish","4":"has-post-thumbnail","6":"product_brand-hummel","7":"product_cat-kluby-angielskie","8":"product_cat-kluby-europejskie","9":"product_cat-pozostale-kluby-angielskie","10":"pa_rozmiar-xxl","12":"first","13":"instock","14":"taxable","15":"shipping-taxable","16":"purchasable","17":"product-type-simple","18":"entry","19":"content-bg","20":"loop-entry"},"taxonomy_info":{"product_brand":[{"value":201,"label":"Hummel"}],"product_cat":[{"value":32,"label":"Kluby Angielskie"},{"value":31,"label":"Kluby Europejskie"},{"value":33,"label":"Pozosta\u0142e kluby angielskie"}],"pa_rozmiar":[{"value":71,"label":"XXL"}]},"featured_image_src_large":["https:\/\/fts.you2.pl\/wp-content\/uploads\/2025\/09\/Photoroom_076_20250825_124353-1024x1024.png",1024,1024,true],"author_info":[],"comment_info":"","_links":{"self":[{"href":"https:\/\/fts.you2.pl\/en\/wp-json\/wp\/v2\/product\/3290","targetHints":{"allow":["GET"]}}],"collection":[{"href":"https:\/\/fts.you2.pl\/en\/wp-json\/wp\/v2\/product"}],"about":[{"href":"https:\/\/fts.you2.pl\/en\/wp-json\/wp\/v2\/types\/product"}],"wp:featuredmedia":[{"embeddable":true,"href":"https:\/\/fts.you2.pl\/en\/wp-json\/wp\/v2\/media\/15989"}],"wp:attachment":[{"href":"https:\/\/fts.you2.pl\/en\/wp-json\/wp\/v2\/media?parent=3290"}],"wp:term":[{"taxonomy":"product_brand","embeddable":true,"href":"https:\/\/fts.you2.pl\/en\/wp-json\/wp\/v2\/product_brand?post=3290"},{"taxonomy":"product_cat","embeddable":true,"href":"https:\/\/fts.you2.pl\/en\/wp-json\/wp\/v2\/product_cat?post=3290"},{"taxonomy":"product_tag","embeddable":true,"href":"https:\/\/fts.you2.pl\/en\/wp-json\/wp\/v2\/product_tag?post=3290"}],"curies":[{"name":"wp","href":"https:\/\/api.w.org\/{rel}","templated":true}]}}