{"id":3291,"date":"2025-08-25T15:56:39","date_gmt":"2025-08-25T13:56:39","guid":{"rendered":"https:\/\/fts.you2.pl\/index.php\/produkt\/bluza-treningowa-aston-villa-2017-18-3xl\/"},"modified":"2025-09-19T18:16:21","modified_gmt":"2025-09-19T16:16:21","slug":"bluza-treningowa-aston-villa-2017-18-3xl","status":"publish","type":"product","link":"https:\/\/fts.you2.pl\/en\/bluza-treningowa-aston-villa-2017-18-3xl\/","title":{"rendered":"Bluza treningowa Aston Villa 2017\/18 [3XL]"},"content":{"rendered":"<p><strong>Klub:<\/strong> Aston Villa<\/p>\n<p><strong>Sezon:<\/strong> 2017\/18<\/p>\n<p><strong>Rozmiar: <\/strong>3XL<\/p>\n<p><strong>Stan:<\/strong> Doskona\u0142y<\/p>\n<p><strong>Wymiary (szeroko\u015b\u0107 pod pachami\/d\u0142ugo\u015b\u0107) w cm: <\/strong>60\/80(prz\u00f3d), 85(ty\u0142)<\/p>","protected":false},"excerpt":{"rendered":"<p data-start=\"0\" data-end=\"88\"><strong data-start=\"0\" data-end=\"86\">Oryginalna bluza treningowa Aston Villi z sezonu 2017\/18 \u2013 produkcji Under Armour.<\/strong><\/p>\n<p data-start=\"90\" data-end=\"407\">Ta <strong data-start=\"93\" data-end=\"153\">oryginalna bluza treningowa Aston Villi z sezonu 2017\/18<\/strong>, wyprodukowana przez <strong data-start=\"175\" data-end=\"191\">Under Armour<\/strong>, to funkcjonalny model w nowoczesnym stylu, utrzymany w wyrazistym <strong data-start=\"259\" data-end=\"282\">seledynowym kolorze<\/strong>. Bluza posiada <strong data-start=\"298\" data-end=\"316\">niepe\u0142ny zamek<\/strong> pod szyj\u0105, co pozwala na regulacj\u0119 komfortu noszenia i nadaje jej sportowego charakteru.<\/p>\n<p data-start=\"409\" data-end=\"787\">Na piersi umieszczono <strong data-start=\"431\" data-end=\"451\">herb Aston Villi<\/strong> oraz logo <strong data-start=\"462\" data-end=\"478\">Under Armour<\/strong>, a ca\u0142o\u015b\u0107 uzupe\u0142nia minimalistyczny design typowy dla kolekcji treningowych tego producenta. Wykonana z lekkiego, technicznego materia\u0142u o w\u0142a\u015bciwo\u015bciach oddychaj\u0105cych, bluza zapewnia\u0142a pi\u0142karzom <strong data-start=\"675\" data-end=\"726\">komfort, swobod\u0119 ruch\u00f3w i odprowadzanie wilgoci<\/strong>, co czyni\u0142o j\u0105 praktycznym elementem codziennego treningu.<\/p>\n<p data-start=\"789\" data-end=\"1198\">Sezon <strong data-start=\"795\" data-end=\"806\">2017\/18<\/strong> by\u0142 dla Aston Villi niezwykle emocjonuj\u0105cy \u2013 dru\u017cyna prowadzona przez <strong data-start=\"877\" data-end=\"896\">Steve\u2019a Bruce\u2019a<\/strong> walczy\u0142a o powr\u00f3t do Premier League. \u201eThe Villans\u201d zako\u0144czyli rozgrywki Championship na <strong data-start=\"985\" data-end=\"999\">4. miejscu<\/strong> i dotarli do <strong data-start=\"1013\" data-end=\"1034\">fina\u0142u play-off\u00f3w<\/strong>, w kt\u00f3rym zmierzyli si\u0119 z Fulham na Wembley. Cho\u0107 ostatecznie musieli od\u0142o\u017cy\u0107 awans o rok, by\u0142 to sezon, kt\u00f3ry zbudowa\u0142 solidne fundamenty pod p\u00f3\u017aniejszy sukces.<\/p>\n<p data-start=\"1200\" data-end=\"1388\">Ta bluza to doskona\u0142a propozycja dla <strong data-start=\"1237\" data-end=\"1258\">fan\u00f3w Aston Villi<\/strong> oraz <strong data-start=\"1264\" data-end=\"1313\">kolekcjoner\u00f3w oryginalnej odzie\u017cy treningowej<\/strong>, kt\u00f3rzy ceni\u0105 sobie unikatowe modele w nietypowej dla klubu kolorystyce.<\/p>","protected":false},"featured_media":15997,"template":"","meta":{"_kad_blocks_custom_css":"","_kad_blocks_head_custom_js":"","_kad_blocks_body_custom_js":"","_kad_blocks_footer_custom_js":"","_kad_post_transparent":"","_kad_post_title":"","_kad_post_layout":"","_kad_post_sidebar_id":"","_kad_post_content_style":"","_kad_post_vertical_padding":"","_kad_post_feature":"","_kad_post_feature_position":"","_kad_post_header":false,"_kad_post_footer":false},"product_brand":[326],"product_cat":[25,32,31,26,33],"product_tag":[],"class_list":{"0":"post-3291","1":"product","2":"type-product","3":"status-publish","4":"has-post-thumbnail","6":"product_brand-under-armour","7":"product_cat-inne","8":"product_cat-kluby-angielskie","9":"product_cat-kluby-europejskie","10":"product_cat-kurtki-bluzy-trening","11":"product_cat-pozostale-kluby-angielskie","12":"pa_rozmiar-3xl","14":"first","15":"instock","16":"taxable","17":"shipping-taxable","18":"purchasable","19":"product-type-simple","20":"entry","21":"content-bg","22":"loop-entry"},"taxonomy_info":{"product_brand":[{"value":326,"label":"Under Armour"}],"product_cat":[{"value":25,"label":"Inne"},{"value":32,"label":"Kluby Angielskie"},{"value":31,"label":"Kluby Europejskie"},{"value":26,"label":"Kurtki\/bluzy\/trening"},{"value":33,"label":"Pozosta\u0142e kluby angielskie"}],"pa_rozmiar":[{"value":342,"label":"3XL"}]},"featured_image_src_large":["https:\/\/fts.you2.pl\/wp-content\/uploads\/2025\/09\/Photoroom_070_20250825_124353-1024x1024.png",1024,1024,true],"author_info":[],"comment_info":"","_links":{"self":[{"href":"https:\/\/fts.you2.pl\/en\/wp-json\/wp\/v2\/product\/3291","targetHints":{"allow":["GET"]}}],"collection":[{"href":"https:\/\/fts.you2.pl\/en\/wp-json\/wp\/v2\/product"}],"about":[{"href":"https:\/\/fts.you2.pl\/en\/wp-json\/wp\/v2\/types\/product"}],"wp:featuredmedia":[{"embeddable":true,"href":"https:\/\/fts.you2.pl\/en\/wp-json\/wp\/v2\/media\/15997"}],"wp:attachment":[{"href":"https:\/\/fts.you2.pl\/en\/wp-json\/wp\/v2\/media?parent=3291"}],"wp:term":[{"taxonomy":"product_brand","embeddable":true,"href":"https:\/\/fts.you2.pl\/en\/wp-json\/wp\/v2\/product_brand?post=3291"},{"taxonomy":"product_cat","embeddable":true,"href":"https:\/\/fts.you2.pl\/en\/wp-json\/wp\/v2\/product_cat?post=3291"},{"taxonomy":"product_tag","embeddable":true,"href":"https:\/\/fts.you2.pl\/en\/wp-json\/wp\/v2\/product_tag?post=3291"}],"curies":[{"name":"wp","href":"https:\/\/api.w.org\/{rel}","templated":true}]}}