{"id":3293,"date":"2025-08-25T15:56:37","date_gmt":"2025-08-25T13:56:37","guid":{"rendered":"https:\/\/fts.you2.pl\/index.php\/produkt\/koszulka-pilkarska-arsenal-fc-2012-14-home-xxl\/"},"modified":"2025-09-19T18:17:09","modified_gmt":"2025-09-19T16:17:09","slug":"koszulka-pilkarska-arsenal-fc-2012-14-home-xxl","status":"publish","type":"product","link":"https:\/\/fts.you2.pl\/en\/koszulka-pilkarska-arsenal-fc-2012-14-home-xxl\/","title":{"rendered":"Koszulka pi\u0142karska Arsenal FC 2012\/14 Home [XXL]"},"content":{"rendered":"<p><strong>Klub:<\/strong> Arsenal FC<\/p>\n<p><strong>Sezon:<\/strong> 2012\/14 Home<\/p>\n<p><strong>Rozmiar: <\/strong>XXL<\/p>\n<p><strong>Stan:<\/strong> Bardzo dobry &#8211; mikro zaci\u0105gni\u0119cie przy herbie oraz nieznacznie urwany szew.<\/p>\n<p><strong>Wymiary (szeroko\u015b\u0107 pod pachami\/d\u0142ugo\u015b\u0107) w cm: <\/strong>66\/78<\/p>","protected":false},"excerpt":{"rendered":"<p data-start=\"0\" data-end=\"84\"><strong data-start=\"0\" data-end=\"82\">Oryginalna koszulka pi\u0142karska Arsenal FC z sezon\u00f3w 2012\u20132014 \u2013 produkcji Nike.<\/strong><\/p>\n<p data-start=\"86\" data-end=\"537\">Ta <strong data-start=\"89\" data-end=\"130\">oryginalna domowa koszulka Arsenal FC<\/strong>, u\u017cywana przez dwa sezony \u2013 <strong data-start=\"159\" data-end=\"183\">2012\/13 oraz 2013\/14<\/strong> \u2013 zosta\u0142a wyprodukowana przez <strong data-start=\"214\" data-end=\"222\">Nike<\/strong> i utrzymana w klasycznych <strong data-start=\"249\" data-end=\"288\">czerwono-bia\u0142ych barwach Kanonier\u00f3w<\/strong>. Model ten wyr\u00f3\u017cnia\u0142y <strong data-start=\"311\" data-end=\"373\">granatowe mankiety r\u0119kawk\u00f3w z czerwonymi i bia\u0142ymi paskami<\/strong>, kt\u00f3re dodawa\u0142y koszulce eleganckiego charakteru. Egzemplarz wyposa\u017cony jest w oficjalne <strong data-start=\"463\" data-end=\"501\">patche Premier League na r\u0119kawkach<\/strong>, co podkre\u015bla jego autentyczno\u015b\u0107.<\/p>\n<p data-start=\"539\" data-end=\"839\">Na froncie znajduj\u0105 si\u0119 <strong data-start=\"563\" data-end=\"580\">herb Arsenalu<\/strong>, logo <strong data-start=\"587\" data-end=\"595\">Nike<\/strong> oraz znak sponsora <strong data-start=\"615\" data-end=\"631\">Fly Emirates<\/strong>, kt\u00f3re tworz\u0105 charakterystyczny zestaw element\u00f3w dobrze znany kibicom z Emirates Stadium. Koszulka wykonana zosta\u0142a w technologii <strong data-start=\"762\" data-end=\"778\">Nike Dri-FIT<\/strong>, gwarantuj\u0105cej <strong data-start=\"794\" data-end=\"836\">komfort, oddychalno\u015b\u0107 i swobod\u0119 ruch\u00f3w<\/strong>.<\/p>\n<p data-start=\"841\" data-end=\"1345\">W sezonie <strong data-start=\"851\" data-end=\"862\">2012\/13<\/strong> Arsenal zaj\u0105\u0142 <strong data-start=\"877\" data-end=\"908\">4. miejsce w Premier League<\/strong>, zapewniaj\u0105c sobie udzia\u0142 w Lidze Mistrz\u00f3w. Natomiast sezon <strong data-start=\"969\" data-end=\"980\">2013\/14<\/strong> zapisa\u0142 si\u0119 w historii klubu dzi\u0119ki zdobyciu <strong data-start=\"1026\" data-end=\"1053\">Pucharu Anglii (FA Cup)<\/strong> po emocjonuj\u0105cym finale z Hull City (3:2 po dogrywce), kt\u00f3ry zako\u0144czy\u0142 9-letni okres bez trofe\u00f3w. Dru\u017cyn\u0119 prowadzi\u0142 w\u00f3wczas niezmiennie <strong data-start=\"1190\" data-end=\"1207\">Ars\u00e8ne Wenger<\/strong>, a w sk\u0142adzie brylowali tacy zawodnicy jak <strong data-start=\"1251\" data-end=\"1342\">Theo Walcott, Santi Cazorla, Aaron Ramsey, Jack Wilshere, Mesut \u00d6zil czy Olivier Giroud<\/strong>.<\/p>\n<p data-start=\"1347\" data-end=\"1582\">Ta koszulka to niezwyk\u0142a propozycja dla <strong data-start=\"1387\" data-end=\"1438\">kolekcjoner\u00f3w oryginalnych koszulek pi\u0142karskich<\/strong> oraz wiernych fan\u00f3w Arsenalu, kt\u00f3rzy chc\u0105 posiada\u0107 pami\u0105tk\u0119 z okresu prze\u0142omowego \u2013 od trudnych walk o TOP 4 po triumfalny powr\u00f3t na Wembley.<\/p>","protected":false},"featured_media":16013,"template":"","meta":{"_kad_blocks_custom_css":"","_kad_blocks_head_custom_js":"","_kad_blocks_body_custom_js":"","_kad_blocks_footer_custom_js":"","_kad_post_transparent":"","_kad_post_title":"","_kad_post_layout":"","_kad_post_sidebar_id":"","_kad_post_content_style":"","_kad_post_vertical_padding":"","_kad_post_feature":"","_kad_post_feature_position":"","_kad_post_header":false,"_kad_post_footer":false},"product_brand":[55],"product_cat":[337,32,31],"product_tag":[],"class_list":{"0":"post-3293","1":"product","2":"type-product","3":"status-publish","4":"has-post-thumbnail","6":"product_brand-nike","7":"product_cat-arsenal-fc","8":"product_cat-kluby-angielskie","9":"product_cat-kluby-europejskie","10":"pa_rozmiar-xxl","12":"first","13":"instock","14":"taxable","15":"shipping-taxable","16":"purchasable","17":"product-type-simple","18":"entry","19":"content-bg","20":"loop-entry"},"taxonomy_info":{"product_brand":[{"value":55,"label":"Nike"}],"product_cat":[{"value":337,"label":"Arsenal FC"},{"value":32,"label":"Kluby Angielskie"},{"value":31,"label":"Kluby Europejskie"}],"pa_rozmiar":[{"value":71,"label":"XXL"}]},"featured_image_src_large":["https:\/\/fts.you2.pl\/wp-content\/uploads\/2025\/09\/Photoroom_036_20250825_124353-1024x1024.png",1024,1024,true],"author_info":[],"comment_info":"","_links":{"self":[{"href":"https:\/\/fts.you2.pl\/en\/wp-json\/wp\/v2\/product\/3293","targetHints":{"allow":["GET"]}}],"collection":[{"href":"https:\/\/fts.you2.pl\/en\/wp-json\/wp\/v2\/product"}],"about":[{"href":"https:\/\/fts.you2.pl\/en\/wp-json\/wp\/v2\/types\/product"}],"wp:featuredmedia":[{"embeddable":true,"href":"https:\/\/fts.you2.pl\/en\/wp-json\/wp\/v2\/media\/16013"}],"wp:attachment":[{"href":"https:\/\/fts.you2.pl\/en\/wp-json\/wp\/v2\/media?parent=3293"}],"wp:term":[{"taxonomy":"product_brand","embeddable":true,"href":"https:\/\/fts.you2.pl\/en\/wp-json\/wp\/v2\/product_brand?post=3293"},{"taxonomy":"product_cat","embeddable":true,"href":"https:\/\/fts.you2.pl\/en\/wp-json\/wp\/v2\/product_cat?post=3293"},{"taxonomy":"product_tag","embeddable":true,"href":"https:\/\/fts.you2.pl\/en\/wp-json\/wp\/v2\/product_tag?post=3293"}],"curies":[{"name":"wp","href":"https:\/\/api.w.org\/{rel}","templated":true}]}}