{"id":3294,"date":"2025-08-25T15:56:37","date_gmt":"2025-08-25T13:56:37","guid":{"rendered":"https:\/\/fts.you2.pl\/index.php\/produkt\/koszulka-pilkarska-arsenal-fc-2004-05-home-m\/"},"modified":"2025-09-19T18:17:32","modified_gmt":"2025-09-19T16:17:32","slug":"koszulka-pilkarska-arsenal-fc-2004-05-home-m","status":"publish","type":"product","link":"https:\/\/fts.you2.pl\/en\/koszulka-pilkarska-arsenal-fc-2004-05-home-m\/","title":{"rendered":"Koszulka pi\u0142karska Arsenal FC 2004\/05 Home [M]"},"content":{"rendered":"<p><strong>Klub:<\/strong> Arsenal FC<\/p>\n<p><strong>Sezon:<\/strong> 2004\/05 Home<\/p>\n<p><strong>Rozmiar: <\/strong>M<\/p>\n<p><strong>Stan:<\/strong> Bardzo dobry &#8211; kilka mikro zaci\u0105gni\u0119\u0107.<\/p>\n<p><strong>Wymiary (szeroko\u015b\u0107 pod pachami\/d\u0142ugo\u015b\u0107) w cm: <\/strong>53\/71<\/p>","protected":false},"excerpt":{"rendered":"<p data-start=\"0\" data-end=\"81\"><strong data-start=\"0\" data-end=\"79\">Oryginalna koszulka pi\u0142karska Arsenal FC z sezonu 2004\/05 \u2013 produkcji Nike.<\/strong><\/p>\n<p data-start=\"83\" data-end=\"445\">Ta <strong data-start=\"86\" data-end=\"144\">oryginalna domowa koszulka Arsenal FC z sezonu 2004\/05<\/strong>, wyprodukowana przez <strong data-start=\"166\" data-end=\"174\">Nike<\/strong>, to jeden z najbardziej ikonicznych modeli w historii klubu. Utrzymana w klasycznych <strong data-start=\"260\" data-end=\"288\">czerwono-bia\u0142ych barwach<\/strong>, wyr\u00f3\u017cnia si\u0119 minimalistycznym, eleganckim designem oraz legendarnym logo sponsora <strong data-start=\"372\" data-end=\"378\">O2<\/strong> na froncie, kt\u00f3re na zawsze kojarzy si\u0119 z er\u0105 <strong>\u201eThe Invincibles\u201d<\/strong>.<\/p>\n<p data-start=\"447\" data-end=\"726\">Na piersi znalaz\u0142y si\u0119 <strong data-start=\"470\" data-end=\"487\">herb Arsenalu<\/strong> oraz logo <strong data-start=\"498\" data-end=\"506\">Nike<\/strong>, a ca\u0142o\u015b\u0107 zosta\u0142a wykonana z materia\u0142u w technologii <strong data-start=\"560\" data-end=\"576\">Nike Dri-FIT<\/strong>, zapewniaj\u0105cej zawodnikom <strong data-start=\"603\" data-end=\"645\">komfort, przewiewno\u015b\u0107 i swobod\u0119 ruch\u00f3w<\/strong>. Prosty kr\u00f3j i tradycyjne barwy nadaj\u0105 tej koszulce ponadczasowego charakteru.<\/p>\n<p data-start=\"728\" data-end=\"1221\">Sezon <strong data-start=\"734\" data-end=\"745\">2004\/05<\/strong> by\u0142 dla Arsenalu wyj\u0105tkowy \u2013 dru\u017cyna Ars\u00e8ne\u2019a Wengera obroni\u0142a status jednej z najlepszych ekip w Anglii, zajmuj\u0105c <strong data-start=\"861\" data-end=\"892\">2. miejsce w Premier League,<\/strong> tu\u017c za Chelsea oraz zdobywaj\u0105c presti\u017cowy <strong data-start=\"935\" data-end=\"961\">Puchar Anglii (FA Cup)<\/strong> po finale z Manchesterem United. W tamtym czasie barwy \u201eThe Gunners\u201d reprezentowali m.in. <strong data-start=\"1052\" data-end=\"1152\">Thierry Henry, Dennis Bergkamp, Robert Pir\u00e8s, Patrick Vieira, Freddie Ljungberg czy Sol Campbell<\/strong>, kt\u00f3rzy tworzyli jeden z najsilniejszych sk\u0142ad\u00f3w w historii klubu.<\/p>\n<p data-start=\"1223\" data-end=\"1441\">Ta koszulka to wyj\u0105tkowa propozycja dla <strong data-start=\"1263\" data-end=\"1314\">kolekcjoner\u00f3w oryginalnych koszulek pi\u0142karskich<\/strong> oraz fan\u00f3w Arsenalu, kt\u00f3rzy chc\u0105 posiada\u0107 pami\u0105tk\u0119 z czas\u00f3w, gdy dru\u017cyna by\u0142a u szczytu pot\u0119gi i zachwyca\u0142a \u015bwiat swoj\u0105 gr\u0105.<\/p>","protected":false},"featured_media":16022,"template":"","meta":{"_kad_blocks_custom_css":"","_kad_blocks_head_custom_js":"","_kad_blocks_body_custom_js":"","_kad_blocks_footer_custom_js":"","_kad_post_transparent":"","_kad_post_title":"","_kad_post_layout":"","_kad_post_sidebar_id":"","_kad_post_content_style":"","_kad_post_vertical_padding":"","_kad_post_feature":"","_kad_post_feature_position":"","_kad_post_header":false,"_kad_post_footer":false},"product_brand":[55],"product_cat":[337,32,31],"product_tag":[],"class_list":{"0":"post-3294","1":"product","2":"type-product","3":"status-publish","4":"has-post-thumbnail","6":"product_brand-nike","7":"product_cat-arsenal-fc","8":"product_cat-kluby-angielskie","9":"product_cat-kluby-europejskie","10":"pa_rozmiar-m","12":"first","13":"instock","14":"taxable","15":"shipping-taxable","16":"purchasable","17":"product-type-simple","18":"entry","19":"content-bg","20":"loop-entry"},"taxonomy_info":{"product_brand":[{"value":55,"label":"Nike"}],"product_cat":[{"value":337,"label":"Arsenal FC"},{"value":32,"label":"Kluby Angielskie"},{"value":31,"label":"Kluby Europejskie"}],"pa_rozmiar":[{"value":28,"label":"M"}]},"featured_image_src_large":["https:\/\/fts.you2.pl\/wp-content\/uploads\/2025\/09\/Photoroom_032_20250825_124353-1024x1024.png",1024,1024,true],"author_info":[],"comment_info":"","_links":{"self":[{"href":"https:\/\/fts.you2.pl\/en\/wp-json\/wp\/v2\/product\/3294","targetHints":{"allow":["GET"]}}],"collection":[{"href":"https:\/\/fts.you2.pl\/en\/wp-json\/wp\/v2\/product"}],"about":[{"href":"https:\/\/fts.you2.pl\/en\/wp-json\/wp\/v2\/types\/product"}],"wp:featuredmedia":[{"embeddable":true,"href":"https:\/\/fts.you2.pl\/en\/wp-json\/wp\/v2\/media\/16022"}],"wp:attachment":[{"href":"https:\/\/fts.you2.pl\/en\/wp-json\/wp\/v2\/media?parent=3294"}],"wp:term":[{"taxonomy":"product_brand","embeddable":true,"href":"https:\/\/fts.you2.pl\/en\/wp-json\/wp\/v2\/product_brand?post=3294"},{"taxonomy":"product_cat","embeddable":true,"href":"https:\/\/fts.you2.pl\/en\/wp-json\/wp\/v2\/product_cat?post=3294"},{"taxonomy":"product_tag","embeddable":true,"href":"https:\/\/fts.you2.pl\/en\/wp-json\/wp\/v2\/product_tag?post=3294"}],"curies":[{"name":"wp","href":"https:\/\/api.w.org\/{rel}","templated":true}]}}