{"id":3295,"date":"2025-08-25T15:56:36","date_gmt":"2025-08-25T13:56:36","guid":{"rendered":"https:\/\/fts.you2.pl\/index.php\/produkt\/koszulka-pilkarska-arsenal-fc-2015-16-home-s\/"},"modified":"2025-09-19T18:17:55","modified_gmt":"2025-09-19T16:17:55","slug":"koszulka-pilkarska-arsenal-fc-2015-16-home-s","status":"publish","type":"product","link":"https:\/\/fts.you2.pl\/en\/koszulka-pilkarska-arsenal-fc-2015-16-home-s\/","title":{"rendered":"Koszulka pi\u0142karska Arsenal FC 2015\/16 Home [S]"},"content":{"rendered":"<p><strong>Klub:<\/strong> Arsenal FC<\/p>\n<p><strong>Sezon:<\/strong> 2015\/16 Home<\/p>\n<p><strong>Rozmiar: <\/strong>S<\/p>\n<p><strong>Stan:<\/strong> S\u0142aby &#8211; dwa brakuj\u0105ce guziki, nieznacznie pop\u0119kany nadruk sponsora oraz kilka mikro zaci\u0105gni\u0119\u0107 i zabrudze\u0144.<\/p>\n<p><strong>Wymiary (szeroko\u015b\u0107 pod pachami\/d\u0142ugo\u015b\u0107) w cm: <\/strong>46\/66(prz\u00f3d), 72(ty\u0142)<\/p>","protected":false},"excerpt":{"rendered":"<p data-start=\"0\" data-end=\"81\"><strong data-start=\"0\" data-end=\"79\">Oryginalna koszulka pi\u0142karska Arsenal FC z sezonu 2015\/16 \u2013 produkcji Pumy.<\/strong><\/p>\n<p data-start=\"83\" data-end=\"435\">Ta <strong data-start=\"86\" data-end=\"144\">oryginalna domowa koszulka Arsenal FC z sezonu 2015\/16<\/strong>, wyprodukowana przez <strong data-start=\"166\" data-end=\"174\">Pum\u0119<\/strong>, to elegancki model w klasycznych <strong data-start=\"209\" data-end=\"251\">czerwono-bia\u0142ych barwach \u201eThe Gunners\u201d<\/strong>. Projekt wyr\u00f3\u017cnia si\u0119 nowoczesnym krojem z subtelnymi z\u0142otymi detalami oraz charakterystycznym <strong data-start=\"347\" data-end=\"389\">bia\u0142ym panelem na r\u0119kawach i ramionach<\/strong>, kt\u00f3re dodaj\u0105 koszulce wyj\u0105tkowej estetyki.<\/p>\n<p data-start=\"437\" data-end=\"768\">Na froncie widnieje <strong data-start=\"457\" data-end=\"474\">herb Arsenalu<\/strong>, logo <strong data-start=\"481\" data-end=\"489\">Pumy<\/strong> oraz znak sponsora <strong data-start=\"509\" data-end=\"525\">Fly Emirates<\/strong>, tworz\u0105c zestaw element\u00f3w doskonale znany kibicom z Emirates Stadium. Koszulka wykonana zosta\u0142a z materia\u0142u w technologii <strong data-start=\"648\" data-end=\"665\">Puma Dry Cell<\/strong>, kt\u00f3ra zapewnia\u0142a zawodnikom <strong data-start=\"695\" data-end=\"730\">lekko\u015b\u0107, przewiewno\u015b\u0107 i komfort<\/strong> podczas gry na najwy\u017cszym poziomie.<\/p>\n<p data-start=\"770\" data-end=\"1207\">Sezon <strong data-start=\"776\" data-end=\"787\">2015\/16<\/strong> by\u0142 dla Arsenalu pe\u0142en emocji \u2013 dru\u017cyna prowadzona przez <strong data-start=\"845\" data-end=\"865\">Ars\u00e8ne\u2019a Wengera<\/strong> zako\u0144czy\u0142a rozgrywki Premier League na <strong data-start=\"905\" data-end=\"919\">2. miejscu<\/strong>, ust\u0119puj\u0105c jedynie Leicester City w ich historycznym mistrzowskim biegu. Kluczowymi postaciami zespo\u0142u byli w\u00f3wczas m.in. <strong data-start=\"1042\" data-end=\"1056\">Mesut \u00d6zil<\/strong>, kt\u00f3ry zanotowa\u0142 rekordow\u0105 liczb\u0119 asyst, <strong data-start=\"1098\" data-end=\"1161\">Alexis S\u00e1nchez, Olivier Giroud, Santi Cazorla czy Petr \u010cech<\/strong>, daj\u0105c kibicom wiele niezapomnianych chwil.<\/p>\n<p data-start=\"1209\" data-end=\"1448\">Ta koszulka to wyj\u0105tkowa propozycja dla <strong data-start=\"1249\" data-end=\"1299\">kolekcjoner\u00f3w oryginalnych stroj\u00f3w pi\u0142karskich<\/strong> oraz fan\u00f3w Arsenalu, kt\u00f3rzy chc\u0105 posiada\u0107 pami\u0105tk\u0119 z sezonu, w kt\u00f3rym klub by\u0142 najbli\u017cej zdobycia mistrzostwa Anglii w drugiej dekadzie XXI wieku.<\/p>","protected":false},"featured_media":16030,"template":"","meta":{"_kad_blocks_custom_css":"","_kad_blocks_head_custom_js":"","_kad_blocks_body_custom_js":"","_kad_blocks_footer_custom_js":"","_kad_post_transparent":"","_kad_post_title":"","_kad_post_layout":"","_kad_post_sidebar_id":"","_kad_post_content_style":"","_kad_post_vertical_padding":"","_kad_post_feature":"","_kad_post_feature_position":"","_kad_post_header":false,"_kad_post_footer":false},"product_brand":[86],"product_cat":[337,32,31],"product_tag":[],"class_list":{"0":"post-3295","1":"product","2":"type-product","3":"status-publish","4":"has-post-thumbnail","6":"product_brand-puma","7":"product_cat-arsenal-fc","8":"product_cat-kluby-angielskie","9":"product_cat-kluby-europejskie","10":"pa_rozmiar-s","12":"first","13":"instock","14":"taxable","15":"shipping-taxable","16":"purchasable","17":"product-type-simple","18":"entry","19":"content-bg","20":"loop-entry"},"taxonomy_info":{"product_brand":[{"value":86,"label":"Puma"}],"product_cat":[{"value":337,"label":"Arsenal FC"},{"value":32,"label":"Kluby Angielskie"},{"value":31,"label":"Kluby Europejskie"}],"pa_rozmiar":[{"value":19,"label":"S"}]},"featured_image_src_large":["https:\/\/fts.you2.pl\/wp-content\/uploads\/2025\/09\/Photoroom_038_20250825_124353-1024x1024.png",1024,1024,true],"author_info":[],"comment_info":"","_links":{"self":[{"href":"https:\/\/fts.you2.pl\/en\/wp-json\/wp\/v2\/product\/3295","targetHints":{"allow":["GET"]}}],"collection":[{"href":"https:\/\/fts.you2.pl\/en\/wp-json\/wp\/v2\/product"}],"about":[{"href":"https:\/\/fts.you2.pl\/en\/wp-json\/wp\/v2\/types\/product"}],"wp:featuredmedia":[{"embeddable":true,"href":"https:\/\/fts.you2.pl\/en\/wp-json\/wp\/v2\/media\/16030"}],"wp:attachment":[{"href":"https:\/\/fts.you2.pl\/en\/wp-json\/wp\/v2\/media?parent=3295"}],"wp:term":[{"taxonomy":"product_brand","embeddable":true,"href":"https:\/\/fts.you2.pl\/en\/wp-json\/wp\/v2\/product_brand?post=3295"},{"taxonomy":"product_cat","embeddable":true,"href":"https:\/\/fts.you2.pl\/en\/wp-json\/wp\/v2\/product_cat?post=3295"},{"taxonomy":"product_tag","embeddable":true,"href":"https:\/\/fts.you2.pl\/en\/wp-json\/wp\/v2\/product_tag?post=3295"}],"curies":[{"name":"wp","href":"https:\/\/api.w.org\/{rel}","templated":true}]}}