{"id":3296,"date":"2025-08-25T15:56:36","date_gmt":"2025-08-25T13:56:36","guid":{"rendered":"https:\/\/fts.you2.pl\/index.php\/produkt\/bluza-klubowa-arsenal-fc-2012-13-s\/"},"modified":"2025-09-19T18:18:30","modified_gmt":"2025-09-19T16:18:30","slug":"bluza-klubowa-arsenal-fc-2012-13-s","status":"publish","type":"product","link":"https:\/\/fts.you2.pl\/en\/bluza-klubowa-arsenal-fc-2012-13-s\/","title":{"rendered":"Bluza klubowa Arsenal FC 2012\/13 [S]"},"content":{"rendered":"<p><strong>Klub:<\/strong> Arsenal FC<\/p>\n<p><strong>Sezon:<\/strong> 2012\/13<\/p>\n<p><strong>Rozmiar: <\/strong>S<\/p>\n<p><strong>Stan:<\/strong> Doskona\u0142y<\/p>\n<p><strong>Wymiary (szeroko\u015b\u0107 pod pachami\/d\u0142ugo\u015b\u0107) w cm: <\/strong>53\/68<\/p>","protected":false},"excerpt":{"rendered":"<p data-start=\"0\" data-end=\"76\"><strong data-start=\"0\" data-end=\"74\">Oryginalna bluza klubowa Arsenal FC z sezonu 2012\/13 \u2013 produkcji Nike.<\/strong><\/p>\n<p data-start=\"78\" data-end=\"465\">Ta <strong data-start=\"81\" data-end=\"138\">oryginalna bluza klubowa Arsenalu FC z sezonu 2012\/13<\/strong>, wyprodukowana przez <strong data-start=\"160\" data-end=\"168\">Nike<\/strong>, to stylowy i funkcjonalny model w <strong data-start=\"204\" data-end=\"223\">czarnym kolorze<\/strong>, wyr\u00f3\u017cniaj\u0105cy si\u0119 charakterystycznym <strong data-start=\"261\" data-end=\"315\">fioletowo-czerwonym paskiem biegn\u0105cym wzd\u0142u\u017c zamka<\/strong>. Minimalistyczny, a jednocze\u015bnie nowoczesny design idealnie oddaje charakter odzie\u017cy treningowej \u201eThe Gunners\u201d z pocz\u0105tku drugiej dekady XXI wieku.<\/p>\n<p data-start=\"467\" data-end=\"827\">Na piersi znajduje si\u0119 <strong data-start=\"490\" data-end=\"510\">herb Arsenalu FC<\/strong> oraz logo <strong data-start=\"521\" data-end=\"529\">Nike<\/strong>, a ca\u0142o\u015b\u0107 wykonana zosta\u0142a z wysokiej jako\u015bci materia\u0142u o w\u0142a\u015bciwo\u015bciach oddychaj\u0105cych, kt\u00f3ry zapewnia <strong data-start=\"633\" data-end=\"663\">komfort, wygod\u0119 i trwa\u0142o\u015b\u0107<\/strong> zar\u00f3wno podczas codziennego u\u017cytkowania, jak i treningu. Zamek b\u0142yskawiczny umo\u017cliwia \u0142atwe dopasowanie, a elegancki kr\u00f3j nadaje bluzie uniwersalnego charakteru.<\/p>\n<p data-start=\"829\" data-end=\"1226\">Sezon <strong data-start=\"835\" data-end=\"846\">2012\/13<\/strong> by\u0142 dla Arsenalu czasem walki o miejsce w czo\u0142\u00f3wce Premier League \u2013 dru\u017cyna Ars\u00e8ne\u2019a Wengera zako\u0144czy\u0142a rozgrywki na <strong data-start=\"964\" data-end=\"978\">4. miejscu<\/strong>, zapewniaj\u0105c sobie udzia\u0142 w Lidze Mistrz\u00f3w. Kluczow\u0105 rol\u0119 w zespole odgrywali w\u00f3wczas m.in. <strong data-start=\"1071\" data-end=\"1134\">Santi Cazorla, Jack Wilshere, Theo Walcott czy Mikel Arteta<\/strong>, a kibice mogli cieszy\u0107 si\u0119 z powrotu \u201eThe Gunners\u201d do dobrej formy w ko\u0144c\u00f3wce rozgrywek.<\/p>\n<p data-start=\"1228\" data-end=\"1446\">Ta bluza to \u015bwietna propozycja dla <strong data-start=\"1263\" data-end=\"1281\">fan\u00f3w Arsenalu<\/strong> oraz <strong data-start=\"1287\" data-end=\"1331\">kolekcjoner\u00f3w klubowej odzie\u017cy sportowej<\/strong>, kt\u00f3rzy chc\u0105 posiada\u0107 autentyczny element garderoby zwi\u0105zanego z dru\u017cyn\u0105 w jednym z wa\u017cnych sezon\u00f3w ery Wengera.<\/p>","protected":false},"featured_media":16043,"template":"","meta":{"_kad_blocks_custom_css":"","_kad_blocks_head_custom_js":"","_kad_blocks_body_custom_js":"","_kad_blocks_footer_custom_js":"","_kad_post_transparent":"","_kad_post_title":"","_kad_post_layout":"","_kad_post_sidebar_id":"","_kad_post_content_style":"","_kad_post_vertical_padding":"","_kad_post_feature":"","_kad_post_feature_position":"","_kad_post_header":false,"_kad_post_footer":false},"product_brand":[55],"product_cat":[337,25,32,31,26],"product_tag":[],"class_list":{"0":"post-3296","1":"product","2":"type-product","3":"status-publish","4":"has-post-thumbnail","6":"product_brand-nike","7":"product_cat-arsenal-fc","8":"product_cat-inne","9":"product_cat-kluby-angielskie","10":"product_cat-kluby-europejskie","11":"product_cat-kurtki-bluzy-trening","12":"pa_rozmiar-s","14":"first","15":"instock","16":"taxable","17":"shipping-taxable","18":"purchasable","19":"product-type-simple","20":"entry","21":"content-bg","22":"loop-entry"},"taxonomy_info":{"product_brand":[{"value":55,"label":"Nike"}],"product_cat":[{"value":337,"label":"Arsenal FC"},{"value":25,"label":"Inne"},{"value":32,"label":"Kluby Angielskie"},{"value":31,"label":"Kluby Europejskie"},{"value":26,"label":"Kurtki\/bluzy\/trening"}],"pa_rozmiar":[{"value":19,"label":"S"}]},"featured_image_src_large":["https:\/\/fts.you2.pl\/wp-content\/uploads\/2025\/09\/Photoroom_040_20250825_124353-1024x1024.png",1024,1024,true],"author_info":[],"comment_info":"","_links":{"self":[{"href":"https:\/\/fts.you2.pl\/en\/wp-json\/wp\/v2\/product\/3296","targetHints":{"allow":["GET"]}}],"collection":[{"href":"https:\/\/fts.you2.pl\/en\/wp-json\/wp\/v2\/product"}],"about":[{"href":"https:\/\/fts.you2.pl\/en\/wp-json\/wp\/v2\/types\/product"}],"wp:featuredmedia":[{"embeddable":true,"href":"https:\/\/fts.you2.pl\/en\/wp-json\/wp\/v2\/media\/16043"}],"wp:attachment":[{"href":"https:\/\/fts.you2.pl\/en\/wp-json\/wp\/v2\/media?parent=3296"}],"wp:term":[{"taxonomy":"product_brand","embeddable":true,"href":"https:\/\/fts.you2.pl\/en\/wp-json\/wp\/v2\/product_brand?post=3296"},{"taxonomy":"product_cat","embeddable":true,"href":"https:\/\/fts.you2.pl\/en\/wp-json\/wp\/v2\/product_cat?post=3296"},{"taxonomy":"product_tag","embeddable":true,"href":"https:\/\/fts.you2.pl\/en\/wp-json\/wp\/v2\/product_tag?post=3296"}],"curies":[{"name":"wp","href":"https:\/\/api.w.org\/{rel}","templated":true}]}}