{"id":3300,"date":"2025-08-26T11:11:23","date_gmt":"2025-08-26T09:11:23","guid":{"rendered":"https:\/\/fts.you2.pl\/index.php\/produkt\/kawa-ziarnista-fts-blend-05-kg\/"},"modified":"2025-09-19T18:21:38","modified_gmt":"2025-09-19T16:21:38","slug":"kawa-ziarnista-fts-blend-05-kg","status":"publish","type":"product","link":"https:\/\/fts.you2.pl\/en\/kawa-ziarnista-fts-blend-05-kg\/","title":{"rendered":"Kawa ziarnista FTS Blend [0,5 kg]"},"content":{"rendered":"<p><strong>Nazwa:<\/strong> FTS Blend<\/p>\n<p><strong>Kraj:<\/strong> Brazylia \/ Gwatemala<\/p>\n<p><strong>Typ:<\/strong> Arabica 100%<\/p>\n<p><strong>Obr\u00f3bka:<\/strong> naturalna + myta<\/p>\n<p><strong>Profil:<\/strong> mleczna czekolada, karmel<\/p>\n<p><strong>Gramatura:<\/strong> 500g<\/p>\n<p><strong>Palarnia:<\/strong> Kawana<\/p>","protected":false},"excerpt":{"rendered":"<p data-start=\"134\" data-end=\"545\"><strong data-start=\"134\" data-end=\"199\">FTS Blend \u2013 autorska mieszanka kawy ziarnistej przygotowana dla Football Thrift Shop.<\/strong><\/p>\n<p data-start=\"134\" data-end=\"545\">Poznaj unikalny smak\u00a0<strong data-start=\"223\" data-end=\"236\">FTS Blend<\/strong>\u00a0\u2013 naszej personalizowanej kawy stworzonej we wsp\u00f3\u0142pracy z gda\u0144sk\u0105 palarni\u0105\u00a0<strong data-start=\"312\" data-end=\"322\">Kawana<\/strong>. To\u00a0<strong data-start=\"327\" data-end=\"343\">100% Arabica<\/strong>\u00a0z plantacji w\u00a0<strong data-start=\"370\" data-end=\"394\">Brazylii i Gwatemali<\/strong>, kt\u00f3re nadaj\u0105 mieszance wyj\u0105tkow\u0105 g\u0142\u0119bi\u0119. W profilu smakowym dominuj\u0105\u00a0<strong data-start=\"465\" data-end=\"502\" data-is-only-node=\"\">nuty mlecznej czekolady i karmelu<\/strong>, idealne do espresso oraz kaw mlecznych. Doskona\u0142a propozycja dla os\u00f3b, kt\u00f3re szukaj\u0105 w kawie s\u0142odyczy oraz braku kwasowo\u015bci.<\/p>\n<p data-start=\"547\" data-end=\"824\"><strong data-start=\"547\" data-end=\"595\">Starannie dobrane ziarna i podw\u00f3jna obr\u00f3bka.<\/strong><br data-start=\"595\" data-end=\"598\" \/>Ziarna poddane zosta\u0142y\u00a0<strong data-start=\"621\" data-end=\"651\">obr\u00f3bce naturalnej i mytej<\/strong>, dzi\u0119ki czemu zachowuj\u0105 swoj\u0105 \u015bwie\u017co\u015b\u0107, pe\u0142ni\u0119 aromatu oraz harmonijn\u0105 s\u0142odycz.\u00a0<strong data-start=\"732\" data-end=\"745\">FTS Blend<\/strong>\u00a0to kawa wypalana w ma\u0142ych partiach, aby zawsze gwarantowa\u0107 najwy\u017csz\u0105 jako\u015b\u0107.<\/p>\n<p data-start=\"547\" data-end=\"824\"><strong>Etykieta<\/strong> r\u00f3wnie\u017c zosta\u0142a w pe\u0142ni spersonalizowana dla nas. Stworzona przez uzdolnion\u0105 tr\u00f3jmiejsk\u0105 graficzk\u0119 <strong>@meryhaze<\/strong> uwzgl\u0119dnia charakterystyczne elementy naszego sklepu stacjonarnego w <strong>Gdyni<\/strong>.<\/p>\n<p data-start=\"826\" data-end=\"1094\"><strong data-start=\"826\" data-end=\"880\">Kawa stworzona z pasji do pi\u0142ki no\u017cnej i dobrego smaku.<\/strong><br data-start=\"880\" data-end=\"883\" \/>W naszej kawiarni i sklepie z\u00a0<strong data-start=\"913\" data-end=\"945\">koszulkami pi\u0142karskimi retro<\/strong>\u00a0stawiamy na autentyczno\u015b\u0107. Dlatego\u00a0<strong data-start=\"981\" data-end=\"994\">FTS Blend<\/strong>\u00a0to nie tylko kawa \u2013 to cz\u0119\u015b\u0107 klimatu, kt\u00f3ry \u0142\u0105czy\u00a0<strong data-start=\"1045\" data-end=\"1091\">pasj\u0119 do pi\u0142ki no\u017cnej i wyj\u0105tkowych smak\u00f3w.<\/strong><\/p>","protected":false},"featured_media":16075,"template":"","meta":{"_kad_blocks_custom_css":"","_kad_blocks_head_custom_js":"","_kad_blocks_body_custom_js":"","_kad_blocks_footer_custom_js":"","_kad_post_transparent":"","_kad_post_title":"","_kad_post_layout":"","_kad_post_sidebar_id":"","_kad_post_content_style":"","_kad_post_vertical_padding":"","_kad_post_feature":"","_kad_post_feature_position":"","_kad_post_header":false,"_kad_post_footer":false},"product_brand":[],"product_cat":[25,466],"product_tag":[],"class_list":{"0":"post-3300","1":"product","2":"type-product","3":"status-publish","4":"has-post-thumbnail","6":"product_cat-inne","7":"product_cat-kawa","9":"first","10":"instock","11":"taxable","12":"shipping-taxable","13":"purchasable","14":"product-type-simple","15":"entry","16":"content-bg","17":"loop-entry"},"taxonomy_info":{"product_cat":[{"value":25,"label":"Inne"},{"value":466,"label":"Kawa"}]},"featured_image_src_large":["https:\/\/fts.you2.pl\/wp-content\/uploads\/2025\/09\/fts_cr-1024x1024.png",1024,1024,true],"author_info":[],"comment_info":"","_links":{"self":[{"href":"https:\/\/fts.you2.pl\/en\/wp-json\/wp\/v2\/product\/3300","targetHints":{"allow":["GET"]}}],"collection":[{"href":"https:\/\/fts.you2.pl\/en\/wp-json\/wp\/v2\/product"}],"about":[{"href":"https:\/\/fts.you2.pl\/en\/wp-json\/wp\/v2\/types\/product"}],"wp:featuredmedia":[{"embeddable":true,"href":"https:\/\/fts.you2.pl\/en\/wp-json\/wp\/v2\/media\/16075"}],"wp:attachment":[{"href":"https:\/\/fts.you2.pl\/en\/wp-json\/wp\/v2\/media?parent=3300"}],"wp:term":[{"taxonomy":"product_brand","embeddable":true,"href":"https:\/\/fts.you2.pl\/en\/wp-json\/wp\/v2\/product_brand?post=3300"},{"taxonomy":"product_cat","embeddable":true,"href":"https:\/\/fts.you2.pl\/en\/wp-json\/wp\/v2\/product_cat?post=3300"},{"taxonomy":"product_tag","embeddable":true,"href":"https:\/\/fts.you2.pl\/en\/wp-json\/wp\/v2\/product_tag?post=3300"}],"curies":[{"name":"wp","href":"https:\/\/api.w.org\/{rel}","templated":true}]}}